{"id":1429,"date":"2025-11-06T13:37:31","date_gmt":"2025-11-06T13:37:31","guid":{"rendered":"https:\/\/lexai.co\/?page_id=1429"},"modified":"2026-01-22T09:33:16","modified_gmt":"2026-01-22T09:33:16","slug":"about","status":"publish","type":"page","link":"https:\/\/lexai.co\/sv\/about\/","title":{"rendered":"Om"},"content":{"rendered":"<div data-elementor-type=\"wp-page\" data-elementor-id=\"1429\" class=\"elementor elementor-1429\">\n\t\t\t\t<div class=\"elementor-element elementor-element-8d19fd7 e-flex e-con-boxed e-con e-parent\" data-id=\"8d19fd7\" data-element_type=\"container\">\n\t\t\t\t\t<div class=\"e-con-inner\">\n\t\t<div class=\"elementor-element elementor-element-eb32c16 e-con-full animated-slow e-flex elementor-invisible e-con e-child\" data-id=\"eb32c16\" data-element_type=\"container\" data-settings=\"{&quot;animation&quot;:&quot;fadeIn&quot;,&quot;animation_mobile&quot;:&quot;fadeIn&quot;}\">\n\t\t\t\t<div class=\"elementor-element elementor-element-cfc825d elementor-widget elementor-widget-heading\" data-id=\"cfc825d\" data-element_type=\"widget\" data-widget_type=\"heading.default\">\n\t\t\t\t\t<h2 class=\"elementor-heading-title elementor-size-default\">Se morgondagens regelverk <\/h2>\t\t\t\t<\/div>\n\t\t\t\t<div class=\"elementor-element elementor-element-e6599f0 elementor-widget elementor-widget-heading\" data-id=\"e6599f0\" data-element_type=\"widget\" data-widget_type=\"heading.default\">\n\t\t\t\t\t<h1 class=\"elementor-heading-title elementor-size-default\">I dag<\/h1>\t\t\t\t<\/div>\n\t\t\t\t<div class=\"elementor-element elementor-element-7ddb699 elementor-widget elementor-widget-text-editor\" data-id=\"7ddb699\" data-element_type=\"widget\" data-widget_type=\"text-editor.default\">\n\t\t\t\t\t\t\t\t\t<p class=\"v1MsoNormal\"><span lang=\"EN-US\">Regelverken utvecklas snabbare \u00e4n vad traditionella metoder f\u00f6r regelefterlevnad kan f\u00f6lja. F\u00f6r organisationer som verkar i flera olika jurisdiktioner \u00e4r det inte l\u00e4ngre valfritt att ligga steget f\u00f6re regel\u00e4ndringar - det \u00e4r ett strategiskt m\u00e5ste.<\/span><\/p>\n<p class=\"v1MsoNormal\"><span lang=\"EN-US\">LEXAI-Consulting fungerar som ett v\u00e4rldsomsp\u00e4nnande kommersiellt nav f\u00f6r LEX AI, den strategiska intelligensplattform som levererar&nbsp;<b>12-18 m\u00e5nader<\/b>&nbsp;f\u00f6rhandsmeddelande om \u00e4ndringar i lagstiftningen. <\/span><\/p>\n<p class=\"v1MsoNormal\"><span lang=\"EN-US\">Genom kontinuerlig \u00f6vervakning av <b>700+ prim\u00e4ra k\u00e4llor<\/b>&nbsp;\u00f6ver&nbsp;<b>27 jurisdiktioner<\/b>, N\u00e4r vi \u00e4r p\u00e5 plats omvandlar vi komplexa regelverk till strategisk klarhet - s\u00e5 att du kan f\u00f6rutse f\u00f6r\u00e4ndringar i st\u00e4llet f\u00f6r att reagera p\u00e5 dem.<\/span><\/p>\t\t\t\t\t\t\t\t<\/div>\n\t\t\t\t<div class=\"elementor-element elementor-element-f184742 elementor-view-default elementor-widget elementor-widget-icon\" data-id=\"f184742\" data-element_type=\"widget\" data-widget_type=\"icon.default\">\n\t\t\t\t\t\t\t<div class=\"elementor-icon-wrapper\">\n\t\t\t<a class=\"elementor-icon\" href=\"#section-3\">\n\t\t\t<svg aria-hidden=\"true\" class=\"e-font-icon-svg e-fas-chevron-circle-down\" viewbox=\"0 0 512 512\" xmlns=\"http:\/\/www.w3.org\/2000\/svg\"><path d=\"M504 256c0 137-111 248-248 248S8 393 8 256 119 8 256 8s248 111 248 248zM273 369.9l135.5-135.5c9.4-9.4 9.4-24.6 0-33.9l-17-17c-9.4-9.4-24.6-9.4-33.9 0L256 285.1 154.4 183.5c-9.4-9.4-24.6-9.4-33.9 0l-17 17c-9.4 9.4-9.4 24.6 0 33.9L239 369.9c9.4 9.4 24.6 9.4 34 0z\"><\/path><\/svg>\t\t\t<\/a>\n\t\t<\/div>\n\t\t\t\t\t\t<\/div>\n\t\t\t\t<\/div>\n\t\t<div class=\"elementor-element elementor-element-5edd10e e-con-full animated-slow e-flex elementor-invisible e-con e-child\" data-id=\"5edd10e\" data-element_type=\"container\" data-settings=\"{&quot;animation&quot;:&quot;fadeIn&quot;,&quot;animation_delay&quot;:500}\">\n\t\t\t\t<div class=\"elementor-element elementor-element-888b832 elementor-widget elementor-widget-image\" data-id=\"888b832\" data-element_type=\"widget\" data-widget_type=\"image.default\">\n\t\t\t\t\t\t\t\t\t\t\t\t\t\t\t<img fetchpriority=\"high\" decoding=\"async\" width=\"512\" height=\"512\" src=\"https:\/\/lexai.co\/wp-content\/uploads\/2025\/11\/Progetto-senza-titolo-44.png\" class=\"attachment-large size-large wp-image-1211\" alt=\"\" srcset=\"https:\/\/lexai.co\/wp-content\/uploads\/2025\/11\/Progetto-senza-titolo-44.png 512w, https:\/\/lexai.co\/wp-content\/uploads\/2025\/11\/Progetto-senza-titolo-44-300x300.png 300w, https:\/\/lexai.co\/wp-content\/uploads\/2025\/11\/Progetto-senza-titolo-44-150x150.png 150w\" sizes=\"(max-width: 512px) 100vw, 512px\" \/>\t\t\t\t\t\t\t\t\t\t\t\t\t\t\t<\/div>\n\t\t\t\t<\/div>\n\t\t\t\t\t<\/div>\n\t\t\t\t<\/div>\n\t\t<div class=\"elementor-element elementor-element-65fad95 e-flex e-con-boxed e-con e-parent\" data-id=\"65fad95\" data-element_type=\"container\" id=\"section-3\">\n\t\t\t\t\t<div class=\"e-con-inner\">\n\t\t<div class=\"elementor-element elementor-element-b10eb77 e-con-full animated-slow e-flex elementor-invisible e-con e-child\" data-id=\"b10eb77\" data-element_type=\"container\" data-settings=\"{&quot;animation&quot;:&quot;fadeIn&quot;,&quot;animation_mobile&quot;:&quot;fadeIn&quot;}\">\n\t\t<div class=\"elementor-element elementor-element-b19d3f5 e-con-full animated-slow e-flex elementor-invisible e-con e-child\" data-id=\"b19d3f5\" data-element_type=\"container\" id=\"#section-4\" data-settings=\"{&quot;animation&quot;:&quot;fadeIn&quot;,&quot;animation_mobile&quot;:&quot;fadeIn&quot;}\">\n\t\t\t\t<div class=\"elementor-element elementor-element-e932696 elementor-widget elementor-widget-heading\" data-id=\"e932696\" data-element_type=\"widget\" data-widget_type=\"heading.default\">\n\t\t\t\t\t<h1 class=\"elementor-heading-title elementor-size-default\">12-18 m\u00e5nader<\/h1>\t\t\t\t<\/div>\n\t\t\t\t<div class=\"elementor-element elementor-element-5813940 elementor-widget elementor-widget-heading\" data-id=\"5813940\" data-element_type=\"widget\" data-widget_type=\"heading.default\">\n\t\t\t\t\t<h2 class=\"elementor-heading-title elementor-size-default\">F\u00f6rhandsbesked om regel\u00e4ndringar<\/h2>\t\t\t\t<\/div>\n\t\t\t\t<div class=\"elementor-element elementor-element-b367280 elementor-widget elementor-widget-text-editor\" data-id=\"b367280\" data-element_type=\"widget\" data-widget_type=\"text-editor.default\">\n\t\t\t\t\t\t\t\t\t<p class=\"v1MsoNormal\"><span lang=\"EN-US\">Vi levererar 12-18 m\u00e5naders f\u00f6rvarning om regel\u00e4ndringar i 27 jurisdiktioner - och f\u00f6rvandlar juridiska team och compliance-team fr\u00e5n reaktiva brandm\u00e4n till strategiska r\u00e5dgivare.<\/span><\/p><p>\u00a0<\/p><p class=\"v1MsoNormal\"><span lang=\"EN-US\">Denna framf\u00f6rh\u00e5llning m\u00f6jligg\u00f6r proaktivt beslutsfattande, optimal timing p\u00e5 marknaden och f\u00f6rm\u00e5gan att v\u00e4nda f\u00f6r\u00e4ndringar i regelverket till konkurrensf\u00f6rdelar. <\/span><\/p><p>\u00a0<\/p><p class=\"v1MsoNormal\"><span lang=\"EN-US\">V\u00e5rt strategiska partnerskap med\u00a0<a href=\"https:\/\/www.deloitte.com\/de\" target=\"_blank\" rel=\"noopener noreferrer\">Deloitte<\/a>\u00a0kombinerar AI-driven intelligens med djupg\u00e5ende expertis inom reglering och f\u00f6rser globala f\u00f6retag och offentliga institutioner med b\u00e5de innovation och institutionellt f\u00f6rtroende.<\/span><\/p>\t\t\t\t\t\t\t\t<\/div>\n\t\t<div class=\"elementor-element elementor-element-93dd3dc e-con-full e-flex e-con e-child\" data-id=\"93dd3dc\" data-element_type=\"container\">\n\t\t\t\t<div class=\"elementor-element elementor-element-4382fef uiverse-btn elementor-invisible elementor-widget elementor-widget-button\" data-id=\"4382fef\" data-element_type=\"widget\" data-settings=\"{&quot;_animation&quot;:&quot;fadeInUp&quot;,&quot;_animation_delay&quot;:500}\" data-widget_type=\"button.default\">\n\t\t\t\t\t\t\t\t\t\t<a class=\"elementor-button elementor-button-link elementor-size-sm\" href=\"https:\/\/lexai.co\/sv\/roi-calculator\/\">\n\t\t\t\t\t\t<span class=\"elementor-button-content-wrapper\">\n\t\t\t\t\t\t\t\t\t<span class=\"elementor-button-text\">Ber\u00e4kna din avkastning p\u00e5 investerat kapital<\/span>\n\t\t\t\t\t<\/span>\n\t\t\t\t\t<\/a>\n\t\t\t\t\t\t\t\t<\/div>\n\t\t\t\t<\/div>\n\t\t\t\t<\/div>\n\t\t\t\t<\/div>\n\t\t<div class=\"elementor-element elementor-element-7eb0fad e-con-full animated-slow e-flex elementor-invisible e-con e-child\" data-id=\"7eb0fad\" data-element_type=\"container\" data-settings=\"{&quot;animation&quot;:&quot;fadeIn&quot;,&quot;animation_delay&quot;:500}\">\n\t\t\t\t<div class=\"elementor-element elementor-element-b3ea636 elementor-widget elementor-widget-image\" data-id=\"b3ea636\" data-element_type=\"widget\" data-widget_type=\"image.default\">\n\t\t\t\t\t\t\t\t\t\t\t\t\t\t\t<img decoding=\"async\" width=\"800\" height=\"555\" src=\"https:\/\/lexai.co\/wp-content\/uploads\/2026\/01\/LEXAI-Desktop-ABOUT.png\" class=\"attachment-large size-large wp-image-4149\" alt=\"\" srcset=\"https:\/\/lexai.co\/wp-content\/uploads\/2026\/01\/LEXAI-Desktop-ABOUT.png 865w, https:\/\/lexai.co\/wp-content\/uploads\/2026\/01\/LEXAI-Desktop-ABOUT-300x208.png 300w, https:\/\/lexai.co\/wp-content\/uploads\/2026\/01\/LEXAI-Desktop-ABOUT-768x533.png 768w, https:\/\/lexai.co\/wp-content\/uploads\/2026\/01\/LEXAI-Desktop-ABOUT-18x12.png 18w, https:\/\/lexai.co\/wp-content\/uploads\/2026\/01\/LEXAI-Desktop-ABOUT-600x416.png 600w\" sizes=\"(max-width: 800px) 100vw, 800px\" \/>\t\t\t\t\t\t\t\t\t\t\t\t\t\t\t<\/div>\n\t\t\t\t<\/div>\n\t\t\t\t\t<\/div>\n\t\t\t\t<\/div>\n\t\t<div class=\"elementor-element elementor-element-808631b e-flex e-con-boxed e-con e-parent\" data-id=\"808631b\" data-element_type=\"container\" id=\"section-4\" data-settings=\"{&quot;animation&quot;:&quot;none&quot;}\">\n\t\t\t\t\t<div class=\"e-con-inner\">\n\t\t<div class=\"elementor-element elementor-element-450e424 e-con-full e-flex e-con e-child\" data-id=\"450e424\" data-element_type=\"container\">\n\t\t\t\t<div class=\"elementor-element elementor-element-925156e animated-slow elementor-invisible elementor-widget elementor-widget-heading\" data-id=\"925156e\" data-element_type=\"widget\" data-settings=\"{&quot;_animation&quot;:&quot;fadeIn&quot;,&quot;_animation_delay&quot;:1000}\" data-widget_type=\"heading.default\">\n\t\t\t\t\t<h2 class=\"elementor-heading-title elementor-size-default\">Se i morgon.<\/h2>\t\t\t\t<\/div>\n\t\t\t\t<div class=\"elementor-element elementor-element-659e68b animated-slow elementor-invisible elementor-widget elementor-widget-heading\" data-id=\"659e68b\" data-element_type=\"widget\" data-settings=\"{&quot;_animation&quot;:&quot;fadeIn&quot;,&quot;_animation_delay&quot;:1500}\" data-widget_type=\"heading.default\">\n\t\t\t\t\t<h2 class=\"elementor-heading-title elementor-size-default\">Leda det idag.<\/h2>\t\t\t\t<\/div>\n\t\t\t\t<\/div>\n\t\t\t\t\t<\/div>\n\t\t\t\t<\/div>\n\t\t<div class=\"elementor-element elementor-element-2082974 e-flex e-con-boxed e-con e-parent\" data-id=\"2082974\" data-element_type=\"container\">\n\t\t\t\t\t<div class=\"e-con-inner\">\n\t\t<div class=\"elementor-element elementor-element-a66f716 e-con-full animated-slow e-flex elementor-invisible e-con e-child\" data-id=\"a66f716\" data-element_type=\"container\" data-settings=\"{&quot;animation&quot;:&quot;fadeIn&quot;,&quot;animation_mobile&quot;:&quot;fadeIn&quot;}\">\n\t\t\t\t<div class=\"elementor-element elementor-element-623937c elementor-widget elementor-widget-heading\" data-id=\"623937c\" data-element_type=\"widget\" data-widget_type=\"heading.default\">\n\t\t\t\t\t<h1 class=\"elementor-heading-title elementor-size-default\">Omdefiniering av efterlevnad<\/h1>\t\t\t\t<\/div>\n\t\t\t\t<div class=\"elementor-element elementor-element-38269bf elementor-widget elementor-widget-heading\" data-id=\"38269bf\" data-element_type=\"widget\" data-widget_type=\"heading.default\">\n\t\t\t\t\t<h2 class=\"elementor-heading-title elementor-size-default\">Genom AI och global expertis\n<\/h2>\t\t\t\t<\/div>\n\t\t\t\t<div class=\"elementor-element elementor-element-87c7b3b elementor-widget elementor-widget-text-editor\" data-id=\"87c7b3b\" data-element_type=\"widget\" data-widget_type=\"text-editor.default\">\n\t\t\t\t\t\t\t\t\t<p><b>V\u00e5rt partnerskap med Deloitte<\/b><span style=\"font-weight: 400;\"> \u00e4r ett dj\u00e4rvt steg mot att omdefiniera regelefterlevnad f\u00f6r den digitala tids\u00e5ldern. Tillsammans f\u00f6renar vi Deloittes globala ledarskap inom revision och riskhantering med LEX AI:s banbrytande artificiella intelligens f\u00f6r att leverera l\u00f6sningar som g\u00e5r ut\u00f6ver regelefterlevnad - de skapar konkurrensf\u00f6rdelar.<\/span><\/p><p><span style=\"font-weight: 400;\">Varje dag skannar v\u00e5r AI-plattform \u00f6ver 700 internationella k\u00e4llor f\u00f6r att f\u00f6rutse regel\u00e4ndringar innan de p\u00e5verkar din verksamhet. Detta proaktiva tillv\u00e4gag\u00e5ngss\u00e4tt g\u00f6r det m\u00f6jligt f\u00f6r f\u00f6retag att ligga steget f\u00f6re, minska riskerna och frig\u00f6ra effektivitet i stor skala.<\/span><\/p><p><span style=\"font-weight: 400;\">Genom att tillsammans med Deloitte utveckla automatiserade, granskningsbara arbetsfl\u00f6den s\u00e4tter vi en ny standard f\u00f6r transparens och f\u00f6rtroende. Resultatet? Efterlevnadsprocesser som inte bara \u00e4r s\u00e4kra och h\u00e5llbara utan som ocks\u00e5 p\u00e5skyndar tillv\u00e4xt och innovation f\u00f6r v\u00e4rldens mest ambiti\u00f6sa f\u00f6retag.<\/span><\/p>\t\t\t\t\t\t\t\t<\/div>\n\t\t\t\t<\/div>\n\t\t<div class=\"elementor-element elementor-element-c207237 e-con-full animated-slow e-flex elementor-invisible e-con e-child\" data-id=\"c207237\" data-element_type=\"container\" data-settings=\"{&quot;animation&quot;:&quot;fadeIn&quot;,&quot;animation_delay&quot;:500}\">\n\t\t\t\t<div class=\"elementor-element elementor-element-54eb26d elementor-widget elementor-widget-image\" data-id=\"54eb26d\" data-element_type=\"widget\" data-widget_type=\"image.default\">\n\t\t\t\t\t\t\t\t\t\t\t\t\t\t\t<img decoding=\"async\" width=\"800\" height=\"260\" src=\"https:\/\/lexai.co\/wp-content\/uploads\/2025\/10\/deloitte-logo-png-transparent-e1762356681668-1024x333.webp\" class=\"attachment-large size-large wp-image-431\" alt=\"\" srcset=\"https:\/\/lexai.co\/wp-content\/uploads\/2025\/10\/deloitte-logo-png-transparent-e1762356681668-1024x333.webp 1024w, https:\/\/lexai.co\/wp-content\/uploads\/2025\/10\/deloitte-logo-png-transparent-e1762356681668-300x98.webp 300w, https:\/\/lexai.co\/wp-content\/uploads\/2025\/10\/deloitte-logo-png-transparent-e1762356681668-768x250.webp 768w, https:\/\/lexai.co\/wp-content\/uploads\/2025\/10\/deloitte-logo-png-transparent-e1762356681668-1536x499.webp 1536w, https:\/\/lexai.co\/wp-content\/uploads\/2025\/10\/deloitte-logo-png-transparent-e1762356681668-600x195.webp 600w, https:\/\/lexai.co\/wp-content\/uploads\/2025\/10\/deloitte-logo-png-transparent-e1762356681668.webp 1920w\" sizes=\"(max-width: 800px) 100vw, 800px\" \/>\t\t\t\t\t\t\t\t\t\t\t\t\t\t\t<\/div>\n\t\t\t\t<\/div>\n\t\t\t\t\t<\/div>\n\t\t\t\t<\/div>\n\t\t<div class=\"elementor-element elementor-element-f7a2113 e-flex e-con-boxed e-con e-parent\" data-id=\"f7a2113\" data-element_type=\"container\">\n\t\t\t\t\t<div class=\"e-con-inner\">\n\t\t<div class=\"elementor-element elementor-element-7003700 e-con-full animated-slow e-flex elementor-invisible e-con e-child\" data-id=\"7003700\" data-element_type=\"container\" data-settings=\"{&quot;animation&quot;:&quot;fadeInUp&quot;,&quot;animation_delay&quot;:1500}\">\n\t\t\t\t<div class=\"elementor-element elementor-element-aaf60e5 elementor-widget elementor-widget-heading\" data-id=\"aaf60e5\" data-element_type=\"widget\" data-widget_type=\"heading.default\">\n\t\t\t\t\t<h2 class=\"elementor-heading-title elementor-size-default\">\u00c4r du redo att f\u00f6r\u00e4ndra din juridiska verksamhet?<\/h2>\t\t\t\t<\/div>\n\t\t\t\t<div class=\"elementor-element elementor-element-813c2eb elementor-widget elementor-widget-text-editor\" data-id=\"813c2eb\" data-element_type=\"widget\" data-widget_type=\"text-editor.default\">\n\t\t\t\t\t\t\t\t\t<p>Bli en del av Fortune 500-f\u00f6retag och myndigheter som anv\u00e4nder LEX AI f\u00f6r att ligga steget f\u00f6re regel\u00e4ndringar<\/p>\t\t\t\t\t\t\t\t<\/div>\n\t\t<div class=\"elementor-element elementor-element-d1ff2bf e-con-full e-flex e-con e-child\" data-id=\"d1ff2bf\" data-element_type=\"container\">\n\t\t\t\t<div class=\"elementor-element elementor-element-1197ee8 uiverse-btn elementor-invisible elementor-widget elementor-widget-button\" data-id=\"1197ee8\" data-element_type=\"widget\" data-settings=\"{&quot;_animation&quot;:&quot;fadeInUp&quot;,&quot;_animation_delay&quot;:500}\" data-widget_type=\"button.default\">\n\t\t\t\t\t\t\t\t\t\t<a class=\"elementor-button elementor-button-link elementor-size-sm\" href=\"https:\/\/lexai.co\/sv\/contact\/\">\n\t\t\t\t\t\t<span class=\"elementor-button-content-wrapper\">\n\t\t\t\t\t\t\t\t\t<span class=\"elementor-button-text\">Ta kontakt med oss<\/span>\n\t\t\t\t\t<\/span>\n\t\t\t\t\t<\/a>\n\t\t\t\t\t\t\t\t<\/div>\n\t\t\t\t<\/div>\n\t\t\t\t<\/div>\n\t\t\t\t\t<\/div>\n\t\t\t\t<\/div>\n\t\t\t\t<\/div>","protected":false},"excerpt":{"rendered":"<p>See Tomorrow&#8217;s Regulations Today Regulatory landscapes evolve faster than traditional compliance methods can track. For organizations operating across multiple jurisdictions, staying ahead of regulatory change is no longer optional &#8211; it&#8217;s a strategic imperative. LEXAI-Consulting serves as a worldwide commercial hub for LEX AI, the strategic intelligence platform that delivers&nbsp;12-18 months&nbsp;advance notice of regulatory changes. [&hellip;]<\/p>","protected":false},"author":3,"featured_media":0,"parent":0,"menu_order":0,"comment_status":"closed","ping_status":"closed","template":"","meta":{"two_page_speed":[],"footnotes":""},"class_list":["post-1429","page","type-page","status-publish","hentry"],"_links":{"self":[{"href":"https:\/\/lexai.co\/sv\/wp-json\/wp\/v2\/pages\/1429","targetHints":{"allow":["GET"]}}],"collection":[{"href":"https:\/\/lexai.co\/sv\/wp-json\/wp\/v2\/pages"}],"about":[{"href":"https:\/\/lexai.co\/sv\/wp-json\/wp\/v2\/types\/page"}],"author":[{"embeddable":true,"href":"https:\/\/lexai.co\/sv\/wp-json\/wp\/v2\/users\/3"}],"replies":[{"embeddable":true,"href":"https:\/\/lexai.co\/sv\/wp-json\/wp\/v2\/comments?post=1429"}],"version-history":[{"count":0,"href":"https:\/\/lexai.co\/sv\/wp-json\/wp\/v2\/pages\/1429\/revisions"}],"wp:attachment":[{"href":"https:\/\/lexai.co\/sv\/wp-json\/wp\/v2\/media?parent=1429"}],"curies":[{"name":"wp","href":"https:\/\/api.w.org\/{rel}","templated":true}]}}