{"id":567,"date":"2025-10-30T10:24:11","date_gmt":"2025-10-30T10:24:11","guid":{"rendered":"https:\/\/lexai.co\/?page_id=567"},"modified":"2026-01-26T11:31:49","modified_gmt":"2026-01-26T11:31:49","slug":"contact","status":"publish","type":"page","link":"https:\/\/lexai.co\/pt\/contact\/","title":{"rendered":"Contato"},"content":{"rendered":"<div data-elementor-type=\"wp-page\" data-elementor-id=\"567\" class=\"elementor elementor-567\">\n\t\t\t\t<div class=\"elementor-element elementor-element-a5bbb00 e-flex e-con-boxed e-con e-parent\" data-id=\"a5bbb00\" data-element_type=\"container\">\n\t\t\t\t\t<div class=\"e-con-inner\">\n\t\t<div class=\"elementor-element elementor-element-e34f9aa e-con-full animated-slow e-flex elementor-invisible e-con e-child\" data-id=\"e34f9aa\" data-element_type=\"container\" data-settings=\"{&quot;animation&quot;:&quot;fadeIn&quot;,&quot;animation_mobile&quot;:&quot;fadeIn&quot;}\">\n\t\t\t\t<div class=\"elementor-element elementor-element-2d064ad elementor-widget elementor-widget-heading\" data-id=\"2d064ad\" data-element_type=\"widget\" data-widget_type=\"heading.default\">\n\t\t\t\t\t<h1 class=\"elementor-heading-title elementor-size-default\">Entre em contato<\/h1>\t\t\t\t<\/div>\n\t\t\t\t<div class=\"elementor-element elementor-element-9a162b1 elementor-widget elementor-widget-text-editor\" data-id=\"9a162b1\" data-element_type=\"widget\" data-widget_type=\"text-editor.default\">\n\t\t\t\t\t\t\t\t\t<p><span style=\"font-weight: 400;\">Se estiver explorando a colabora\u00e7\u00e3o, precisar de orienta\u00e7\u00e3o especializada ou quiser saber mais sobre nossas solu\u00e7\u00f5es, <strong>A equipe de IA da LEX est\u00e1 aqui para ajudar<\/strong>.<\/span><\/p><p>\u00a0<\/p><p><span style=\"font-weight: 400;\">Entre em contato e n\u00f3s o colocaremos em contato com o especialista certo para levar seu projeto adiante.<\/span><\/p><p>\u00a0<\/p><p><span style=\"font-weight: 400;\">Atendemos organiza\u00e7\u00f5es que s\u00e3o<\/span><\/p>\t\t\t\t\t\t\t\t<\/div>\n\t\t<div class=\"elementor-element elementor-element-b88d437 e-con-full e-flex e-con e-child\" data-id=\"b88d437\" data-element_type=\"container\">\n\t\t\t\t<div class=\"elementor-element elementor-element-3f97e0c elementor-widget elementor-widget-image\" data-id=\"3f97e0c\" data-element_type=\"widget\" data-widget_type=\"image.default\">\n\t\t\t\t\t\t\t\t\t\t\t\t\t\t\t<img fetchpriority=\"high\" decoding=\"async\" width=\"600\" height=\"600\" src=\"https:\/\/lexai.co\/wp-content\/uploads\/2026\/01\/fortune-500.png\" class=\"attachment-full size-full wp-image-4222\" alt=\"\" srcset=\"https:\/\/lexai.co\/wp-content\/uploads\/2026\/01\/fortune-500.png 600w, https:\/\/lexai.co\/wp-content\/uploads\/2026\/01\/fortune-500-300x300.png 300w, https:\/\/lexai.co\/wp-content\/uploads\/2026\/01\/fortune-500-150x150.png 150w, https:\/\/lexai.co\/wp-content\/uploads\/2026\/01\/fortune-500-12x12.png 12w\" sizes=\"(max-width: 600px) 100vw, 600px\" \/>\t\t\t\t\t\t\t\t\t\t\t\t\t\t\t<\/div>\n\t\t\t\t<div class=\"elementor-element elementor-element-289fcfa elementor-widget elementor-widget-image\" data-id=\"289fcfa\" data-element_type=\"widget\" data-widget_type=\"image.default\">\n\t\t\t\t\t\t\t\t\t\t\t\t\t\t\t<img decoding=\"async\" width=\"700\" height=\"401\" src=\"https:\/\/lexai.co\/wp-content\/uploads\/2026\/01\/World-Organizations.png\" class=\"attachment-full size-full wp-image-4219\" alt=\"\" srcset=\"https:\/\/lexai.co\/wp-content\/uploads\/2026\/01\/World-Organizations.png 700w, https:\/\/lexai.co\/wp-content\/uploads\/2026\/01\/World-Organizations-300x172.png 300w, https:\/\/lexai.co\/wp-content\/uploads\/2026\/01\/World-Organizations-18x10.png 18w, https:\/\/lexai.co\/wp-content\/uploads\/2026\/01\/World-Organizations-600x344.png 600w\" sizes=\"(max-width: 700px) 100vw, 700px\" \/>\t\t\t\t\t\t\t\t\t\t\t\t\t\t\t<\/div>\n\t\t\t\t<div class=\"elementor-element elementor-element-f874d46 elementor-widget elementor-widget-image\" data-id=\"f874d46\" data-element_type=\"widget\" data-widget_type=\"image.default\">\n\t\t\t\t\t\t\t\t\t\t\t\t\t\t\t<img decoding=\"async\" width=\"612\" height=\"490\" src=\"https:\/\/lexai.co\/wp-content\/uploads\/2026\/01\/SMEs1.jpg\" class=\"attachment-full size-full wp-image-4220\" alt=\"\" srcset=\"https:\/\/lexai.co\/wp-content\/uploads\/2026\/01\/SMEs1.jpg 612w, https:\/\/lexai.co\/wp-content\/uploads\/2026\/01\/SMEs1-300x240.jpg 300w, https:\/\/lexai.co\/wp-content\/uploads\/2026\/01\/SMEs1-15x12.jpg 15w, https:\/\/lexai.co\/wp-content\/uploads\/2026\/01\/SMEs1-600x480.jpg 600w\" sizes=\"(max-width: 612px) 100vw, 612px\" \/>\t\t\t\t\t\t\t\t\t\t\t\t\t\t\t<\/div>\n\t\t\t\t<div class=\"elementor-element elementor-element-dcf70b0 elementor-widget elementor-widget-image\" data-id=\"dcf70b0\" data-element_type=\"widget\" data-widget_type=\"image.default\">\n\t\t\t\t\t\t\t\t\t\t\t\t\t\t\t<img loading=\"lazy\" decoding=\"async\" width=\"512\" height=\"512\" src=\"https:\/\/lexai.co\/wp-content\/uploads\/2026\/01\/Progetto-senza-titolo-2026-01-26T095633.857.png\" class=\"attachment-full size-full wp-image-4225\" alt=\"\" srcset=\"https:\/\/lexai.co\/wp-content\/uploads\/2026\/01\/Progetto-senza-titolo-2026-01-26T095633.857.png 512w, https:\/\/lexai.co\/wp-content\/uploads\/2026\/01\/Progetto-senza-titolo-2026-01-26T095633.857-300x300.png 300w, https:\/\/lexai.co\/wp-content\/uploads\/2026\/01\/Progetto-senza-titolo-2026-01-26T095633.857-150x150.png 150w, https:\/\/lexai.co\/wp-content\/uploads\/2026\/01\/Progetto-senza-titolo-2026-01-26T095633.857-12x12.png 12w\" sizes=\"(max-width: 512px) 100vw, 512px\" \/>\t\t\t\t\t\t\t\t\t\t\t\t\t\t\t<\/div>\n\t\t\t\t<\/div>\n\t\t\t\t<\/div>\n\t\t<div class=\"elementor-element elementor-element-f963863 e-con-full animated-slow e-flex elementor-invisible e-con e-child\" data-id=\"f963863\" data-element_type=\"container\" data-settings=\"{&quot;animation&quot;:&quot;fadeIn&quot;,&quot;animation_delay&quot;:500}\">\n\t\t\t\t<div class=\"elementor-element elementor-element-8f0980a elementor-mobile-button-align-stretch elementor-widget__width-initial elementor-tablet-button-align-stretch elementor-button-align-stretch elementor-widget elementor-widget-twbb_form\" data-id=\"8f0980a\" data-element_type=\"widget\" data-settings=\"{&quot;step_next_label&quot;:&quot;Next&quot;,&quot;step_previous_label&quot;:&quot;Previous&quot;,&quot;button_width&quot;:&quot;100&quot;,&quot;step_type&quot;:&quot;number_text&quot;,&quot;step_icon_shape&quot;:&quot;circle&quot;}\" data-widget_type=\"twbb_form.default\">\n\t\t\t\t<div class=\"elementor-widget-container\">\n\t\t\t\t\t\t\t<form class=\"elementor-form\" method=\"post\" name=\"New Form\" action=\"\">\n\t\t\t<input type=\"hidden\" name=\"post_id\" value=\"567\"\/>\n\t\t\t<input type=\"hidden\" name=\"form_id\" value=\"8f0980a\"\/>\n\t\t\t<input type=\"hidden\" name=\"referer_title\" value=\"\" \/>\n\n\t\t\t\n\t\t\t<div class=\"elementor-form-fields-wrapper elementor-labels-above\">\n\t\t\t\t\t\t\t\t<div class=\"elementor-field-type-step elementor-field-group elementor-column elementor-field-group-field_c858504 elementor-col-100\">\n\t\t\t\t\t\t\t<div class=\"e-field-step elementor-hidden\" data-label=\"\" data-previousbutton=\"\" data-nextbutton=\"\" data-iconurl=\"\" data-iconlibrary=\"fas fa-star\" data-icon=\"&lt;svg class=&quot;e-font-icon-svg e-fas-star&quot; viewBox=&quot;0 0 576 512&quot; xmlns=&quot;http:\/\/www.w3.org\/2000\/svg&quot;&gt;&lt;path d=&quot;M259.3 17.8L194 150.2 47.9 171.5c-26.2 3.8-36.7 36.1-17.7 54.6l105.7 103-25 145.5c-4.5 26.3 23.2 46 46.4 33.7L288 439.6l130.7 68.7c23.2 12.2 50.9-7.4 46.4-33.7l-25-145.5 105.7-103c19-18.5 8.5-50.8-17.7-54.6L382 150.2 316.7 17.8c-11.7-23.6-45.6-23.9-57.4 0z&quot;&gt;&lt;\/path&gt;&lt;\/svg&gt;\" ><\/div>\n\n\t\t\t\t\t\t<\/div>\n\t\t\t\t\t\t\t\t<div class=\"elementor-field-type-text elementor-field-group elementor-column elementor-field-group-name elementor-col-50 elementor-field-required elementor-mark-required\">\n\t\t\t\t\t\t\t\t\t\t\t\t<label for=\"form-field-name\" class=\"elementor-field-label\">\n\t\t\t\t\t\t\t\tPrimeiro nome\t\t\t\t\t\t\t<\/label>\n\t\t\t\t\t\t\t\t\t\t\t\t\t\t<input size=\"1\" type=\"text\" name=\"form_fields[name]\" id=\"form-field-name\" class=\"elementor-field elementor-size-sm  elementor-field-textual\" required=\"required\" aria-required=\"true\">\n\t\t\t\t\t\t\t\t\t\t\t<\/div>\n\t\t\t\t\t\t\t\t<div class=\"elementor-field-type-text elementor-field-group elementor-column elementor-field-group-field_5ca4517 elementor-col-50 elementor-field-required elementor-mark-required\">\n\t\t\t\t\t\t\t\t\t\t\t\t<label for=\"form-field-field_5ca4517\" class=\"elementor-field-label\">\n\t\t\t\t\t\t\t\tSobrenome\t\t\t\t\t\t\t<\/label>\n\t\t\t\t\t\t\t\t\t\t\t\t\t\t<input size=\"1\" type=\"text\" name=\"form_fields[field_5ca4517]\" id=\"form-field-field_5ca4517\" class=\"elementor-field elementor-size-sm  elementor-field-textual\" required=\"required\" aria-required=\"true\">\n\t\t\t\t\t\t\t\t\t\t\t<\/div>\n\t\t\t\t\t\t\t\t<div class=\"elementor-field-type-email elementor-field-group elementor-column elementor-field-group-email elementor-col-50 elementor-field-required elementor-mark-required\">\n\t\t\t\t\t\t\t\t\t\t\t\t<label for=\"form-field-email\" class=\"elementor-field-label\">\n\t\t\t\t\t\t\t\tE-mail (sem acompanhamento no gmail, hotmail e yahoo)\t\t\t\t\t\t\t<\/label>\n\t\t\t\t\t\t\t\t\t\t\t\t\t\t<input size=\"1\" type=\"email\" name=\"form_fields[email]\" id=\"form-field-email\" class=\"elementor-field elementor-size-sm  elementor-field-textual\" required=\"required\" aria-required=\"true\">\n\t\t\t\t\t\t\t\t\t\t\t<\/div>\n\t\t\t\t\t\t\t\t<div class=\"elementor-field-type-tel elementor-field-group elementor-column elementor-field-group-field_a08eaf9 elementor-col-50 elementor-field-required elementor-mark-required\">\n\t\t\t\t\t\t\t\t\t\t\t\t<label for=\"form-field-field_a08eaf9\" class=\"elementor-field-label\">\n\t\t\t\t\t\t\t\tN\u00famero de telefone\t\t\t\t\t\t\t<\/label>\n\t\t\t\t\t\t\t\t<input size=\"1\" type=\"tel\" name=\"form_fields[field_a08eaf9]\" id=\"form-field-field_a08eaf9\" class=\"elementor-field elementor-size-sm  elementor-field-textual\" required=\"required\" aria-required=\"true\" pattern=\"[0-9()#&amp;+*-=.]+\" title=\"Only numbers and phone characters (#, -, *, etc) are accepted.\">\n\n\t\t\t\t\t\t<\/div>\n\t\t\t\t\t\t\t\t<div class=\"elementor-field-type-text elementor-field-group elementor-column elementor-field-group-field_546f7d3 elementor-col-50 elementor-field-required elementor-mark-required\">\n\t\t\t\t\t\t\t\t\t\t\t\t<label for=\"form-field-field_546f7d3\" class=\"elementor-field-label\">\n\t\t\t\t\t\t\t\tPa\u00eds \/ Regi\u00e3o\t\t\t\t\t\t\t<\/label>\n\t\t\t\t\t\t\t\t\t\t\t\t\t\t<input size=\"1\" type=\"text\" name=\"form_fields[field_546f7d3]\" id=\"form-field-field_546f7d3\" class=\"elementor-field elementor-size-sm  elementor-field-textual\" required=\"required\" aria-required=\"true\">\n\t\t\t\t\t\t\t\t\t\t\t<\/div>\n\t\t\t\t\t\t\t\t<div class=\"elementor-field-type-number elementor-field-group elementor-column elementor-field-group-field_dbe36f2 elementor-col-50 elementor-field-required elementor-mark-required\">\n\t\t\t\t\t\t\t\t\t\t\t\t<label for=\"form-field-field_dbe36f2\" class=\"elementor-field-label\">\n\t\t\t\t\t\t\t\tC\u00f3digo postal\t\t\t\t\t\t\t<\/label>\n\t\t\t\t\t\t\t\t\t<input type=\"number\" name=\"form_fields[field_dbe36f2]\" id=\"form-field-field_dbe36f2\" class=\"elementor-field elementor-size-sm  elementor-field-textual\" required=\"required\" aria-required=\"true\" min=\"\" max=\"\" >\n\t\t\t\t\t\t<\/div>\n\t\t\t\t\t\t\t\t<div class=\"elementor-field-type-step elementor-field-group elementor-column elementor-field-group-field_167cdde elementor-col-100\">\n\t\t\t\t\t\t\t<div class=\"e-field-step elementor-hidden\" data-label=\"Step\" data-previousbutton=\"\" data-nextbutton=\"\" data-iconurl=\"\" data-iconlibrary=\"fas fa-star\" data-icon=\"&lt;svg class=&quot;e-font-icon-svg e-fas-star&quot; viewBox=&quot;0 0 576 512&quot; xmlns=&quot;http:\/\/www.w3.org\/2000\/svg&quot;&gt;&lt;path d=&quot;M259.3 17.8L194 150.2 47.9 171.5c-26.2 3.8-36.7 36.1-17.7 54.6l105.7 103-25 145.5c-4.5 26.3 23.2 46 46.4 33.7L288 439.6l130.7 68.7c23.2 12.2 50.9-7.4 46.4-33.7l-25-145.5 105.7-103c19-18.5 8.5-50.8-17.7-54.6L382 150.2 316.7 17.8c-11.7-23.6-45.6-23.9-57.4 0z&quot;&gt;&lt;\/path&gt;&lt;\/svg&gt;\" ><\/div>\n\n\t\t\t\t\t\t<\/div>\n\t\t\t\t\t\t\t\t<div class=\"elementor-field-type-select elementor-field-group elementor-column elementor-field-group-field_4141ad8 elementor-col-100 elementor-field-required elementor-mark-required\">\n\t\t\t\t\t\t\t\t\t\t\t\t<label for=\"form-field-field_4141ad8\" class=\"elementor-field-label\">\n\t\t\t\t\t\t\t\tCargo\t\t\t\t\t\t\t<\/label>\n\t\t\t\t\t\t\t\t<div class=\"elementor-field elementor-select-wrapper remove-before\">\n\t\t\t<select name=\"form_fields[field_4141ad8]\" id=\"form-field-field_4141ad8\" class=\"elementor-field-textual elementor-size-sm\" required=\"required\" aria-required=\"true\">\n\t\t\t\t\t\t\t\t\t<option value=\"Select\">Selecione<\/option>\n\t\t\t\t\t\t\t\t\t<option value=\"Administrative\">Administrativo<\/option>\n\t\t\t\t\t\t\t\t\t<option value=\"Advisor\/Consultant\">Assessor\/Consultor<\/option>\n\t\t\t\t\t\t\t\t\t<option value=\"Analyst\">Analista<\/option>\n\t\t\t\t\t\t\t\t\t<option value=\"Associate\">Associado<\/option>\n\t\t\t\t\t\t\t\t\t<option value=\"Attorney\/Lawyer\">Advogado<\/option>\n\t\t\t\t\t\t\t\t\t<option value=\"Auditor\">Auditor<\/option>\n\t\t\t\t\t\t\t\t\t<option value=\"Barrister\">Advogado<\/option>\n\t\t\t\t\t\t\t\t\t<option value=\"Business Development\">Desenvolvimento de neg\u00f3cios<\/option>\n\t\t\t\t\t\t\t\t\t<option value=\"Board Member\">Membro do Conselho<\/option>\n\t\t\t\t\t\t\t\t\t<option value=\"Chief Executive Officer (CEO)\">Diretor Executivo (CEO)<\/option>\n\t\t\t\t\t\t\t\t\t<option value=\"Chief Financial Officer (CFO)\">Diretor financeiro (CFO)<\/option>\n\t\t\t\t\t\t\t\t\t<option value=\"Chief Information Officer (CIO)\">Diretor de Informa\u00e7\u00f5es (CIO)<\/option>\n\t\t\t\t\t\t\t\t\t<option value=\"Chief Innovation Officer (CIO)\">Diretor de Inova\u00e7\u00e3o (CIO)<\/option>\n\t\t\t\t\t\t\t\t\t<option value=\"Chief Knowledge Officer (CKO)\">Diretor de Conhecimento (CKO)<\/option>\n\t\t\t\t\t\t\t\t\t<option value=\"Chief Legal Officer (CLO)\">Diretor Jur\u00eddico (CLO)<\/option>\n\t\t\t\t\t\t\t\t\t<option value=\"Chief Operating Officer (COO)\">Diretor de Opera\u00e7\u00f5es (COO)<\/option>\n\t\t\t\t\t\t\t\t\t<option value=\"Chief Technology Officer (CTO)\">Diretor de Tecnologia (CTO)<\/option>\n\t\t\t\t\t\t\t\t\t<option value=\"C-Level Other\">C-Level Outros<\/option>\n\t\t\t\t\t\t\t\t\t<option value=\"Compliance Professional\">Profissional de conformidade<\/option>\n\t\t\t\t\t\t\t\t\t<option value=\"Engineer\">Engenheiro<\/option>\n\t\t\t\t\t\t\t\t\t<option value=\"Finance Professional\">Profissional de finan\u00e7as<\/option>\n\t\t\t\t\t\t\t\t\t<option value=\"Founder\/Owner\/Proprietor\">Fundador\/Propriet\u00e1rio\/Propriet\u00e1rio<\/option>\n\t\t\t\t\t\t\t\t\t<option value=\"General Counsel\">Conselho Geral<\/option>\n\t\t\t\t\t\t\t\t\t<option value=\"Human Resource Professional\">Profissional de Recursos Humanos<\/option>\n\t\t\t\t\t\t\t\t\t<option value=\"IT Director\">Diretor de TI<\/option>\n\t\t\t\t\t\t\t\t\t<option value=\"IT Manager\">Gerente de TI<\/option>\n\t\t\t\t\t\t\t\t\t<option value=\"IT Professional\">Profissional de TI<\/option>\n\t\t\t\t\t\t\t\t\t<option value=\"Judge\">Juiz<\/option>\n\t\t\t\t\t\t\t\t\t<option value=\"Knowledge Director\">Diretor de Conhecimento<\/option>\n\t\t\t\t\t\t\t\t\t<option value=\"Knowledge Manager\">Gerente de conhecimento<\/option>\n\t\t\t\t\t\t\t\t\t<option value=\"Librarian\">Bibliotec\u00e1rio<\/option>\n\t\t\t\t\t\t\t\t\t<option value=\"Managing Partner\">S\u00f3cio gerente<\/option>\n\t\t\t\t\t\t\t\t\t<option value=\"Treasurer\/Chair\">Tesoureiro\/Presidente<\/option>\n\t\t\t\t\t\t\t\t\t<option value=\"Operations\">Opera\u00e7\u00f5es<\/option>\n\t\t\t\t\t\t\t\t\t<option value=\"Other \/ Not Applicable\">Outros \/ N\u00e3o aplic\u00e1vel<\/option>\n\t\t\t\t\t\t\t\t\t<option value=\"Paralegal\/Legal Assistant\">Paralegal\/Assistente Jur\u00eddico<\/option>\n\t\t\t\t\t\t\t\t\t<option value=\"Partner\">Parceiro<\/option>\n\t\t\t\t\t\t\t\t\t<option value=\"President\/Vice President\">Presidente\/Vice-Presidente<\/option>\n\t\t\t\t\t\t\t\t\t<option value=\"Principal\">Principal<\/option>\n\t\t\t\t\t\t\t\t\t<option value=\"Supply Chain\">Cadeia de suprimentos<\/option>\n\t\t\t\t\t\t\t\t\t<option value=\"\"><\/option>\n\t\t\t\t\t\t\t<\/select>\n\t\t<\/div>\n\t\t\t\t\t\t<\/div>\n\t\t\t\t\t\t\t\t<div class=\"elementor-field-type-text elementor-field-group elementor-column elementor-field-group-field_9406dee elementor-col-100 elementor-field-required elementor-mark-required\">\n\t\t\t\t\t\t\t\t\t\t\t\t<label for=\"form-field-field_9406dee\" class=\"elementor-field-label\">\n\t\t\t\t\t\t\t\tNome da organiza\u00e7\u00e3o\t\t\t\t\t\t\t<\/label>\n\t\t\t\t\t\t\t\t\t\t\t\t\t\t<input size=\"1\" type=\"text\" name=\"form_fields[field_9406dee]\" id=\"form-field-field_9406dee\" class=\"elementor-field elementor-size-sm  elementor-field-textual\" required=\"required\" aria-required=\"true\">\n\t\t\t\t\t\t\t\t\t\t\t<\/div>\n\t\t\t\t\t\t\t\t<div class=\"elementor-field-type-select elementor-field-group elementor-column elementor-field-group-field_ddf720e elementor-col-100 elementor-field-required elementor-mark-required\">\n\t\t\t\t\t\t\t\t\t\t\t\t<label for=\"form-field-field_ddf720e\" class=\"elementor-field-label\">\n\t\t\t\t\t\t\t\tTipo de organiza\u00e7\u00e3o \t\t\t\t\t\t\t<\/label>\n\t\t\t\t\t\t\t\t<div class=\"elementor-field elementor-select-wrapper remove-before\">\n\t\t\t<select name=\"form_fields[field_ddf720e]\" id=\"form-field-field_ddf720e\" class=\"elementor-field-textual elementor-size-sm\" required=\"required\" aria-required=\"true\">\n\t\t\t\t\t\t\t\t\t<option value=\"Fortune 500 \/ Enterprise\">Fortune 500 \/ Empresa<\/option>\n\t\t\t\t\t\t\t\t\t<option value=\"\"><\/option>\n\t\t\t\t\t\t\t\t\t<option value=\"Large Company\">Empresa de grande porte<\/option>\n\t\t\t\t\t\t\t\t\t<option value=\"\"><\/option>\n\t\t\t\t\t\t\t\t\t<option value=\"SME \/ Small Business\">PME \/ Pequenas empresas<\/option>\n\t\t\t\t\t\t\t\t\t<option value=\"\"><\/option>\n\t\t\t\t\t\t\t\t\t<option value=\"Startup \/ Scaleup\">Inicializa\u00e7\u00e3o \/ Aumento de escala<\/option>\n\t\t\t\t\t\t\t\t\t<option value=\"\"><\/option>\n\t\t\t\t\t\t\t\t\t<option value=\"Law Firm\">Escrit\u00f3rio de advocacia<\/option>\n\t\t\t\t\t\t\t\t\t<option value=\"\"><\/option>\n\t\t\t\t\t\t\t\t\t<option value=\"Consulting Firm\">Empresa de consultoria<\/option>\n\t\t\t\t\t\t\t\t\t<option value=\"\"><\/option>\n\t\t\t\t\t\t\t\t\t<option value=\"Public Sector \/ Regulator\">Setor p\u00fablico\/regulador<\/option>\n\t\t\t\t\t\t\t\t\t<option value=\"\"><\/option>\n\t\t\t\t\t\t\t\t\t<option value=\"Tech \/ SaaS Vendor\">Fornecedor de tecnologia \/ SaaS<\/option>\n\t\t\t\t\t\t\t\t\t<option value=\"\"><\/option>\n\t\t\t\t\t\t\t\t\t<option value=\"Other\">Outros<\/option>\n\t\t\t\t\t\t\t<\/select>\n\t\t<\/div>\n\t\t\t\t\t\t<\/div>\n\t\t\t\t\t\t\t\t<div class=\"elementor-field-type-step elementor-field-group elementor-column elementor-field-group-field_a03184f elementor-col-100\">\n\t\t\t\t\t\t\t<div class=\"e-field-step elementor-hidden\" data-label=\"Step\" data-previousbutton=\"\" data-nextbutton=\"\" data-iconurl=\"\" data-iconlibrary=\"fas fa-star\" data-icon=\"&lt;svg class=&quot;e-font-icon-svg e-fas-star&quot; viewBox=&quot;0 0 576 512&quot; xmlns=&quot;http:\/\/www.w3.org\/2000\/svg&quot;&gt;&lt;path d=&quot;M259.3 17.8L194 150.2 47.9 171.5c-26.2 3.8-36.7 36.1-17.7 54.6l105.7 103-25 145.5c-4.5 26.3 23.2 46 46.4 33.7L288 439.6l130.7 68.7c23.2 12.2 50.9-7.4 46.4-33.7l-25-145.5 105.7-103c19-18.5 8.5-50.8-17.7-54.6L382 150.2 316.7 17.8c-11.7-23.6-45.6-23.9-57.4 0z&quot;&gt;&lt;\/path&gt;&lt;\/svg&gt;\" ><\/div>\n\n\t\t\t\t\t\t<\/div>\n\t\t\t\t\t\t\t\t<div class=\"elementor-field-type-radio elementor-field-group elementor-column elementor-field-group-field_8a63591 elementor-col-100 elementor-field-required elementor-mark-required\">\n\t\t\t\t\t<div class=\"elementor-field-subgroup\"><span class=\"elementor-field-option\"><input type=\"radio\" value=\"I\u2019d like to book a demo\" id=\"form-field-field_8a63591-0\" name=\"form_fields[field_8a63591]\" required=\"required\" aria-required=\"true\"> <label for=\"form-field-field_8a63591-0\">Gostaria de agendar uma demonstra\u00e7\u00e3o<\/label><\/span><span class=\"elementor-field-option\"><input type=\"radio\" value=\"I have a question about the platform\" id=\"form-field-field_8a63591-1\" name=\"form_fields[field_8a63591]\" required=\"required\" aria-required=\"true\"> <label for=\"form-field-field_8a63591-1\">Tenho uma pergunta sobre a plataforma<\/label><\/span><span class=\"elementor-field-option\"><input type=\"radio\" value=\"Other (please specify below)\" id=\"form-field-field_8a63591-2\" name=\"form_fields[field_8a63591]\" required=\"required\" aria-required=\"true\"> <label for=\"form-field-field_8a63591-2\">Outro (especifique abaixo)<\/label><\/span><\/div>\t\t\t\t<\/div>\n\t\t\t\t\t\t\t\t<div class=\"elementor-field-type-textarea elementor-field-group elementor-column elementor-field-group-message elementor-col-100 elementor-field-required elementor-mark-required\">\n\t\t\t\t\t\t\t\t\t\t\t\t<label for=\"form-field-message\" class=\"elementor-field-label\">\n\t\t\t\t\t\t\t\tMensagem\t\t\t\t\t\t\t<\/label>\n\t\t\t\t\t\t<textarea class=\"elementor-field-textual elementor-field  elementor-size-sm\" name=\"form_fields[message]\" id=\"form-field-message\" rows=\"4\" required=\"required\" aria-required=\"true\"><\/textarea>\t\t\t\t<\/div>\n\t\t\t\t\t\t\t\t<div class=\"elementor-field-type-recaptcha elementor-field-group elementor-column elementor-field-group-field_5de85e5 elementor-col-100\">\n\t\t\t\t\t<div class=\"elementor-field\" id=\"form-field-field_5de85e5\"><div class=\"elementor-g-recaptcha\" data-sitekey=\"6LdvF1QsAAAAAEpTQRVrZiOGDHr7QuNksctmOm-L\" data-type=\"v2_checkbox\" data-theme=\"light\" data-size=\"normal\"><\/div><\/div>\t\t\t\t<\/div>\n\t\t\t\t\t\t\t\t<div class=\"elementor-field-group elementor-column elementor-field-type-submit elementor-col-100 e-form__buttons\">\n\t\t\t\t\t<button type=\"submit\" class=\"elementor-button\">\n\t\t\t\t\t\t<span >\n\t\t\t\t\t\t\t\t\t\t\t\t\t\t\t<span class=\"elementor-button-icon\">\n\t\t\t\t\t\t\t\t\t\t\t\t\t\t\t\t\t\t\t\t\t\t\t\t\t\t<\/span>\n\t\t\t\t\t\t\t\t\t\t\t\t\t\t\t\t\t\t\t\t\t\t<span class=\"elementor-button-text\">Enviar<\/span>\n\t\t\t\t\t\t\t\t\t\t\t\t\t<\/span>\n\t\t\t\t\t<\/button>\n          <button type=\"reset\" class=\"elementor-button elementor-hidden\">\n\t\t\t\t\t\t<span >\n\t\t\t\t\t\t\t              \t\t\t\t\t\t<\/span>\n          <\/button>\n\t\t\t\t<\/div>\n            \t\t\t<\/div>\n\t\t<input type=\"hidden\" name=\"trp-form-language\" value=\"pt\"\/><\/form>\n\t\t\t\t\t\t<\/div>\n\t\t\t\t<\/div>\n\t\t\t\t<\/div>\n\t\t\t\t\t<\/div>\n\t\t\t\t<\/div>\n\t\t\t\t<\/div>","protected":false},"excerpt":{"rendered":"<p>Get in Touch Whether you\u2019re exploring collaboration, need expert guidance, or want to learn more about our solutions, LEX AI team is here to help. \u00a0 Reach out and we\u2019ll connect you with the right specialist to move your project forward. \u00a0 We serve organizations that are<\/p>","protected":false},"author":3,"featured_media":0,"parent":0,"menu_order":0,"comment_status":"closed","ping_status":"closed","template":"","meta":{"two_page_speed":[],"footnotes":""},"class_list":["post-567","page","type-page","status-publish","hentry"],"_links":{"self":[{"href":"https:\/\/lexai.co\/pt\/wp-json\/wp\/v2\/pages\/567","targetHints":{"allow":["GET"]}}],"collection":[{"href":"https:\/\/lexai.co\/pt\/wp-json\/wp\/v2\/pages"}],"about":[{"href":"https:\/\/lexai.co\/pt\/wp-json\/wp\/v2\/types\/page"}],"author":[{"embeddable":true,"href":"https:\/\/lexai.co\/pt\/wp-json\/wp\/v2\/users\/3"}],"replies":[{"embeddable":true,"href":"https:\/\/lexai.co\/pt\/wp-json\/wp\/v2\/comments?post=567"}],"version-history":[{"count":0,"href":"https:\/\/lexai.co\/pt\/wp-json\/wp\/v2\/pages\/567\/revisions"}],"wp:attachment":[{"href":"https:\/\/lexai.co\/pt\/wp-json\/wp\/v2\/media?parent=567"}],"curies":[{"name":"wp","href":"https:\/\/api.w.org\/{rel}","templated":true}]}}