{"id":2842,"date":"2025-11-24T10:17:10","date_gmt":"2025-11-24T10:17:10","guid":{"rendered":"https:\/\/lexai.co\/?page_id=2842"},"modified":"2026-02-26T16:10:36","modified_gmt":"2026-02-26T16:10:36","slug":"team","status":"publish","type":"page","link":"https:\/\/lexai.co\/pt\/team\/","title":{"rendered":"Gerenciamento"},"content":{"rendered":"<div data-elementor-type=\"wp-page\" data-elementor-id=\"2842\" class=\"elementor elementor-2842\">\n\t\t\t\t<div class=\"elementor-element elementor-element-95ee742 e-flex e-con-boxed e-con e-parent\" data-id=\"95ee742\" data-element_type=\"container\">\n\t\t\t\t\t<div class=\"e-con-inner\">\n\t\t<div class=\"elementor-element elementor-element-ec0b766 e-con-full e-flex elementor-invisible e-con e-child\" data-id=\"ec0b766\" data-element_type=\"container\" data-settings=\"{&quot;animation&quot;:&quot;fadeInUp&quot;}\">\n\t\t\t\t<div class=\"elementor-element elementor-element-8825dcb elementor-invisible elementor-widget elementor-widget-heading\" data-id=\"8825dcb\" data-element_type=\"widget\" data-settings=\"{&quot;_animation&quot;:&quot;fadeInUp&quot;,&quot;_animation_delay&quot;:500}\" data-widget_type=\"heading.default\">\n\t\t\t\t\t<h2 class=\"elementor-heading-title elementor-size-default\">equipe de fundadores<\/h2>\t\t\t\t<\/div>\n\t\t\t\t<\/div>\n\t\t\t\t\t<\/div>\n\t\t\t\t<\/div>\n\t\t<div class=\"elementor-element elementor-element-f8b38e5 e-flex e-con-boxed elementor-invisible e-con e-parent\" data-id=\"f8b38e5\" data-element_type=\"container\" data-settings=\"{&quot;animation&quot;:&quot;fadeIn&quot;,&quot;animation_delay&quot;:1200}\">\n\t\t\t\t\t<div class=\"e-con-inner\">\n\t\t<div class=\"elementor-element elementor-element-712a1bc e-con-full animated-slow e-flex elementor-invisible e-con e-child\" data-id=\"712a1bc\" data-element_type=\"container\" data-settings=\"{&quot;animation&quot;:&quot;fadeIn&quot;,&quot;animation_mobile&quot;:&quot;fadeIn&quot;}\">\n\t\t\t\t<div class=\"elementor-element elementor-element-bdb5b96 elementor-widget elementor-widget-heading\" data-id=\"bdb5b96\" data-element_type=\"widget\" data-widget_type=\"heading.default\">\n\t\t\t\t\t<h2 class=\"elementor-heading-title elementor-size-default\">Dra. Susann Funke<\/h2>\t\t\t\t<\/div>\n\t\t\t\t<div class=\"elementor-element elementor-element-b36883e elementor-widget elementor-widget-text-editor\" data-id=\"b36883e\" data-element_type=\"widget\" data-widget_type=\"text-editor.default\">\n\t\t\t\t\t\t\t\t\t<p>Especialista em conformidade e ESG<\/p>\t\t\t\t\t\t\t\t<\/div>\n\t\t\t\t<div class=\"elementor-element elementor-element-e262285 elementor-widget elementor-widget-html\" data-id=\"e262285\" data-element_type=\"widget\" data-widget_type=\"html.default\">\n\t\t\t\t\t<!-- Compliance \/ Governance Labels -->\r\n<div class=\"lexai-pills\" aria-label=\"Etiquetas de conformidade e governan\u00e7a\">\r\n  \r\n  <span class=\"lexai-pill\">Diretor Executivo<\/span>\r\n<\/div>\r\n\r\n\r\n\r\n\r\n\r\n\r\n<style>\r\n\/* ===== Lex AI \u2014 Pills (NO button) ===== *\/\r\n:root{\r\n  --lexai-primary:#288ebd;\r\n  --lexai-light:#FAFAFA;\r\n  --lexai-soft:#E9F3F6;\r\n}\r\n\r\n.lexai-pills{\r\n  display:flex;\r\n  flex-wrap:wrap;\r\n  gap:16px;\r\n  align-items:center;\r\n}\r\n\r\n\/* Pill generica: vale per <span> o <a> *\/\r\n.lexai-pills .lexai-pill{\r\n  display:inline-flex;\r\n  align-items:center;\r\n  justify-content:center;\r\n  padding:8px 16px;\r\n  min-height:36px;\r\n  border-radius:999px;\r\n  border:1px solid transparent;\r\n  background:var(--lexai-soft);\r\n  color:var(--lexai-primary);\r\n  font:500 14px\/1.2 system-ui,-apple-system,\"Segoe UI\",Inter,Roboto,Arial,sans-serif;\r\n  letter-spacing:.2px;\r\n  text-decoration:none; \/* per <a> *\/\r\n  cursor:default;       \/* pill statica *\/\r\n  transition:transform .2s ease, box-shadow .25s ease, background .25s ease, color .25s ease, border-color .25s ease;\r\n  white-space:nowrap;\r\n}\r\n\r\n\/* Variante links: rese \u201ccliccabili\u201d senza essere bottoni *\/\r\n.lexai-pills--links .lexai-pill{\r\n  cursor:pointer;\r\n}\r\n\r\n\/* Hover\/focus (solo per link set) *\/\r\n.lexai-pills--links .lexai-pill:hover{\r\n  background:var(--lexai-primary);\r\n  color:var(--lexai-light);\r\n  border-color:var(--lexai-primary);\r\n  box-shadow:0 6px 16px rgba(35,118,124,.25);\r\n  transform:translateY(-1px);\r\n}\r\n\r\n\/* Focus accessibile per <a> *\/\r\n.lexai-pills--links .lexai-pill:focus{\r\n  outline:none;\r\n}\r\n.lexai-pills--links .lexai-pill:focus-visible{\r\n  box-shadow:0 0 0 3px rgba(35,118,124,.35);\r\n}\r\n\r\n\/* Stato attivo\/selezionato (aggiungi .is-active) *\/\r\n.lexai-pills .lexai-pill.is-active{\r\n  background:var(--lexai-primary);\r\n  color:var(--lexai-light);\r\n  border-color:var(--lexai-primary);\r\n}\r\n\r\n\/* Variante outline (opzionale: aggiungi .is-outline) *\/\r\n.lexai-pills .lexai-pill.is-outline{\r\n  background:transparent;\r\n  color:var(--lexai-primary);\r\n  border-color:rgba(35,118,124,.35);\r\n}\r\n.lexai-pills--links .lexai-pill.is-outline:hover{\r\n  background:var(--lexai-primary);\r\n  color:var(--lexai-light);\r\n  border-color:var(--lexai-primary);\r\n}\r\n\r\n\/* Dimensioni (opzionali) *\/\r\n.lexai-pills[data-size=\"sm\"] .lexai-pill{ padding:6px 12px; font-size:13px; min-height:30px; }\r\n.lexai-pills[data-size=\"lg\"] .lexai-pill{ padding:10px 18px; font-size:15px; min-height:40px; }\r\n\r\n\/* Counter badge (aggiungi data-count=\"N\" all\u2019elemento) *\/\r\n.lexai-pills .lexai-pill[data-count]:after{\r\n  content:attr(data-count);\r\n  margin-left:8px;\r\n  padding:.1em .55em;\r\n  border-radius:999px;\r\n  background:rgba(36,36,36,.08);\r\n  color:var(--lexai-dark);\r\n  font-weight:600;\r\n  font-size:.85em;\r\n}\r\n\r\n\/* Mobile *\/\r\n@media (max-width:768px){\r\n  .lexai-pills{ gap:8px; }\r\n  .lexai-pills .lexai-pill{ padding:7px 14px; font-size:13px; }\r\n}\r\n\r\n<\/style>\t\t\t\t<\/div>\n\t\t\t\t<div class=\"elementor-element elementor-element-f37b9cf elementor-widget elementor-widget-text-editor\" data-id=\"f37b9cf\" data-element_type=\"widget\" data-widget_type=\"text-editor.default\">\n\t\t\t\t\t\t\t\t\tResumo executivo\t\t\t\t\t\t\t\t<\/div>\n\t\t\t\t<div class=\"elementor-element elementor-element-d7c8efb elementor-widget elementor-widget-text-editor\" data-id=\"d7c8efb\" data-element_type=\"widget\" data-widget_type=\"text-editor.default\">\n\t\t\t\t\t\t\t\t\t<p>A Dra. Susann Funke tem mais de 15 anos de lideran\u00e7a em estrat\u00e9gia jur\u00eddica, de conformidade e regulat\u00f3ria. Ela orientou com sucesso clientes da Fortune 500 por meio de estruturas de governan\u00e7a complexas e programas de gerenciamento de riscos, garantindo a resili\u00eancia operacional e o crescimento sustent\u00e1vel.<\/p>\t\t\t\t\t\t\t\t<\/div>\n\t\t\t\t<div class=\"elementor-element elementor-element-977a1c1 elementor-widget elementor-widget-text-editor\" data-id=\"977a1c1\" data-element_type=\"widget\" data-widget_type=\"text-editor.default\">\n\t\t\t\t\t\t\t\t\t<p>Anos de experi\u00eancia<\/p>\t\t\t\t\t\t\t\t<\/div>\n\t\t\t\t<div class=\"elementor-element elementor-element-9041178 elementor-widget elementor-widget-text-editor\" data-id=\"9041178\" data-element_type=\"widget\" data-widget_type=\"text-editor.default\">\n\t\t\t\t\t\t\t\t\t<p>Mais de 15 anos em fun\u00e7\u00f5es de lideran\u00e7a jur\u00eddica, de conformidade e regulat\u00f3ria.<\/p>\t\t\t\t\t\t\t\t<\/div>\n\t\t\t\t<div class=\"elementor-element elementor-element-f974b25 elementor-widget elementor-widget-text-editor\" data-id=\"f974b25\" data-element_type=\"widget\" data-widget_type=\"text-editor.default\">\n\t\t\t\t\t\t\t\t\t<p>Credenciais acad\u00eamicas<\/p>\t\t\t\t\t\t\t\t<\/div>\n\t\t\t\t<div class=\"elementor-element elementor-element-677bc8d elementor-widget elementor-widget-text-editor\" data-id=\"677bc8d\" data-element_type=\"widget\" data-widget_type=\"text-editor.default\">\n\t\t\t\t\t\t\t\t\t<ul class=\"c4 lst-kix_list_1-0 start\"><li class=\"c5 li-bullet-0\"><span class=\"c3\">Doutorado em Direito - TU Chemnitz<\/span><\/li><li class=\"c5 li-bullet-0\"><span class=\"c3\">MBA em Gest\u00e3o Estrat\u00e9gica e Risco\/Finan\u00e7as - Edinburgh Business School, Heriot-Watt University<\/span><\/li><li class=\"c5 li-bullet-0\"><span class=\"c3\">Direito - Universidade de Leipzig<\/span><\/li><li class=\"c2 c9 li-bullet-0\"><span class=\"c3\">Economia - TU Chemnitz<\/span><\/li><\/ul>\t\t\t\t\t\t\t\t<\/div>\n\t\t\t\t<\/div>\n\t\t<div class=\"elementor-element elementor-element-05bebac e-con-full animated-slow e-flex elementor-invisible e-con e-child\" data-id=\"05bebac\" data-element_type=\"container\" data-settings=\"{&quot;animation&quot;:&quot;fadeIn&quot;,&quot;animation_mobile&quot;:&quot;fadeIn&quot;}\">\n\t\t\t\t<div class=\"elementor-element elementor-element-5d4a83d elementor-widget elementor-widget-image\" data-id=\"5d4a83d\" data-element_type=\"widget\" data-widget_type=\"image.default\">\n\t\t\t\t\t\t\t\t\t\t\t\t\t\t\t<img fetchpriority=\"high\" decoding=\"async\" width=\"373\" height=\"373\" src=\"https:\/\/lexai.co\/wp-content\/uploads\/2025\/11\/image1.png\" class=\"attachment-large size-large wp-image-2853\" alt=\"\" srcset=\"https:\/\/lexai.co\/wp-content\/uploads\/2025\/11\/image1.png 373w, https:\/\/lexai.co\/wp-content\/uploads\/2025\/11\/image1-300x300.png 300w, https:\/\/lexai.co\/wp-content\/uploads\/2025\/11\/image1-150x150.png 150w\" sizes=\"(max-width: 373px) 100vw, 373px\" \/>\t\t\t\t\t\t\t\t\t\t\t\t\t\t\t<\/div>\n\t\t\t\t<\/div>\n\t\t\t\t\t<\/div>\n\t\t\t\t<\/div>\n\t\t<div class=\"elementor-element elementor-element-dc08175 e-flex e-con-boxed elementor-invisible e-con e-parent\" data-id=\"dc08175\" data-element_type=\"container\" data-settings=\"{&quot;animation&quot;:&quot;fadeIn&quot;,&quot;animation_delay&quot;:1200}\">\n\t\t\t\t\t<div class=\"e-con-inner\">\n\t\t<div class=\"elementor-element elementor-element-d93a194 e-con-full animated-slow e-flex elementor-invisible e-con e-child\" data-id=\"d93a194\" data-element_type=\"container\" data-settings=\"{&quot;animation&quot;:&quot;fadeIn&quot;,&quot;animation_mobile&quot;:&quot;fadeIn&quot;}\">\n\t\t\t\t<div class=\"elementor-element elementor-element-6b7890d elementor-widget elementor-widget-heading\" data-id=\"6b7890d\" data-element_type=\"widget\" data-widget_type=\"heading.default\">\n\t\t\t\t\t<h2 class=\"elementor-heading-title elementor-size-default\">Maik Neubauer<\/h2>\t\t\t\t<\/div>\n\t\t\t\t<div class=\"elementor-element elementor-element-d7e9f2c elementor-widget elementor-widget-text-editor\" data-id=\"d7e9f2c\" data-element_type=\"widget\" data-widget_type=\"text-editor.default\">\n\t\t\t\t\t\t\t\t\t<p>Impulsionando a transforma\u00e7\u00e3o global<\/p>\t\t\t\t\t\t\t\t<\/div>\n\t\t\t\t<div class=\"elementor-element elementor-element-94969cb elementor-widget elementor-widget-html\" data-id=\"94969cb\" data-element_type=\"widget\" data-widget_type=\"html.default\">\n\t\t\t\t\t<!-- Compliance \/ Governance Labels -->\r\n<div class=\"lexai-pills\" aria-label=\"Etiquetas de conformidade e governan\u00e7a\">\r\n  \r\n  <span class=\"lexai-pill\">Diretor financeiro<\/span>\r\n<\/div>\r\n\r\n\r\n\r\n\r\n\r\n\r\n<style>\r\n\/* ===== Lex AI \u2014 Pills (NO button) ===== *\/\r\n:root{\r\n  --lexai-primary:#288ebd;\r\n  --lexai-light:#FAFAFA;\r\n  --lexai-soft:#E9F3F6;\r\n}\r\n\r\n.lexai-pills{\r\n  display:flex;\r\n  flex-wrap:wrap;\r\n  gap:16px;\r\n  align-items:center;\r\n}\r\n\r\n\/* Pill generica: vale per <span> o <a> *\/\r\n.lexai-pills .lexai-pill{\r\n  display:inline-flex;\r\n  align-items:center;\r\n  justify-content:center;\r\n  padding:8px 16px;\r\n  min-height:36px;\r\n  border-radius:999px;\r\n  border:1px solid transparent;\r\n  background:var(--lexai-soft);\r\n  color:var(--lexai-primary);\r\n  font:500 14px\/1.2 system-ui,-apple-system,\"Segoe UI\",Inter,Roboto,Arial,sans-serif;\r\n  letter-spacing:.2px;\r\n  text-decoration:none; \/* per <a> *\/\r\n  cursor:default;       \/* pill statica *\/\r\n  transition:transform .2s ease, box-shadow .25s ease, background .25s ease, color .25s ease, border-color .25s ease;\r\n  white-space:nowrap;\r\n}\r\n\r\n\/* Variante links: rese \u201ccliccabili\u201d senza essere bottoni *\/\r\n.lexai-pills--links .lexai-pill{\r\n  cursor:pointer;\r\n}\r\n\r\n\/* Hover\/focus (solo per link set) *\/\r\n.lexai-pills--links .lexai-pill:hover{\r\n  background:var(--lexai-primary);\r\n  color:var(--lexai-light);\r\n  border-color:var(--lexai-primary);\r\n  box-shadow:0 6px 16px rgba(35,118,124,.25);\r\n  transform:translateY(-1px);\r\n}\r\n\r\n\/* Focus accessibile per <a> *\/\r\n.lexai-pills--links .lexai-pill:focus{\r\n  outline:none;\r\n}\r\n.lexai-pills--links .lexai-pill:focus-visible{\r\n  box-shadow:0 0 0 3px rgba(35,118,124,.35);\r\n}\r\n\r\n\/* Stato attivo\/selezionato (aggiungi .is-active) *\/\r\n.lexai-pills .lexai-pill.is-active{\r\n  background:var(--lexai-primary);\r\n  color:var(--lexai-light);\r\n  border-color:var(--lexai-primary);\r\n}\r\n\r\n\/* Variante outline (opzionale: aggiungi .is-outline) *\/\r\n.lexai-pills .lexai-pill.is-outline{\r\n  background:transparent;\r\n  color:var(--lexai-primary);\r\n  border-color:rgba(35,118,124,.35);\r\n}\r\n.lexai-pills--links .lexai-pill.is-outline:hover{\r\n  background:var(--lexai-primary);\r\n  color:var(--lexai-light);\r\n  border-color:var(--lexai-primary);\r\n}\r\n\r\n\/* Dimensioni (opzionali) *\/\r\n.lexai-pills[data-size=\"sm\"] .lexai-pill{ padding:6px 12px; font-size:13px; min-height:30px; }\r\n.lexai-pills[data-size=\"lg\"] .lexai-pill{ padding:10px 18px; font-size:15px; min-height:40px; }\r\n\r\n\/* Counter badge (aggiungi data-count=\"N\" all\u2019elemento) *\/\r\n.lexai-pills .lexai-pill[data-count]:after{\r\n  content:attr(data-count);\r\n  margin-left:8px;\r\n  padding:.1em .55em;\r\n  border-radius:999px;\r\n  background:rgba(36,36,36,.08);\r\n  color:var(--lexai-dark);\r\n  font-weight:600;\r\n  font-size:.85em;\r\n}\r\n\r\n\/* Mobile *\/\r\n@media (max-width:768px){\r\n  .lexai-pills{ gap:8px; }\r\n  .lexai-pills .lexai-pill{ padding:7px 14px; font-size:13px; }\r\n}\r\n\r\n<\/style>\t\t\t\t<\/div>\n\t\t\t\t<div class=\"elementor-element elementor-element-c830c7d elementor-widget elementor-widget-text-editor\" data-id=\"c830c7d\" data-element_type=\"widget\" data-widget_type=\"text-editor.default\">\n\t\t\t\t\t\t\t\t\tResumo executivo\t\t\t\t\t\t\t\t<\/div>\n\t\t\t\t<div class=\"elementor-element elementor-element-6cb60ea elementor-widget elementor-widget-text-editor\" data-id=\"6cb60ea\" data-element_type=\"widget\" data-widget_type=\"text-editor.default\">\n\t\t\t\t\t\t\t\t\t<p>Maik Neubauer tem mais de 20 anos de experi\u00eancia em lideran\u00e7a executiva nos setores de energia, finan\u00e7as e infraestrutura cr\u00edtica. Ele \u00e9 especialista em programas de transforma\u00e7\u00e3o, inova\u00e7\u00e3o digital e governan\u00e7a estrat\u00e9gica para empresas multinacionais.<\/p>\t\t\t\t\t\t\t\t<\/div>\n\t\t\t\t<div class=\"elementor-element elementor-element-c3b722c elementor-widget elementor-widget-text-editor\" data-id=\"c3b722c\" data-element_type=\"widget\" data-widget_type=\"text-editor.default\">\n\t\t\t\t\t\t\t\t\t<p>Anos de experi\u00eancia<\/p>\t\t\t\t\t\t\t\t<\/div>\n\t\t\t\t<div class=\"elementor-element elementor-element-9d07206 elementor-widget elementor-widget-text-editor\" data-id=\"9d07206\" data-element_type=\"widget\" data-widget_type=\"text-editor.default\">\n\t\t\t\t\t\t\t\t\t<p>Mais de 20 anos em lideran\u00e7a executiva e programas de transforma\u00e7\u00e3o.<\/p>\t\t\t\t\t\t\t\t<\/div>\n\t\t\t\t<div class=\"elementor-element elementor-element-3de29ec elementor-widget elementor-widget-text-editor\" data-id=\"3de29ec\" data-element_type=\"widget\" data-widget_type=\"text-editor.default\">\n\t\t\t\t\t\t\t\t\t<p>Credenciais acad\u00eamicas<\/p>\t\t\t\t\t\t\t\t<\/div>\n\t\t\t\t<div class=\"elementor-element elementor-element-96dde26 elementor-widget elementor-widget-text-editor\" data-id=\"96dde26\" data-element_type=\"widget\" data-widget_type=\"text-editor.default\">\n\t\t\t\t\t\t\t\t\t<ul class=\"c4 lst-kix_list_1-0 start\"><li class=\"c5 li-bullet-0\"><span class=\"c3\">MBA em Neg\u00f3cios Internacionais e Finan\u00e7as - Edinburgh Business School<\/span><\/li><li class=\"c5 li-bullet-0\"><span class=\"c3\">Mestrado em Direito Empresarial Europeu e Internacional (MBL) - Universidade de St. Gallen<\/span><\/li><li class=\"c2 c9 li-bullet-0\"><span class=\"c3\">Gradua\u00e7\u00e3o em Engenharia da Computa\u00e7\u00e3o - Universidade de Ci\u00eancias Aplicadas de Hamburgo<\/span><\/li><\/ul>\t\t\t\t\t\t\t\t<\/div>\n\t\t\t\t<\/div>\n\t\t<div class=\"elementor-element elementor-element-cb376ec e-con-full animated-slow e-flex elementor-invisible e-con e-child\" data-id=\"cb376ec\" data-element_type=\"container\" data-settings=\"{&quot;animation&quot;:&quot;fadeIn&quot;,&quot;animation_mobile&quot;:&quot;fadeIn&quot;}\">\n\t\t\t\t<div class=\"elementor-element elementor-element-4a429e2 elementor-widget elementor-widget-image\" data-id=\"4a429e2\" data-element_type=\"widget\" data-widget_type=\"image.default\">\n\t\t\t\t\t\t\t\t\t\t\t\t\t\t\t<img decoding=\"async\" width=\"355\" height=\"355\" src=\"https:\/\/lexai.co\/wp-content\/uploads\/2025\/11\/image2.png\" class=\"attachment-large size-large wp-image-2854\" alt=\"\" srcset=\"https:\/\/lexai.co\/wp-content\/uploads\/2025\/11\/image2.png 355w, https:\/\/lexai.co\/wp-content\/uploads\/2025\/11\/image2-300x300.png 300w, https:\/\/lexai.co\/wp-content\/uploads\/2025\/11\/image2-150x150.png 150w\" sizes=\"(max-width: 355px) 100vw, 355px\" \/>\t\t\t\t\t\t\t\t\t\t\t\t\t\t\t<\/div>\n\t\t\t\t<\/div>\n\t\t\t\t\t<\/div>\n\t\t\t\t<\/div>\n\t\t<div class=\"elementor-element elementor-element-6868706 e-flex e-con-boxed elementor-invisible e-con e-parent\" data-id=\"6868706\" data-element_type=\"container\" data-settings=\"{&quot;animation&quot;:&quot;fadeIn&quot;,&quot;animation_delay&quot;:1200}\">\n\t\t\t\t\t<div class=\"e-con-inner\">\n\t\t<div class=\"elementor-element elementor-element-25aa9a7 e-con-full animated-slow e-flex elementor-invisible e-con e-child\" data-id=\"25aa9a7\" data-element_type=\"container\" data-settings=\"{&quot;animation&quot;:&quot;fadeIn&quot;,&quot;animation_mobile&quot;:&quot;fadeIn&quot;}\">\n\t\t\t\t<div class=\"elementor-element elementor-element-fe7b316 elementor-widget elementor-widget-heading\" data-id=\"fe7b316\" data-element_type=\"widget\" data-widget_type=\"heading.default\">\n\t\t\t\t\t<h2 class=\"elementor-heading-title elementor-size-default\">Michal Klos<\/h2>\t\t\t\t<\/div>\n\t\t\t\t<div class=\"elementor-element elementor-element-3fcfe7c elementor-widget elementor-widget-text-editor\" data-id=\"3fcfe7c\" data-element_type=\"widget\" data-widget_type=\"text-editor.default\">\n\t\t\t\t\t\t\t\t\t<p>Inovando na interse\u00e7\u00e3o de direito e tecnologia<\/p>\t\t\t\t\t\t\t\t<\/div>\n\t\t\t\t<div class=\"elementor-element elementor-element-1a7dc59 elementor-widget elementor-widget-html\" data-id=\"1a7dc59\" data-element_type=\"widget\" data-widget_type=\"html.default\">\n\t\t\t\t\t<!-- Compliance \/ Governance Labels -->\r\n<div class=\"lexai-pills\" aria-label=\"Etiquetas de conformidade e governan\u00e7a\">\r\n  \r\n  <span class=\"lexai-pill\">Diretor de Tecnologia<\/span>\r\n<\/div>\r\n\r\n\r\n\r\n\r\n\r\n\r\n<style>\r\n\/* ===== Lex AI \u2014 Pills (NO button) ===== *\/\r\n:root{\r\n  --lexai-primary:#288ebd;\r\n  --lexai-light:#FAFAFA;\r\n  --lexai-soft:#E9F3F6;\r\n}\r\n\r\n.lexai-pills{\r\n  display:flex;\r\n  flex-wrap:wrap;\r\n  gap:16px;\r\n  align-items:center;\r\n}\r\n\r\n\/* Pill generica: vale per <span> o <a> *\/\r\n.lexai-pills .lexai-pill{\r\n  display:inline-flex;\r\n  align-items:center;\r\n  justify-content:center;\r\n  padding:8px 16px;\r\n  min-height:36px;\r\n  border-radius:999px;\r\n  border:1px solid transparent;\r\n  background:var(--lexai-soft);\r\n  color:var(--lexai-primary);\r\n  font:500 14px\/1.2 system-ui,-apple-system,\"Segoe UI\",Inter,Roboto,Arial,sans-serif;\r\n  letter-spacing:.2px;\r\n  text-decoration:none; \/* per <a> *\/\r\n  cursor:default;       \/* pill statica *\/\r\n  transition:transform .2s ease, box-shadow .25s ease, background .25s ease, color .25s ease, border-color .25s ease;\r\n  white-space:nowrap;\r\n}\r\n\r\n\/* Variante links: rese \u201ccliccabili\u201d senza essere bottoni *\/\r\n.lexai-pills--links .lexai-pill{\r\n  cursor:pointer;\r\n}\r\n\r\n\/* Hover\/focus (solo per link set) *\/\r\n.lexai-pills--links .lexai-pill:hover{\r\n  background:var(--lexai-primary);\r\n  color:var(--lexai-light);\r\n  border-color:var(--lexai-primary);\r\n  box-shadow:0 6px 16px rgba(35,118,124,.25);\r\n  transform:translateY(-1px);\r\n}\r\n\r\n\/* Focus accessibile per <a> *\/\r\n.lexai-pills--links .lexai-pill:focus{\r\n  outline:none;\r\n}\r\n.lexai-pills--links .lexai-pill:focus-visible{\r\n  box-shadow:0 0 0 3px rgba(35,118,124,.35);\r\n}\r\n\r\n\/* Stato attivo\/selezionato (aggiungi .is-active) *\/\r\n.lexai-pills .lexai-pill.is-active{\r\n  background:var(--lexai-primary);\r\n  color:var(--lexai-light);\r\n  border-color:var(--lexai-primary);\r\n}\r\n\r\n\/* Variante outline (opzionale: aggiungi .is-outline) *\/\r\n.lexai-pills .lexai-pill.is-outline{\r\n  background:transparent;\r\n  color:var(--lexai-primary);\r\n  border-color:rgba(35,118,124,.35);\r\n}\r\n.lexai-pills--links .lexai-pill.is-outline:hover{\r\n  background:var(--lexai-primary);\r\n  color:var(--lexai-light);\r\n  border-color:var(--lexai-primary);\r\n}\r\n\r\n\/* Dimensioni (opzionali) *\/\r\n.lexai-pills[data-size=\"sm\"] .lexai-pill{ padding:6px 12px; font-size:13px; min-height:30px; }\r\n.lexai-pills[data-size=\"lg\"] .lexai-pill{ padding:10px 18px; font-size:15px; min-height:40px; }\r\n\r\n\/* Counter badge (aggiungi data-count=\"N\" all\u2019elemento) *\/\r\n.lexai-pills .lexai-pill[data-count]:after{\r\n  content:attr(data-count);\r\n  margin-left:8px;\r\n  padding:.1em .55em;\r\n  border-radius:999px;\r\n  background:rgba(36,36,36,.08);\r\n  color:var(--lexai-dark);\r\n  font-weight:600;\r\n  font-size:.85em;\r\n}\r\n\r\n\/* Mobile *\/\r\n@media (max-width:768px){\r\n  .lexai-pills{ gap:8px; }\r\n  .lexai-pills .lexai-pill{ padding:7px 14px; font-size:13px; }\r\n}\r\n\r\n<\/style>\t\t\t\t<\/div>\n\t\t\t\t<div class=\"elementor-element elementor-element-61e74b9 elementor-widget elementor-widget-text-editor\" data-id=\"61e74b9\" data-element_type=\"widget\" data-widget_type=\"text-editor.default\">\n\t\t\t\t\t\t\t\t\tResumo executivo\t\t\t\t\t\t\t\t<\/div>\n\t\t\t\t<div class=\"elementor-element elementor-element-1b4845d elementor-widget elementor-widget-text-editor\" data-id=\"1b4845d\" data-element_type=\"widget\" data-widget_type=\"text-editor.default\">\n\t\t\t\t\t\t\t\t\t<p>Michal Klos combina profundo conhecimento em lideran\u00e7a tecnol\u00f3gica com uma s\u00f3lida base jur\u00eddica. Com mais de 15 anos de experi\u00eancia, ele conduz iniciativas de inova\u00e7\u00e3o e transforma\u00e7\u00e3o digital que capacitam as empresas globais a se manterem \u00e0 frente em mercados competitivos.<\/p>\t\t\t\t\t\t\t\t<\/div>\n\t\t\t\t<div class=\"elementor-element elementor-element-3e98708 elementor-widget elementor-widget-text-editor\" data-id=\"3e98708\" data-element_type=\"widget\" data-widget_type=\"text-editor.default\">\n\t\t\t\t\t\t\t\t\t<p>Anos de experi\u00eancia<\/p>\t\t\t\t\t\t\t\t<\/div>\n\t\t\t\t<div class=\"elementor-element elementor-element-6877ba9 elementor-widget elementor-widget-text-editor\" data-id=\"6877ba9\" data-element_type=\"widget\" data-widget_type=\"text-editor.default\">\n\t\t\t\t\t\t\t\t\t<p>Mais de 15 anos em cargos de lideran\u00e7a em tecnologia e inova\u00e7\u00e3o estrat\u00e9gica.<\/p>\t\t\t\t\t\t\t\t<\/div>\n\t\t\t\t<div class=\"elementor-element elementor-element-c62dd72 elementor-widget elementor-widget-text-editor\" data-id=\"c62dd72\" data-element_type=\"widget\" data-widget_type=\"text-editor.default\">\n\t\t\t\t\t\t\t\t\t<p>Credenciais acad\u00eamicas<\/p>\t\t\t\t\t\t\t\t<\/div>\n\t\t\t\t<div class=\"elementor-element elementor-element-fcfe82a elementor-widget elementor-widget-text-editor\" data-id=\"fcfe82a\" data-element_type=\"widget\" data-widget_type=\"text-editor.default\">\n\t\t\t\t\t\t\t\t\t<ul class=\"c4 lst-kix_list_1-0 start\"><li><p data-path-to-node=\"2,0,0\">MBA - Universidade Kozminski<\/p><\/li><li><p data-path-to-node=\"2,1,0\">Mestrado em Ci\u00eancias - Universidade de Wroclaw<\/p><\/li><li><p data-path-to-node=\"2,2,0\">Bacharelado em Ci\u00eancias - Universidade de Wroclaw<\/p><\/li><\/ul>\t\t\t\t\t\t\t\t<\/div>\n\t\t\t\t<\/div>\n\t\t<div class=\"elementor-element elementor-element-1d58624 e-con-full animated-slow e-flex elementor-invisible e-con e-child\" data-id=\"1d58624\" data-element_type=\"container\" data-settings=\"{&quot;animation&quot;:&quot;fadeIn&quot;,&quot;animation_mobile&quot;:&quot;fadeIn&quot;}\">\n\t\t\t\t<div class=\"elementor-element elementor-element-5d79417 elementor-widget elementor-widget-image\" data-id=\"5d79417\" data-element_type=\"widget\" data-widget_type=\"image.default\">\n\t\t\t\t\t\t\t\t\t\t\t\t\t\t\t<img decoding=\"async\" width=\"349\" height=\"349\" src=\"https:\/\/lexai.co\/wp-content\/uploads\/2025\/11\/image3.jpg\" class=\"attachment-large size-large wp-image-2855\" alt=\"\" srcset=\"https:\/\/lexai.co\/wp-content\/uploads\/2025\/11\/image3.jpg 349w, https:\/\/lexai.co\/wp-content\/uploads\/2025\/11\/image3-300x300.jpg 300w, https:\/\/lexai.co\/wp-content\/uploads\/2025\/11\/image3-150x150.jpg 150w\" sizes=\"(max-width: 349px) 100vw, 349px\" \/>\t\t\t\t\t\t\t\t\t\t\t\t\t\t\t<\/div>\n\t\t\t\t<\/div>\n\t\t\t\t\t<\/div>\n\t\t\t\t<\/div>\n\t\t\t\t<\/div>","protected":false},"excerpt":{"rendered":"<p>FOUNDERs TEAM Dr. Susann Funke Expert in Compliance &amp; ESG Chief Executive Officer Executive Summary Dr. Susann Funke brings over 15 years of leadership in legal, compliance, and regulatory strategy. She has successfully guided Fortune 500 clients through complex governance frameworks and risk management programs, ensuring operational resilience and sustainable growth. Years of experience 15+ [&hellip;]<\/p>","protected":false},"author":3,"featured_media":0,"parent":0,"menu_order":0,"comment_status":"closed","ping_status":"closed","template":"elementor_header_footer","meta":{"two_page_speed":[],"footnotes":""},"class_list":["post-2842","page","type-page","status-publish","hentry"],"_links":{"self":[{"href":"https:\/\/lexai.co\/pt\/wp-json\/wp\/v2\/pages\/2842","targetHints":{"allow":["GET"]}}],"collection":[{"href":"https:\/\/lexai.co\/pt\/wp-json\/wp\/v2\/pages"}],"about":[{"href":"https:\/\/lexai.co\/pt\/wp-json\/wp\/v2\/types\/page"}],"author":[{"embeddable":true,"href":"https:\/\/lexai.co\/pt\/wp-json\/wp\/v2\/users\/3"}],"replies":[{"embeddable":true,"href":"https:\/\/lexai.co\/pt\/wp-json\/wp\/v2\/comments?post=2842"}],"version-history":[{"count":0,"href":"https:\/\/lexai.co\/pt\/wp-json\/wp\/v2\/pages\/2842\/revisions"}],"wp:attachment":[{"href":"https:\/\/lexai.co\/pt\/wp-json\/wp\/v2\/media?parent=2842"}],"curies":[{"name":"wp","href":"https:\/\/api.w.org\/{rel}","templated":true}]}}