{"id":561,"date":"2025-10-30T10:23:47","date_gmt":"2025-10-30T10:23:47","guid":{"rendered":"https:\/\/lexai.co\/?page_id=561"},"modified":"2026-01-22T02:01:22","modified_gmt":"2026-01-22T02:01:22","slug":"global-coverage","status":"publish","type":"page","link":"https:\/\/lexai.co\/fi\/global-coverage\/","title":{"rendered":"Maailmanlaajuinen kattavuus"},"content":{"rendered":"<div data-elementor-type=\"wp-page\" data-elementor-id=\"561\" class=\"elementor elementor-561\">\n\t\t\t\t<div class=\"elementor-element elementor-element-718e1ee e-flex e-con-boxed e-con e-parent\" data-id=\"718e1ee\" data-element_type=\"container\">\n\t\t\t\t\t<div class=\"e-con-inner\">\n\t\t<div class=\"elementor-element elementor-element-a4d3670 e-con-full e-flex e-con e-child\" data-id=\"a4d3670\" data-element_type=\"container\">\n\t\t\t\t<div class=\"elementor-element elementor-element-ba4b1d0 elementor-widget elementor-widget-heading\" data-id=\"ba4b1d0\" data-element_type=\"widget\" data-widget_type=\"heading.default\">\n\t\t\t\t\t<h2 class=\"elementor-heading-title elementor-size-default\">Maailmanlaajuinen kattavuus<\/h2>\t\t\t\t<\/div>\n\t\t\t\t<div class=\"elementor-element elementor-element-d5a0583 elementor-widget elementor-widget-heading\" data-id=\"d5a0583\" data-element_type=\"widget\" data-widget_type=\"heading.default\">\n\t\t\t\t\t<h2 class=\"elementor-heading-title elementor-size-default\"> Rakennettu monimutkaisia markkinoita varten<\/h2>\t\t\t\t<\/div>\n\t\t\t\t<div class=\"elementor-element elementor-element-def2f57 elementor-widget elementor-widget-text-editor\" data-id=\"def2f57\" data-element_type=\"widget\" data-widget_type=\"text-editor.default\">\n\t\t\t\t\t\t\t\t\t<p>LEX AI seuraa s\u00e4\u00e4ntelyn kehityst\u00e4 kaikilla t\u00e4rkeimmill\u00e4 alueilla ja kattaa jo nyt useimmat maailman oikeusalueet, joissa on yli <strong>700 arvovaltaista l\u00e4hdett\u00e4<\/strong>.<\/p>\n<p>Se kattaa kaikki asiaankuuluvat n\u00e4k\u00f6kohdat, jotta organisaatiosi pysyy s\u00e4\u00e4ntelyn muutosten edell\u00e4 ja noudattaa s\u00e4\u00e4nt\u00f6j\u00e4.<\/p>\t\t\t\t\t\t\t\t<\/div>\n\t\t\t\t<\/div>\n\t\t\t\t\t<\/div>\n\t\t\t\t<\/div>\n\t\t<div class=\"elementor-element elementor-element-9deda5c e-con-full e-flex e-con e-child\" data-id=\"9deda5c\" data-element_type=\"container\">\n\t\t<div class=\"elementor-element elementor-element-8877dbb e-flex e-con-boxed e-con e-child\" data-id=\"8877dbb\" data-element_type=\"container\">\n\t\t\t\t\t<div class=\"e-con-inner\">\n\t\t\t\t<div class=\"elementor-element elementor-element-2e419d4 elementor-widget elementor-widget-html\" data-id=\"2e419d4\" data-element_type=\"widget\" data-widget_type=\"html.default\">\n\t\t\t\t\t<section class=\"global-coverage\">\r\n  <div class=\"gc-heading\">\r\n    <!-- Metti qui titolo e testo se vuoi -->\r\n    <!-- <h2>Global Coverage<\/h2>\r\n    <p>Testo introduttivo...<\/p> -->\r\n  <\/div>\r\n\r\n  <!-- ROW 1: Countries Currently Covered -->\r\n  <div class=\"gc-row\">\r\n    <div class=\"gc-row-label\">\r\n      <!-- Etichetta -->\r\n      <span class=\"gc-pill gc-pill-covered\">T\u00e4ll\u00e4 hetkell\u00e4 mukana olevat maat<\/span>\r\n    <\/div>\r\n\r\n    <div class=\"flag-slider covered-flags\">\r\n      <div class=\"flag-track\">\r\n        <!-- PRIMO GIRO -->\r\n        <img decoding=\"async\" src=\"https:\/\/flagcdn.com\/eu.svg\" alt=\"EU\">\r\n        <img decoding=\"async\" src=\"https:\/\/flagcdn.com\/ar.svg\" alt=\"Argentina\">\r\n        <img decoding=\"async\" src=\"https:\/\/flagcdn.com\/au.svg\" alt=\"Australia\">\r\n        <img decoding=\"async\" src=\"https:\/\/flagcdn.com\/at.svg\" alt=\"Austria\">\r\n        <img decoding=\"async\" src=\"https:\/\/flagcdn.com\/br.svg\" alt=\"Brazil\">\r\n        <img decoding=\"async\" src=\"https:\/\/flagcdn.com\/ca.svg\" alt=\"Canada\">\r\n        <img decoding=\"async\" src=\"https:\/\/flagcdn.com\/cl.svg\" alt=\"Chile\">\r\n        <img decoding=\"async\" src=\"https:\/\/flagcdn.com\/cn.svg\" alt=\"China\">\r\n        <img decoding=\"async\" src=\"https:\/\/flagcdn.com\/co.svg\" alt=\"Colombia\">\r\n        <img decoding=\"async\" src=\"https:\/\/flagcdn.com\/dk.svg\" alt=\"Denmark\">\r\n        <img decoding=\"async\" src=\"https:\/\/flagcdn.com\/fr.svg\" alt=\"France\">\r\n        <img decoding=\"async\" src=\"https:\/\/flagcdn.com\/de.svg\" alt=\"Germany\">\r\n        <img decoding=\"async\" src=\"https:\/\/flagcdn.com\/ie.svg\" alt=\"Ireland\">\r\n        <img decoding=\"async\" src=\"https:\/\/flagcdn.com\/lu.svg\" alt=\"Luxembourg\">\r\n        <img decoding=\"async\" src=\"https:\/\/flagcdn.com\/mx.svg\" alt=\"Mexico\">\r\n        <img decoding=\"async\" src=\"https:\/\/flagcdn.com\/nl.svg\" alt=\"Netherlands\">\r\n        <img decoding=\"async\" src=\"https:\/\/flagcdn.com\/no.svg\" alt=\"Norway\">\r\n        <img decoding=\"async\" src=\"https:\/\/flagcdn.com\/pe.svg\" alt=\"Peru\">\r\n        <img decoding=\"async\" src=\"https:\/\/flagcdn.com\/pt.svg\" alt=\"Portugal\">\r\n        <img decoding=\"async\" src=\"https:\/\/flagcdn.com\/sg.svg\" alt=\"Singapore\">\r\n        <img decoding=\"async\" src=\"https:\/\/flagcdn.com\/es.svg\" alt=\"Spain\">\r\n        <img decoding=\"async\" src=\"https:\/\/flagcdn.com\/se.svg\" alt=\"Sweden\">\r\n        <img decoding=\"async\" src=\"https:\/\/flagcdn.com\/ch.svg\" alt=\"Switzerland\">\r\n        <img decoding=\"async\" src=\"https:\/\/flagcdn.com\/tr.svg\" alt=\"T\u00fcrkiye\">\r\n        <img decoding=\"async\" src=\"https:\/\/flagcdn.com\/gb.svg\" alt=\"United Kingdom\">\r\n        <img decoding=\"async\" src=\"https:\/\/flagcdn.com\/us.svg\" alt=\"United States\">\r\n        <img decoding=\"async\" src=\"https:\/\/flagcdn.com\/za.svg\" alt=\"South Africa\">\r\n\r\n        <!-- SECONDO GIRO DUPLICATO PER LOOP INFINITO -->\r\n        <img decoding=\"async\" src=\"https:\/\/flagcdn.com\/eu.svg\" alt=\"EU\">\r\n        <img decoding=\"async\" src=\"https:\/\/flagcdn.com\/ar.svg\" alt=\"Argentina\">\r\n        <img decoding=\"async\" src=\"https:\/\/flagcdn.com\/au.svg\" alt=\"Australia\">\r\n        <img decoding=\"async\" src=\"https:\/\/flagcdn.com\/at.svg\" alt=\"Austria\">\r\n        <img decoding=\"async\" src=\"https:\/\/flagcdn.com\/br.svg\" alt=\"Brazil\">\r\n        <img decoding=\"async\" src=\"https:\/\/flagcdn.com\/ca.svg\" alt=\"Canada\">\r\n        <img decoding=\"async\" src=\"https:\/\/flagcdn.com\/cl.svg\" alt=\"Chile\">\r\n        <img decoding=\"async\" src=\"https:\/\/flagcdn.com\/cn.svg\" alt=\"China\">\r\n        <img decoding=\"async\" src=\"https:\/\/flagcdn.com\/co.svg\" alt=\"Colombia\">\r\n        <img decoding=\"async\" src=\"https:\/\/flagcdn.com\/dk.svg\" alt=\"Denmark\">\r\n        <img decoding=\"async\" src=\"https:\/\/flagcdn.com\/fr.svg\" alt=\"France\">\r\n        <img decoding=\"async\" src=\"https:\/\/flagcdn.com\/de.svg\" alt=\"Germany\">\r\n        <img decoding=\"async\" src=\"https:\/\/flagcdn.com\/ie.svg\" alt=\"Ireland\">\r\n        <img decoding=\"async\" src=\"https:\/\/flagcdn.com\/lu.svg\" alt=\"Luxembourg\">\r\n        <img decoding=\"async\" src=\"https:\/\/flagcdn.com\/mx.svg\" alt=\"Mexico\">\r\n        <img decoding=\"async\" src=\"https:\/\/flagcdn.com\/nl.svg\" alt=\"Netherlands\">\r\n        <img decoding=\"async\" src=\"https:\/\/flagcdn.com\/no.svg\" alt=\"Norway\">\r\n        <img decoding=\"async\" src=\"https:\/\/flagcdn.com\/pe.svg\" alt=\"Peru\">\r\n        <img decoding=\"async\" src=\"https:\/\/flagcdn.com\/pt.svg\" alt=\"Portugal\">\r\n        <img decoding=\"async\" src=\"https:\/\/flagcdn.com\/sg.svg\" alt=\"Singapore\">\r\n        <img decoding=\"async\" src=\"https:\/\/flagcdn.com\/es.svg\" alt=\"Spain\">\r\n        <img decoding=\"async\" src=\"https:\/\/flagcdn.com\/se.svg\" alt=\"Sweden\">\r\n        <img decoding=\"async\" src=\"https:\/\/flagcdn.com\/ch.svg\" alt=\"Switzerland\">\r\n        <img decoding=\"async\" src=\"https:\/\/flagcdn.com\/tr.svg\" alt=\"T\u00fcrkiye\">\r\n        <img decoding=\"async\" src=\"https:\/\/flagcdn.com\/gb.svg\" alt=\"United Kingdom\">\r\n        <img decoding=\"async\" src=\"https:\/\/flagcdn.com\/us.svg\" alt=\"United States\">\r\n        <img decoding=\"async\" src=\"https:\/\/flagcdn.com\/za.svg\" alt=\"South Africa\">\r\n      <\/div>\r\n    <\/div>\r\n  <\/div>\r\n\r\n  <!-- ROW 2: Countries Coming Soon -->\r\n  <div class=\"gc-row\">\r\n    <div class=\"gc-row-label\">\r\n      <span class=\"gc-pill gc-pill-soon\">Maat tulossa pian<\/span>\r\n    <\/div>\r\n\r\n    <div class=\"flag-slider coming-flags\">\r\n      <div class=\"flag-track-scroll\">\r\n        <!-- PRIMO GIRO -->\r\n        <img decoding=\"async\" src=\"https:\/\/flagcdn.com\/ma.svg\" alt=\"Morocco\">\r\n        <img decoding=\"async\" src=\"https:\/\/flagcdn.com\/eg.svg\" alt=\"Egypt\">\r\n        <img decoding=\"async\" src=\"https:\/\/flagcdn.com\/dz.svg\" alt=\"Algeria\">\r\n        <img decoding=\"async\" src=\"https:\/\/flagcdn.com\/sn.svg\" alt=\"Senegal\">\r\n        <img decoding=\"async\" src=\"https:\/\/flagcdn.com\/na.svg\" alt=\"Namibia\">\r\n        <img decoding=\"async\" src=\"https:\/\/flagcdn.com\/tz.svg\" alt=\"Tanzania\">\r\n        <img decoding=\"async\" src=\"https:\/\/flagcdn.com\/ae.svg\" alt=\"U.A.E.\">\r\n        <img decoding=\"async\" src=\"https:\/\/flagcdn.com\/sa.svg\" alt=\"Saudi Arabia\">\r\n        <img decoding=\"async\" src=\"https:\/\/flagcdn.com\/om.svg\" alt=\"Oman\">\r\n        <img decoding=\"async\" src=\"https:\/\/flagcdn.com\/qa.svg\" alt=\"Qatar\">\r\n        <img decoding=\"async\" src=\"https:\/\/flagcdn.com\/il.svg\" alt=\"Israel\">\r\n        <img decoding=\"async\" src=\"https:\/\/flagcdn.com\/jp.svg\" alt=\"Japan\">\r\n        <img decoding=\"async\" src=\"https:\/\/flagcdn.com\/th.svg\" alt=\"Thailand\">\r\n        <img decoding=\"async\" src=\"https:\/\/flagcdn.com\/vn.svg\" alt=\"Vietnam\">\r\n        <img decoding=\"async\" src=\"https:\/\/flagcdn.com\/id.svg\" alt=\"Indonesia\">\r\n        <img decoding=\"async\" src=\"https:\/\/flagcdn.com\/kr.svg\" alt=\"South Korea\">\r\n        <img decoding=\"async\" src=\"https:\/\/flagcdn.com\/in.svg\" alt=\"India\">\r\n\r\n        \r\n      <\/div>\r\n    <\/div>\r\n  <\/div>\r\n<\/section>\r\n\r\n<style>\r\n.flag-slider {\r\n  width: 100%;\r\n  overflow: hidden;\r\n  padding: 12px 0;\r\n}\r\n\r\n\/* Prima banderola *\/\r\n.flag-track {\r\n  display: flex;\r\n  gap: 32px;\r\n  animation: flags-scroll 28s linear infinite;\r\n  align-items: center;\r\n}\r\n\r\n\/* Seconda banderola *\/\r\n.flag-track-scroll {\r\n  display: flex;\r\n  gap: 32px;\r\n  animation: scroll-coming 28s linear infinite;\r\n  align-items: center;\r\n}\r\n\r\n.flag-slider img {\r\n  height: 32px;\r\n  width: auto;\r\n  flex-shrink: 0;\r\n  filter: drop-shadow(0 0 3px rgba(0,0,0,0.15));\r\n  opacity: 0.95;\r\n}\r\n\r\n\/* Animazioni *\/\r\n@keyframes flags-scroll {\r\n  from { transform: translateX(0); }\r\n  to { transform: translateX(-50%); }\r\n}\r\n\r\n@keyframes scroll-coming {\r\n  from { transform: translateX(0); }\r\n  to { transform: translateX(-50%); }\r\n}\r\n\r\n\/* Pills base (se ti servono, altrimenti puoi toglierle) *\/\r\n.gc-row-label {\r\n  margin-bottom: 8px;\r\n}\r\n\r\n.gc-pill {\r\n  display: inline-flex;\r\n  align-items: center;\r\n  padding: 6px 12px;\r\n  border-radius: 999px;\r\n  font-size: 12px;\r\n  font-weight: 500;\r\n  letter-spacing: 0.02em;\r\n}\r\n\r\n.gc-pill-covered {\r\n  background: rgba(0, 120, 212, 0.08);\r\n  color: #0050a3;\r\n}\r\n\r\n.gc-pill-soon {\r\n  background: rgba(0, 180, 120, 0.08);\r\n  color: #00724c;\r\n}\r\n\r\n\/* Mobile: pi\u00f9 veloce e pi\u00f9 compatto *\/\r\n@media (max-width: 768px) {\r\n  .covered-flags .flag-track {\r\n    animation-duration: 14s; \/* invece di 28s *\/\r\n    gap: 18px;\r\n  }\r\n\r\n  .coming-flags .flag-track-scroll {\r\n    animation-duration: 18s; \/* invece di 32s *\/\r\n    gap: 18px;\r\n  }\r\n\r\n  .flag-slider img {\r\n    height: 24px;\r\n  }\r\n}\r\n\r\n\/* Abilita swipe orizzontale su mobile *\/\r\n.flag-slider {\r\n  overflow-x: auto;\r\n  -webkit-overflow-scrolling: touch;\r\n  scrollbar-width: none; \/* Firefox *\/\r\n}\r\n\r\n.flag-slider::-webkit-scrollbar {\r\n  display: none; \/* Chrome\/Safari *\/\r\n}\r\n\r\n\r\n<\/style>\r\n\t\t\t\t<\/div>\n\t\t\t\t\t<\/div>\n\t\t\t\t<\/div>\n\t\t\t\t<\/div>\n\t\t\t\t<\/div>","protected":false},"excerpt":{"rendered":"<p>Maailmanlaajuinen kattavuus suunniteltu monimutkaisille markkinoille\n\nLEX AI valvoo s\u00e4\u00e4ntelykehityst\u00e4 kaikilla t\u00e4rkeimmill\u00e4 alueilla, ja se kattaa jo useimmat maailman oikeusj\u00e4rjestelm\u00e4t yli 700 viranomaisl\u00e4hteell\u00e4. Se kattaa kaikki olennaiset n\u00e4k\u00f6kohdat, jotta organisaatiosi pysyy s\u00e4\u00e4ntelyn muutosten edell\u00e4 ja t\u00e4ytt\u00e4\u00e4 vaatimukset.\n\nT\u00e4ll\u00e4 hetkell\u00e4 katetut maat\nTulossa pian olevat maat<\/p>","protected":false},"author":3,"featured_media":0,"parent":0,"menu_order":0,"comment_status":"closed","ping_status":"closed","template":"","meta":{"two_page_speed":[],"footnotes":""},"class_list":["post-561","page","type-page","status-publish","hentry"],"_links":{"self":[{"href":"https:\/\/lexai.co\/fi\/wp-json\/wp\/v2\/pages\/561","targetHints":{"allow":["GET"]}}],"collection":[{"href":"https:\/\/lexai.co\/fi\/wp-json\/wp\/v2\/pages"}],"about":[{"href":"https:\/\/lexai.co\/fi\/wp-json\/wp\/v2\/types\/page"}],"author":[{"embeddable":true,"href":"https:\/\/lexai.co\/fi\/wp-json\/wp\/v2\/users\/3"}],"replies":[{"embeddable":true,"href":"https:\/\/lexai.co\/fi\/wp-json\/wp\/v2\/comments?post=561"}],"version-history":[{"count":0,"href":"https:\/\/lexai.co\/fi\/wp-json\/wp\/v2\/pages\/561\/revisions"}],"wp:attachment":[{"href":"https:\/\/lexai.co\/fi\/wp-json\/wp\/v2\/media?parent=561"}],"curies":[{"name":"wp","href":"https:\/\/api.w.org\/{rel}","templated":true}]}}