{"id":1429,"date":"2025-11-06T13:37:31","date_gmt":"2025-11-06T13:37:31","guid":{"rendered":"https:\/\/lexai.co\/?page_id=1429"},"modified":"2026-01-22T09:33:16","modified_gmt":"2026-01-22T09:33:16","slug":"about","status":"publish","type":"page","link":"https:\/\/lexai.co\/fi\/about\/","title":{"rendered":"Tietoja"},"content":{"rendered":"<div data-elementor-type=\"wp-page\" data-elementor-id=\"1429\" class=\"elementor elementor-1429\">\n\t\t\t\t<div class=\"elementor-element elementor-element-8d19fd7 e-flex e-con-boxed e-con e-parent\" data-id=\"8d19fd7\" data-element_type=\"container\">\n\t\t\t\t\t<div class=\"e-con-inner\">\n\t\t<div class=\"elementor-element elementor-element-eb32c16 e-con-full animated-slow e-flex elementor-invisible e-con e-child\" data-id=\"eb32c16\" data-element_type=\"container\" data-settings=\"{&quot;animation&quot;:&quot;fadeIn&quot;,&quot;animation_mobile&quot;:&quot;fadeIn&quot;}\">\n\t\t\t\t<div class=\"elementor-element elementor-element-cfc825d elementor-widget elementor-widget-heading\" data-id=\"cfc825d\" data-element_type=\"widget\" data-widget_type=\"heading.default\">\n\t\t\t\t\t<h2 class=\"elementor-heading-title elementor-size-default\">Katso huomisen asetukset <\/h2>\t\t\t\t<\/div>\n\t\t\t\t<div class=\"elementor-element elementor-element-e6599f0 elementor-widget elementor-widget-heading\" data-id=\"e6599f0\" data-element_type=\"widget\" data-widget_type=\"heading.default\">\n\t\t\t\t\t<h1 class=\"elementor-heading-title elementor-size-default\">T\u00e4n\u00e4\u00e4n<\/h1>\t\t\t\t<\/div>\n\t\t\t\t<div class=\"elementor-element elementor-element-7ddb699 elementor-widget elementor-widget-text-editor\" data-id=\"7ddb699\" data-element_type=\"widget\" data-widget_type=\"text-editor.default\">\n\t\t\t\t\t\t\t\t\t<p class=\"v1MsoNormal\"><span lang=\"EN-US\">S\u00e4\u00e4ntely-ymp\u00e4rist\u00f6 kehittyy nopeammin kuin perinteiset vaatimustenmukaisuusmenetelm\u00e4t pystyv\u00e4t seuraamaan. Useilla eri laink\u00e4ytt\u00f6alueilla toimiville organisaatioille s\u00e4\u00e4ntelyn muutosten edell\u00e4 pysyminen ei ole en\u00e4\u00e4 vapaaehtoista - se on strateginen v\u00e4ltt\u00e4m\u00e4tt\u00f6myys.<\/span><\/p>\n<p class=\"v1MsoNormal\"><span lang=\"EN-US\">LEXAI-Consulting toimii maailmanlaajuisena kaupallisena keskuksena LEX AI:lle, strategiselle \u00e4lykkyysosamallille, joka tuottaa&nbsp;<b>12-18 kuukautta<\/b>&nbsp;ennakkoilmoitus s\u00e4\u00e4ntelyn muutoksista. <\/span><\/p>\n<p class=\"v1MsoNormal\"><span lang=\"EN-US\">Jatkuvan seurannan avulla <b>yli 700 ensisijaista l\u00e4hdett\u00e4<\/b>&nbsp;osoitteessa&nbsp;<b>27 laink\u00e4ytt\u00f6aluetta<\/b>, muutamme s\u00e4\u00e4ntelyn monimutkaisuuden strategiseksi selkeydeksi, jotta voit ennakoida muutoksia sen sijaan, ett\u00e4 reagoisit niihin.<\/span><\/p>\t\t\t\t\t\t\t\t<\/div>\n\t\t\t\t<div class=\"elementor-element elementor-element-f184742 elementor-view-default elementor-widget elementor-widget-icon\" data-id=\"f184742\" data-element_type=\"widget\" data-widget_type=\"icon.default\">\n\t\t\t\t\t\t\t<div class=\"elementor-icon-wrapper\">\n\t\t\t<a class=\"elementor-icon\" href=\"#section-3\">\n\t\t\t<svg aria-hidden=\"true\" class=\"e-font-icon-svg e-fas-chevron-circle-down\" viewbox=\"0 0 512 512\" xmlns=\"http:\/\/www.w3.org\/2000\/svg\"><path d=\"M504 256c0 137-111 248-248 248S8 393 8 256 119 8 256 8s248 111 248 248zM273 369.9l135.5-135.5c9.4-9.4 9.4-24.6 0-33.9l-17-17c-9.4-9.4-24.6-9.4-33.9 0L256 285.1 154.4 183.5c-9.4-9.4-24.6-9.4-33.9 0l-17 17c-9.4 9.4-9.4 24.6 0 33.9L239 369.9c9.4 9.4 24.6 9.4 34 0z\"><\/path><\/svg>\t\t\t<\/a>\n\t\t<\/div>\n\t\t\t\t\t\t<\/div>\n\t\t\t\t<\/div>\n\t\t<div class=\"elementor-element elementor-element-5edd10e e-con-full animated-slow e-flex elementor-invisible e-con e-child\" data-id=\"5edd10e\" data-element_type=\"container\" data-settings=\"{&quot;animation&quot;:&quot;fadeIn&quot;,&quot;animation_delay&quot;:500}\">\n\t\t\t\t<div class=\"elementor-element elementor-element-888b832 elementor-widget elementor-widget-image\" data-id=\"888b832\" data-element_type=\"widget\" data-widget_type=\"image.default\">\n\t\t\t\t\t\t\t\t\t\t\t\t\t\t\t<img fetchpriority=\"high\" decoding=\"async\" width=\"512\" height=\"512\" src=\"https:\/\/lexai.co\/wp-content\/uploads\/2025\/11\/Progetto-senza-titolo-44.png\" class=\"attachment-large size-large wp-image-1211\" alt=\"\" srcset=\"https:\/\/lexai.co\/wp-content\/uploads\/2025\/11\/Progetto-senza-titolo-44.png 512w, https:\/\/lexai.co\/wp-content\/uploads\/2025\/11\/Progetto-senza-titolo-44-300x300.png 300w, https:\/\/lexai.co\/wp-content\/uploads\/2025\/11\/Progetto-senza-titolo-44-150x150.png 150w\" sizes=\"(max-width: 512px) 100vw, 512px\" \/>\t\t\t\t\t\t\t\t\t\t\t\t\t\t\t<\/div>\n\t\t\t\t<\/div>\n\t\t\t\t\t<\/div>\n\t\t\t\t<\/div>\n\t\t<div class=\"elementor-element elementor-element-65fad95 e-flex e-con-boxed e-con e-parent\" data-id=\"65fad95\" data-element_type=\"container\" id=\"section-3\">\n\t\t\t\t\t<div class=\"e-con-inner\">\n\t\t<div class=\"elementor-element elementor-element-b10eb77 e-con-full animated-slow e-flex elementor-invisible e-con e-child\" data-id=\"b10eb77\" data-element_type=\"container\" data-settings=\"{&quot;animation&quot;:&quot;fadeIn&quot;,&quot;animation_mobile&quot;:&quot;fadeIn&quot;}\">\n\t\t<div class=\"elementor-element elementor-element-b19d3f5 e-con-full animated-slow e-flex elementor-invisible e-con e-child\" data-id=\"b19d3f5\" data-element_type=\"container\" id=\"#section-4\" data-settings=\"{&quot;animation&quot;:&quot;fadeIn&quot;,&quot;animation_mobile&quot;:&quot;fadeIn&quot;}\">\n\t\t\t\t<div class=\"elementor-element elementor-element-e932696 elementor-widget elementor-widget-heading\" data-id=\"e932696\" data-element_type=\"widget\" data-widget_type=\"heading.default\">\n\t\t\t\t\t<h1 class=\"elementor-heading-title elementor-size-default\">12-18 kuukautta<\/h1>\t\t\t\t<\/div>\n\t\t\t\t<div class=\"elementor-element elementor-element-5813940 elementor-widget elementor-widget-heading\" data-id=\"5813940\" data-element_type=\"widget\" data-widget_type=\"heading.default\">\n\t\t\t\t\t<h2 class=\"elementor-heading-title elementor-size-default\">Ennakkoilmoitus s\u00e4\u00e4d\u00f6smuutoksista<\/h2>\t\t\t\t<\/div>\n\t\t\t\t<div class=\"elementor-element elementor-element-b367280 elementor-widget elementor-widget-text-editor\" data-id=\"b367280\" data-element_type=\"widget\" data-widget_type=\"text-editor.default\">\n\t\t\t\t\t\t\t\t\t<p class=\"v1MsoNormal\"><span lang=\"EN-US\">Ilmoitamme s\u00e4\u00e4ntelymuutoksista 12-18 kuukautta etuk\u00e4teen 27 laink\u00e4ytt\u00f6alueella ja muutamme laki- ja compliance-tiimit reaktiivisista palomiehist\u00e4 strategisiksi neuvonantajiksi.<\/span><\/p><p>\u00a0<\/p><p class=\"v1MsoNormal\"><span lang=\"EN-US\">Ennakointi mahdollistaa ennakoivan p\u00e4\u00e4t\u00f6ksenteon, optimaalisen markkinoiden ajoituksen ja kyvyn muuttaa s\u00e4\u00e4ntelyn muutokset kilpailueduiksi. <\/span><\/p><p>\u00a0<\/p><p class=\"v1MsoNormal\"><span lang=\"EN-US\">Strateginen kumppanuutemme\u00a0<a href=\"https:\/\/www.deloitte.com\/de\" target=\"_blank\" rel=\"noopener noreferrer\">Deloitte<\/a>\u00a0yhdist\u00e4\u00e4 teko\u00e4lyyn perustuvan \u00e4lykkyyden ja syv\u00e4llisen s\u00e4\u00e4ntelyasiantuntemuksen ja tarjoaa globaaleille yrityksille ja julkisille laitoksille sek\u00e4 innovaatioita ett\u00e4 institutionaalista luottamusta.<\/span><\/p>\t\t\t\t\t\t\t\t<\/div>\n\t\t<div class=\"elementor-element elementor-element-93dd3dc e-con-full e-flex e-con e-child\" data-id=\"93dd3dc\" data-element_type=\"container\">\n\t\t\t\t<div class=\"elementor-element elementor-element-4382fef uiverse-btn elementor-invisible elementor-widget elementor-widget-button\" data-id=\"4382fef\" data-element_type=\"widget\" data-settings=\"{&quot;_animation&quot;:&quot;fadeInUp&quot;,&quot;_animation_delay&quot;:500}\" data-widget_type=\"button.default\">\n\t\t\t\t\t\t\t\t\t\t<a class=\"elementor-button elementor-button-link elementor-size-sm\" href=\"https:\/\/lexai.co\/fi\/roi-calculator\/\">\n\t\t\t\t\t\t<span class=\"elementor-button-content-wrapper\">\n\t\t\t\t\t\t\t\t\t<span class=\"elementor-button-text\">Laske ROI<\/span>\n\t\t\t\t\t<\/span>\n\t\t\t\t\t<\/a>\n\t\t\t\t\t\t\t\t<\/div>\n\t\t\t\t<\/div>\n\t\t\t\t<\/div>\n\t\t\t\t<\/div>\n\t\t<div class=\"elementor-element elementor-element-7eb0fad e-con-full animated-slow e-flex elementor-invisible e-con e-child\" data-id=\"7eb0fad\" data-element_type=\"container\" data-settings=\"{&quot;animation&quot;:&quot;fadeIn&quot;,&quot;animation_delay&quot;:500}\">\n\t\t\t\t<div class=\"elementor-element elementor-element-b3ea636 elementor-widget elementor-widget-image\" data-id=\"b3ea636\" data-element_type=\"widget\" data-widget_type=\"image.default\">\n\t\t\t\t\t\t\t\t\t\t\t\t\t\t\t<img decoding=\"async\" width=\"800\" height=\"555\" src=\"https:\/\/lexai.co\/wp-content\/uploads\/2026\/01\/LEXAI-Desktop-ABOUT.png\" class=\"attachment-large size-large wp-image-4149\" alt=\"\" srcset=\"https:\/\/lexai.co\/wp-content\/uploads\/2026\/01\/LEXAI-Desktop-ABOUT.png 865w, https:\/\/lexai.co\/wp-content\/uploads\/2026\/01\/LEXAI-Desktop-ABOUT-300x208.png 300w, https:\/\/lexai.co\/wp-content\/uploads\/2026\/01\/LEXAI-Desktop-ABOUT-768x533.png 768w, https:\/\/lexai.co\/wp-content\/uploads\/2026\/01\/LEXAI-Desktop-ABOUT-18x12.png 18w, https:\/\/lexai.co\/wp-content\/uploads\/2026\/01\/LEXAI-Desktop-ABOUT-600x416.png 600w\" sizes=\"(max-width: 800px) 100vw, 800px\" \/>\t\t\t\t\t\t\t\t\t\t\t\t\t\t\t<\/div>\n\t\t\t\t<\/div>\n\t\t\t\t\t<\/div>\n\t\t\t\t<\/div>\n\t\t<div class=\"elementor-element elementor-element-808631b e-flex e-con-boxed e-con e-parent\" data-id=\"808631b\" data-element_type=\"container\" id=\"section-4\" data-settings=\"{&quot;animation&quot;:&quot;none&quot;}\">\n\t\t\t\t\t<div class=\"e-con-inner\">\n\t\t<div class=\"elementor-element elementor-element-450e424 e-con-full e-flex e-con e-child\" data-id=\"450e424\" data-element_type=\"container\">\n\t\t\t\t<div class=\"elementor-element elementor-element-925156e animated-slow elementor-invisible elementor-widget elementor-widget-heading\" data-id=\"925156e\" data-element_type=\"widget\" data-settings=\"{&quot;_animation&quot;:&quot;fadeIn&quot;,&quot;_animation_delay&quot;:1000}\" data-widget_type=\"heading.default\">\n\t\t\t\t\t<h2 class=\"elementor-heading-title elementor-size-default\">Katso huomenna.<\/h2>\t\t\t\t<\/div>\n\t\t\t\t<div class=\"elementor-element elementor-element-659e68b animated-slow elementor-invisible elementor-widget elementor-widget-heading\" data-id=\"659e68b\" data-element_type=\"widget\" data-settings=\"{&quot;_animation&quot;:&quot;fadeIn&quot;,&quot;_animation_delay&quot;:1500}\" data-widget_type=\"heading.default\">\n\t\t\t\t\t<h2 class=\"elementor-heading-title elementor-size-default\">Johda sit\u00e4 t\u00e4n\u00e4\u00e4n.<\/h2>\t\t\t\t<\/div>\n\t\t\t\t<\/div>\n\t\t\t\t\t<\/div>\n\t\t\t\t<\/div>\n\t\t<div class=\"elementor-element elementor-element-2082974 e-flex e-con-boxed e-con e-parent\" data-id=\"2082974\" data-element_type=\"container\">\n\t\t\t\t\t<div class=\"e-con-inner\">\n\t\t<div class=\"elementor-element elementor-element-a66f716 e-con-full animated-slow e-flex elementor-invisible e-con e-child\" data-id=\"a66f716\" data-element_type=\"container\" data-settings=\"{&quot;animation&quot;:&quot;fadeIn&quot;,&quot;animation_mobile&quot;:&quot;fadeIn&quot;}\">\n\t\t\t\t<div class=\"elementor-element elementor-element-623937c elementor-widget elementor-widget-heading\" data-id=\"623937c\" data-element_type=\"widget\" data-widget_type=\"heading.default\">\n\t\t\t\t\t<h1 class=\"elementor-heading-title elementor-size-default\">Vaatimustenmukaisuuden uudelleenm\u00e4\u00e4rittely<\/h1>\t\t\t\t<\/div>\n\t\t\t\t<div class=\"elementor-element elementor-element-38269bf elementor-widget elementor-widget-heading\" data-id=\"38269bf\" data-element_type=\"widget\" data-widget_type=\"heading.default\">\n\t\t\t\t\t<h2 class=\"elementor-heading-title elementor-size-default\">Teko\u00e4lyn ja maailmanlaajuisen asiantuntemuksen avulla\n<\/h2>\t\t\t\t<\/div>\n\t\t\t\t<div class=\"elementor-element elementor-element-87c7b3b elementor-widget elementor-widget-text-editor\" data-id=\"87c7b3b\" data-element_type=\"widget\" data-widget_type=\"text-editor.default\">\n\t\t\t\t\t\t\t\t\t<p><b>Kumppanuutemme Deloitten kanssa<\/b><span style=\"font-weight: 400;\"> on rohkea askel kohti vaatimustenmukaisuuden uudelleenm\u00e4\u00e4rittely\u00e4 digitaaliaikaa varten. Yhdess\u00e4 yhdist\u00e4mme Deloitten maailmanlaajuisen johtoaseman tilintarkastuksen ja riskienhallinnan alalla ja LEX AI:n huippuluokan teko\u00e4lyn, jotta voimme tarjota ratkaisuja, jotka ovat muutakin kuin vaatimustenmukaisuutta - ne luovat kilpailuetua.<\/span><\/p><p><span style=\"font-weight: 400;\">Teko\u00e4lyalustamme tutkii p\u00e4ivitt\u00e4in yli 700 kansainv\u00e4list\u00e4 l\u00e4hdett\u00e4 ennakoidakseen s\u00e4\u00e4ntelymuutokset ennen kuin ne vaikuttavat liiketoimintaasi. T\u00e4m\u00e4 ennakoiva l\u00e4hestymistapa antaa yrityksille mahdollisuuden pysy\u00e4 k\u00e4rjess\u00e4, v\u00e4hent\u00e4\u00e4 riskej\u00e4 ja vapauttaa tehokkuutta mittakaavassa.<\/span><\/p><p><span style=\"font-weight: 400;\">Kehitt\u00e4m\u00e4ll\u00e4 yhdess\u00e4 Deloitten kanssa automatisoituja, tarkastettavia ty\u00f6nkulkuja asetamme uuden standardin avoimuudelle ja luottamukselle. Tulos? Vaatimustenmukaisuusprosessit, jotka eiv\u00e4t ole vain turvallisia ja kest\u00e4vi\u00e4 vaan my\u00f6s nopeuttavat kasvua ja innovointia maailman kunnianhimoisimmissa yrityksiss\u00e4.<\/span><\/p>\t\t\t\t\t\t\t\t<\/div>\n\t\t\t\t<\/div>\n\t\t<div class=\"elementor-element elementor-element-c207237 e-con-full animated-slow e-flex elementor-invisible e-con e-child\" data-id=\"c207237\" data-element_type=\"container\" data-settings=\"{&quot;animation&quot;:&quot;fadeIn&quot;,&quot;animation_delay&quot;:500}\">\n\t\t\t\t<div class=\"elementor-element elementor-element-54eb26d elementor-widget elementor-widget-image\" data-id=\"54eb26d\" data-element_type=\"widget\" data-widget_type=\"image.default\">\n\t\t\t\t\t\t\t\t\t\t\t\t\t\t\t<img decoding=\"async\" width=\"800\" height=\"260\" src=\"https:\/\/lexai.co\/wp-content\/uploads\/2025\/10\/deloitte-logo-png-transparent-e1762356681668-1024x333.webp\" class=\"attachment-large size-large wp-image-431\" alt=\"\" srcset=\"https:\/\/lexai.co\/wp-content\/uploads\/2025\/10\/deloitte-logo-png-transparent-e1762356681668-1024x333.webp 1024w, https:\/\/lexai.co\/wp-content\/uploads\/2025\/10\/deloitte-logo-png-transparent-e1762356681668-300x98.webp 300w, https:\/\/lexai.co\/wp-content\/uploads\/2025\/10\/deloitte-logo-png-transparent-e1762356681668-768x250.webp 768w, https:\/\/lexai.co\/wp-content\/uploads\/2025\/10\/deloitte-logo-png-transparent-e1762356681668-1536x499.webp 1536w, https:\/\/lexai.co\/wp-content\/uploads\/2025\/10\/deloitte-logo-png-transparent-e1762356681668-600x195.webp 600w, https:\/\/lexai.co\/wp-content\/uploads\/2025\/10\/deloitte-logo-png-transparent-e1762356681668.webp 1920w\" sizes=\"(max-width: 800px) 100vw, 800px\" \/>\t\t\t\t\t\t\t\t\t\t\t\t\t\t\t<\/div>\n\t\t\t\t<\/div>\n\t\t\t\t\t<\/div>\n\t\t\t\t<\/div>\n\t\t<div class=\"elementor-element elementor-element-f7a2113 e-flex e-con-boxed e-con e-parent\" data-id=\"f7a2113\" data-element_type=\"container\">\n\t\t\t\t\t<div class=\"e-con-inner\">\n\t\t<div class=\"elementor-element elementor-element-7003700 e-con-full animated-slow e-flex elementor-invisible e-con e-child\" data-id=\"7003700\" data-element_type=\"container\" data-settings=\"{&quot;animation&quot;:&quot;fadeInUp&quot;,&quot;animation_delay&quot;:1500}\">\n\t\t\t\t<div class=\"elementor-element elementor-element-aaf60e5 elementor-widget elementor-widget-heading\" data-id=\"aaf60e5\" data-element_type=\"widget\" data-widget_type=\"heading.default\">\n\t\t\t\t\t<h2 class=\"elementor-heading-title elementor-size-default\">Oletko valmis muuttamaan oikeudellisia toimintojasi?<\/h2>\t\t\t\t<\/div>\n\t\t\t\t<div class=\"elementor-element elementor-element-813c2eb elementor-widget elementor-widget-text-editor\" data-id=\"813c2eb\" data-element_type=\"widget\" data-widget_type=\"text-editor.default\">\n\t\t\t\t\t\t\t\t\t<p>Liity Fortune 500 -yrityksiin ja valtion virastoihin, jotka k\u00e4ytt\u00e4v\u00e4t LEX AI:ta pysy\u00e4kseen s\u00e4\u00e4ntelyn muutosten edell\u00e4.<\/p>\t\t\t\t\t\t\t\t<\/div>\n\t\t<div class=\"elementor-element elementor-element-d1ff2bf e-con-full e-flex e-con e-child\" data-id=\"d1ff2bf\" data-element_type=\"container\">\n\t\t\t\t<div class=\"elementor-element elementor-element-1197ee8 uiverse-btn elementor-invisible elementor-widget elementor-widget-button\" data-id=\"1197ee8\" data-element_type=\"widget\" data-settings=\"{&quot;_animation&quot;:&quot;fadeInUp&quot;,&quot;_animation_delay&quot;:500}\" data-widget_type=\"button.default\">\n\t\t\t\t\t\t\t\t\t\t<a class=\"elementor-button elementor-button-link elementor-size-sm\" href=\"https:\/\/lexai.co\/fi\/contact\/\">\n\t\t\t\t\t\t<span class=\"elementor-button-content-wrapper\">\n\t\t\t\t\t\t\t\t\t<span class=\"elementor-button-text\">Ota yhteytt\u00e4<\/span>\n\t\t\t\t\t<\/span>\n\t\t\t\t\t<\/a>\n\t\t\t\t\t\t\t\t<\/div>\n\t\t\t\t<\/div>\n\t\t\t\t<\/div>\n\t\t\t\t\t<\/div>\n\t\t\t\t<\/div>\n\t\t\t\t<\/div>","protected":false},"excerpt":{"rendered":"<p>See Tomorrow&#8217;s Regulations Today Regulatory landscapes evolve faster than traditional compliance methods can track. For organizations operating across multiple jurisdictions, staying ahead of regulatory change is no longer optional &#8211; it&#8217;s a strategic imperative. LEXAI-Consulting serves as a worldwide commercial hub for LEX AI, the strategic intelligence platform that delivers&nbsp;12-18 months&nbsp;advance notice of regulatory changes. [&hellip;]<\/p>","protected":false},"author":3,"featured_media":0,"parent":0,"menu_order":0,"comment_status":"closed","ping_status":"closed","template":"","meta":{"two_page_speed":[],"footnotes":""},"class_list":["post-1429","page","type-page","status-publish","hentry"],"_links":{"self":[{"href":"https:\/\/lexai.co\/fi\/wp-json\/wp\/v2\/pages\/1429","targetHints":{"allow":["GET"]}}],"collection":[{"href":"https:\/\/lexai.co\/fi\/wp-json\/wp\/v2\/pages"}],"about":[{"href":"https:\/\/lexai.co\/fi\/wp-json\/wp\/v2\/types\/page"}],"author":[{"embeddable":true,"href":"https:\/\/lexai.co\/fi\/wp-json\/wp\/v2\/users\/3"}],"replies":[{"embeddable":true,"href":"https:\/\/lexai.co\/fi\/wp-json\/wp\/v2\/comments?post=1429"}],"version-history":[{"count":0,"href":"https:\/\/lexai.co\/fi\/wp-json\/wp\/v2\/pages\/1429\/revisions"}],"wp:attachment":[{"href":"https:\/\/lexai.co\/fi\/wp-json\/wp\/v2\/media?parent=1429"}],"curies":[{"name":"wp","href":"https:\/\/api.w.org\/{rel}","templated":true}]}}