{"id":551,"date":"2025-10-30T10:23:23","date_gmt":"2025-10-30T10:23:23","guid":{"rendered":"https:\/\/lexai.co\/?page_id=551"},"modified":"2026-02-04T14:30:43","modified_gmt":"2026-02-04T14:30:43","slug":"platform","status":"publish","type":"page","link":"https:\/\/lexai.co\/de\/platform\/","title":{"rendered":"Plattform"},"content":{"rendered":"<div data-elementor-type=\"wp-page\" data-elementor-id=\"551\" class=\"elementor elementor-551\">\n\t\t\t\t<div class=\"elementor-element elementor-element-d341a5b e-flex e-con-boxed e-con e-parent\" data-id=\"d341a5b\" data-element_type=\"container\">\n\t\t\t\t\t<div class=\"e-con-inner\">\n\t\t<div class=\"elementor-element elementor-element-4b8ad4a e-con-full e-flex elementor-invisible e-con e-child\" data-id=\"4b8ad4a\" data-element_type=\"container\" data-settings=\"{&quot;animation&quot;:&quot;fadeInUp&quot;}\">\n\t\t\t\t<div class=\"elementor-element elementor-element-e60b38f elementor-invisible elementor-widget elementor-widget-heading\" data-id=\"e60b38f\" data-element_type=\"widget\" data-settings=\"{&quot;_animation&quot;:&quot;fadeInDown&quot;}\" data-widget_type=\"heading.default\">\n\t\t\t\t\t<h2 class=\"elementor-heading-title elementor-size-default\">Schalten Sie den L\u00e4rm ab. <\/h2>\t\t\t\t<\/div>\n\t\t\t\t<div class=\"elementor-element elementor-element-a3f0703 elementor-invisible elementor-widget elementor-widget-heading\" data-id=\"a3f0703\" data-element_type=\"widget\" data-settings=\"{&quot;_animation&quot;:&quot;fadeInUp&quot;,&quot;_animation_delay&quot;:500}\" data-widget_type=\"heading.default\">\n\t\t\t\t\t<h2 class=\"elementor-heading-title elementor-size-default\">Konzentrieren Sie sich nur auf das Wesentliche.<\/h2>\t\t\t\t<\/div>\n\t\t\t\t<\/div>\n\t\t<div class=\"elementor-element elementor-element-2621f64 e-con-full e-flex elementor-invisible e-con e-child\" data-id=\"2621f64\" data-element_type=\"container\" data-settings=\"{&quot;animation&quot;:&quot;fadeInUp&quot;,&quot;animation_delay&quot;:1000}\">\n\t\t\t\t<div class=\"elementor-element elementor-element-c237732 elementor-widget elementor-widget-text-editor\" data-id=\"c237732\" data-element_type=\"widget\" data-widget_type=\"text-editor.default\">\n\t\t\t\t\t\t\t\t\t<p>Bleiben Sie geradeaus auf der <strong>weltweite Regelungen<\/strong> mit KI-gest\u00fctzter \u00dcberwachung, Zusammenfassungen, Workflows und <strong>unternehmenstaugliche Integrationen<\/strong>.<\/p><p>Von der \u00dcberwachung \u00fcber die Analyse bis zur Ausf\u00fchrung: eine Plattform, die alles beherrscht <strong>globaler regulatorischer Wandel<\/strong>.<\/p>\t\t\t\t\t\t\t\t<\/div>\n\t\t<div class=\"elementor-element elementor-element-075dd85 e-con-full e-flex e-con e-child\" data-id=\"075dd85\" data-element_type=\"container\">\n\t\t\t\t<div class=\"elementor-element elementor-element-f1b9fa6 uiverse-btn elementor-widget elementor-widget-button\" data-id=\"f1b9fa6\" data-element_type=\"widget\" data-widget_type=\"button.default\">\n\t\t\t\t\t\t\t\t\t\t<a class=\"elementor-button elementor-button-link elementor-size-sm\" href=\"#section-next\">\n\t\t\t\t\t\t<span class=\"elementor-button-content-wrapper\">\n\t\t\t\t\t\t\t\t\t<span class=\"elementor-button-text\">Entdecken Sie die Funktionen<\/span>\n\t\t\t\t\t<\/span>\n\t\t\t\t\t<\/a>\n\t\t\t\t\t\t\t\t<\/div>\n\t\t\t\t<\/div>\n\t\t\t\t<\/div>\n\t\t\t\t\t<\/div>\n\t\t\t\t<\/div>\n\t\t<div class=\"elementor-element elementor-element-54c101c e-flex e-con-boxed e-con e-parent\" data-id=\"54c101c\" data-element_type=\"container\">\n\t\t\t\t\t<div class=\"e-con-inner\">\n\t\t\t\t<div class=\"elementor-element elementor-element-66dc677 elementor-widget elementor-widget-html\" data-id=\"66dc677\" data-element_type=\"widget\" data-widget_type=\"html.default\">\n\t\t\t\t\t<div id=\"section-next\" class=\"section-next-wrapper\">\r\n    <!-- Content goes here -->\r\n<\/div>\r\n\t\t\t\t<\/div>\n\t\t\t\t\t<\/div>\n\t\t\t\t<\/div>\n\t\t<div class=\"elementor-element elementor-element-08f2dba e-flex e-con-boxed e-con e-parent\" data-id=\"08f2dba\" data-element_type=\"container\">\n\t\t\t\t\t<div class=\"e-con-inner\">\n\t\t<div class=\"elementor-element elementor-element-ec0af8c e-con-full e-flex elementor-invisible e-con e-child\" data-id=\"ec0af8c\" data-element_type=\"container\" data-settings=\"{&quot;animation&quot;:&quot;fadeInDown&quot;}\">\n\t\t\t\t<div class=\"elementor-element elementor-element-06db501 elementor-widget elementor-widget-heading\" data-id=\"06db501\" data-element_type=\"widget\" data-widget_type=\"heading.default\">\n\t\t\t\t\t<h2 class=\"elementor-heading-title elementor-size-default\">Die 8 Kernkompetenzen<\/h2>\t\t\t\t<\/div>\n\t\t\t\t<div class=\"elementor-element elementor-element-5fdf256 elementor-widget elementor-widget-heading\" data-id=\"5fdf256\" data-element_type=\"widget\" data-widget_type=\"heading.default\">\n\t\t\t\t\t<h2 class=\"elementor-heading-title elementor-size-default\">von LEX AI<\/h2>\t\t\t\t<\/div>\n\t\t\t\t<\/div>\n\t\t<div class=\"elementor-element elementor-element-d7ab2c3 e-grid e-con-full elementor-invisible e-con e-child\" data-id=\"d7ab2c3\" data-element_type=\"container\" data-settings=\"{&quot;animation&quot;:&quot;slideInUp&quot;,&quot;animation_delay&quot;:200}\">\n\t\t<div class=\"elementor-element elementor-element-b8b176e e-con-full e-flex e-con e-child\" data-id=\"b8b176e\" data-element_type=\"container\" data-settings=\"{&quot;motion_fx_motion_fx_mouse&quot;:&quot;yes&quot;,&quot;motion_fx_tilt_effect&quot;:&quot;yes&quot;,&quot;motion_fx_tilt_speed&quot;:{&quot;unit&quot;:&quot;px&quot;,&quot;size&quot;:0.20000000000000001,&quot;sizes&quot;:[]}}\">\n\t\t\t\t<div class=\"elementor-element elementor-element-fcc5292 elementor-widget elementor-widget-heading\" data-id=\"fcc5292\" data-element_type=\"widget\" data-widget_type=\"heading.default\">\n\t\t\t\t\t<h2 class=\"elementor-heading-title elementor-size-default\">Benutzerdefinierter regulatorischer Newsfeed<\/h2>\t\t\t\t<\/div>\n\t\t\t\t<div class=\"elementor-element elementor-element-be5477f elementor-widget elementor-widget-text-editor\" data-id=\"be5477f\" data-element_type=\"widget\" data-widget_type=\"text-editor.default\">\n\t\t\t\t\t\t\t\t\t<p>AI-Filter, die Folgendes k\u00f6nnen\u00a0<strong>die Informationsflut zu bew\u00e4ltigen<\/strong> und die nur das zeigen, was am wichtigsten ist.<\/p>\t\t\t\t\t\t\t\t<\/div>\n\t\t\t\t<\/div>\n\t\t<div class=\"elementor-element elementor-element-4a52521 e-con-full e-flex e-con e-child\" data-id=\"4a52521\" data-element_type=\"container\" data-settings=\"{&quot;motion_fx_motion_fx_mouse&quot;:&quot;yes&quot;,&quot;motion_fx_tilt_effect&quot;:&quot;yes&quot;,&quot;motion_fx_tilt_speed&quot;:{&quot;unit&quot;:&quot;px&quot;,&quot;size&quot;:0.20000000000000001,&quot;sizes&quot;:[]}}\">\n\t\t\t\t<div class=\"elementor-element elementor-element-6f0c8f3 elementor-widget elementor-widget-heading\" data-id=\"6f0c8f3\" data-element_type=\"widget\" data-widget_type=\"heading.default\">\n\t\t\t\t\t<h2 class=\"elementor-heading-title elementor-size-default\">LEX AI Morgenbriefing<\/h2>\t\t\t\t<\/div>\n\t\t\t\t<div class=\"elementor-element elementor-element-cadb47d elementor-widget elementor-widget-text-editor\" data-id=\"cadb47d\" data-element_type=\"widget\" data-widget_type=\"text-editor.default\">\n\t\t\t\t\t\t\t\t\t<p>Automatisierte t\u00e4gliche Briefings, die<strong> F\u00fchrungskr\u00e4fte auf dem Laufenden halten<\/strong> mit pr\u00e4gnanten, relevanten Aktualisierungen.<\/p>\t\t\t\t\t\t\t\t<\/div>\n\t\t\t\t<\/div>\n\t\t<div class=\"elementor-element elementor-element-8b90e65 e-con-full e-flex e-con e-child\" data-id=\"8b90e65\" data-element_type=\"container\" data-settings=\"{&quot;motion_fx_motion_fx_mouse&quot;:&quot;yes&quot;,&quot;motion_fx_tilt_effect&quot;:&quot;yes&quot;,&quot;motion_fx_tilt_speed&quot;:{&quot;unit&quot;:&quot;px&quot;,&quot;size&quot;:0.20000000000000001,&quot;sizes&quot;:[]}}\">\n\t\t\t\t<div class=\"elementor-element elementor-element-229268c elementor-widget elementor-widget-heading\" data-id=\"229268c\" data-element_type=\"widget\" data-widget_type=\"heading.default\">\n\t\t\t\t\t<h2 class=\"elementor-heading-title elementor-size-default\">Wissenszentrum<\/h2>\t\t\t\t<\/div>\n\t\t\t\t<div class=\"elementor-element elementor-element-a568061 elementor-widget elementor-widget-text-editor\" data-id=\"a568061\" data-element_type=\"widget\" data-widget_type=\"text-editor.default\">\n\t\t\t\t\t\t\t\t\t<p>Sie zentralisiert und <strong>teilt regulatorische Informationen<\/strong> in Ihrer gesamten Organisation.<\/p>\t\t\t\t\t\t\t\t<\/div>\n\t\t\t\t<\/div>\n\t\t<div class=\"elementor-element elementor-element-e2261ac e-con-full e-flex e-con e-child\" data-id=\"e2261ac\" data-element_type=\"container\" data-settings=\"{&quot;motion_fx_motion_fx_mouse&quot;:&quot;yes&quot;,&quot;motion_fx_tilt_effect&quot;:&quot;yes&quot;,&quot;motion_fx_tilt_speed&quot;:{&quot;unit&quot;:&quot;px&quot;,&quot;size&quot;:0.20000000000000001,&quot;sizes&quot;:[]}}\">\n\t\t\t\t<div class=\"elementor-element elementor-element-37af44e elementor-widget elementor-widget-heading\" data-id=\"37af44e\" data-element_type=\"widget\" data-widget_type=\"heading.default\">\n\t\t\t\t\t<h2 class=\"elementor-heading-title elementor-size-default\">Rechtsradar<\/h2>\t\t\t\t<\/div>\n\t\t\t\t<div class=\"elementor-element elementor-element-bda268d elementor-widget elementor-widget-text-editor\" data-id=\"bda268d\" data-element_type=\"widget\" data-widget_type=\"text-editor.default\">\n\t\t\t\t\t\t\t\t\t<p>\u00dcberwacht Verordnungen im Vorschlagsstadium, um <strong>fr\u00fchzeitige Warnungen vor aufkommenden Risiken geben<\/strong>.<\/p>\t\t\t\t\t\t\t\t<\/div>\n\t\t\t\t<\/div>\n\t\t<div class=\"elementor-element elementor-element-4d15458 e-con-full e-flex e-con e-child\" data-id=\"4d15458\" data-element_type=\"container\" data-settings=\"{&quot;motion_fx_motion_fx_mouse&quot;:&quot;yes&quot;,&quot;motion_fx_tilt_effect&quot;:&quot;yes&quot;,&quot;motion_fx_tilt_speed&quot;:{&quot;unit&quot;:&quot;px&quot;,&quot;size&quot;:0.20000000000000001,&quot;sizes&quot;:[]}}\">\n\t\t\t\t<div class=\"elementor-element elementor-element-a0a548a elementor-widget elementor-widget-heading\" data-id=\"a0a548a\" data-element_type=\"widget\" data-widget_type=\"heading.default\">\n\t\t\t\t\t<h2 class=\"elementor-heading-title elementor-size-default\">AI-gest\u00fctzte Zusammenfassungen<\/h2>\t\t\t\t<\/div>\n\t\t\t\t<div class=\"elementor-element elementor-element-d8c3146 elementor-widget elementor-widget-text-editor\" data-id=\"d8c3146\" data-element_type=\"widget\" data-widget_type=\"text-editor.default\">\n\t\t\t\t\t\t\t\t\t<p>Umwandlung komplexer Rechtstexte in <strong>klar und pr\u00e4gnant<\/strong> Beschreibungen.<\/p>\t\t\t\t\t\t\t\t<\/div>\n\t\t\t\t<\/div>\n\t\t<div class=\"elementor-element elementor-element-a04443b e-con-full e-flex e-con e-child\" data-id=\"a04443b\" data-element_type=\"container\" data-settings=\"{&quot;motion_fx_motion_fx_mouse&quot;:&quot;yes&quot;,&quot;motion_fx_tilt_effect&quot;:&quot;yes&quot;,&quot;motion_fx_tilt_speed&quot;:{&quot;unit&quot;:&quot;px&quot;,&quot;size&quot;:0.20000000000000001,&quot;sizes&quot;:[]}}\">\n\t\t\t\t<div class=\"elementor-element elementor-element-de7a034 elementor-widget elementor-widget-heading\" data-id=\"de7a034\" data-element_type=\"widget\" data-widget_type=\"heading.default\">\n\t\t\t\t\t<h2 class=\"elementor-heading-title elementor-size-default\">LEXIA Chatbot\n<\/h2>\t\t\t\t<\/div>\n\t\t\t\t<div class=\"elementor-element elementor-element-c22cc17 elementor-widget elementor-widget-text-editor\" data-id=\"c22cc17\" data-element_type=\"widget\" data-widget_type=\"text-editor.default\">\n\t\t\t\t\t\t\t\t\t<p data-start=\"749\" data-end=\"847\">Sie liefert sofortige Antworten auf rechtliche Fragen und <strong>mehrsprachige Erkl\u00e4rungen<\/strong> auf Anfrage.<\/p><p data-start=\"849\" data-end=\"952\">\u00a0<\/p>\t\t\t\t\t\t\t\t<\/div>\n\t\t\t\t<\/div>\n\t\t<div class=\"elementor-element elementor-element-f27f89d e-con-full e-flex e-con e-child\" data-id=\"f27f89d\" data-element_type=\"container\" data-settings=\"{&quot;motion_fx_motion_fx_mouse&quot;:&quot;yes&quot;,&quot;motion_fx_tilt_effect&quot;:&quot;yes&quot;,&quot;motion_fx_tilt_speed&quot;:{&quot;unit&quot;:&quot;px&quot;,&quot;size&quot;:0.20000000000000001,&quot;sizes&quot;:[]}}\">\n\t\t\t\t<div class=\"elementor-element elementor-element-7292b68 elementor-widget elementor-widget-heading\" data-id=\"7292b68\" data-element_type=\"widget\" data-widget_type=\"heading.default\">\n\t\t\t\t\t<h2 class=\"elementor-heading-title elementor-size-default\">AI Legal Registry\n<\/h2>\t\t\t\t<\/div>\n\t\t\t\t<div class=\"elementor-element elementor-element-eb4fc6d elementor-widget elementor-widget-text-editor\" data-id=\"eb4fc6d\" data-element_type=\"widget\" data-widget_type=\"text-editor.default\">\n\t\t\t\t\t\t\t\t\t<p data-start=\"849\" data-end=\"952\">Beh\u00e4lt eine <strong>Live-Register zur Einhaltung der Vorschriften<\/strong> mit klarer Zust\u00e4ndigkeit und Verantwortlichkeit.<\/p><p data-start=\"954\" data-end=\"1049\">\u00a0<\/p>\t\t\t\t\t\t\t\t<\/div>\n\t\t\t\t<\/div>\n\t\t<div class=\"elementor-element elementor-element-8eab3a2 e-con-full e-flex e-con e-child\" data-id=\"8eab3a2\" data-element_type=\"container\" data-settings=\"{&quot;motion_fx_motion_fx_mouse&quot;:&quot;yes&quot;,&quot;motion_fx_tilt_effect&quot;:&quot;yes&quot;,&quot;motion_fx_tilt_speed&quot;:{&quot;unit&quot;:&quot;px&quot;,&quot;size&quot;:0.20000000000000001,&quot;sizes&quot;:[]}}\">\n\t\t\t\t<div class=\"elementor-element elementor-element-776c976 elementor-widget elementor-widget-heading\" data-id=\"776c976\" data-element_type=\"widget\" data-widget_type=\"heading.default\">\n\t\t\t\t\t<h2 class=\"elementor-heading-title elementor-size-default\">API-Integration<\/h2>\t\t\t\t<\/div>\n\t\t\t\t<div class=\"elementor-element elementor-element-ffe3e84 elementor-widget elementor-widget-text-editor\" data-id=\"ffe3e84\" data-element_type=\"widget\" data-widget_type=\"text-editor.default\">\n\t\t\t\t\t\t\t\t\t<p data-start=\"954\" data-end=\"1049\">Bringen Sie <strong>Regulatorische Intelligenz<\/strong> direkt in das Herzst\u00fcck Ihrer internen Systeme<\/p><p data-start=\"954\" data-end=\"1049\">\u00a0<\/p>\t\t\t\t\t\t\t\t<\/div>\n\t\t\t\t<\/div>\n\t\t\t\t<\/div>\n\t\t\t\t\t<\/div>\n\t\t\t\t<\/div>\n\t\t<div class=\"elementor-element elementor-element-009e4e2 e-flex e-con-boxed e-con e-parent\" data-id=\"009e4e2\" data-element_type=\"container\">\n\t\t\t\t\t<div class=\"e-con-inner\">\n\t\t<div class=\"elementor-element elementor-element-a88286d e-con-full e-flex elementor-invisible e-con e-child\" data-id=\"a88286d\" data-element_type=\"container\" data-settings=\"{&quot;animation&quot;:&quot;fadeInUp&quot;}\">\n\t\t\t\t<div class=\"elementor-element elementor-element-2086bf1 elementor-widget elementor-widget-heading\" data-id=\"2086bf1\" data-element_type=\"widget\" data-widget_type=\"heading.default\">\n\t\t\t\t\t<h2 class=\"elementor-heading-title elementor-size-default\">Sind Sie bereit, Ihre regulatorische Intelligenz zu verbessern?<\/h2>\t\t\t\t<\/div>\n\t\t\t\t<div class=\"elementor-element elementor-element-7787b9f elementor-widget elementor-widget-text-editor\" data-id=\"7787b9f\" data-element_type=\"widget\" data-widget_type=\"text-editor.default\">\n\t\t\t\t\t\t\t\t\t<p>Unser Team zeigt Ihnen, wie LEX AI Ihre \u00dcberwachung, Arbeitsabl\u00e4ufe und Compliance-Abl\u00e4ufe ver\u00e4ndern kann.<\/p>\t\t\t\t\t\t\t\t<\/div>\n\t\t<div class=\"elementor-element elementor-element-e437a16 e-con-full e-flex e-con e-child\" data-id=\"e437a16\" data-element_type=\"container\">\n\t\t\t\t<div class=\"elementor-element elementor-element-2138b36 uiverse-btn elementor-widget elementor-widget-button\" data-id=\"2138b36\" data-element_type=\"widget\" data-widget_type=\"button.default\">\n\t\t\t\t\t\t\t\t\t\t<a class=\"elementor-button elementor-button-link elementor-size-sm\" href=\"https:\/\/lexai.co\/de\/use-cases\/\">\n\t\t\t\t\t\t<span class=\"elementor-button-content-wrapper\">\n\t\t\t\t\t\t\t\t\t<span class=\"elementor-button-text\">Entdecken Sie unsere Anwendungsf\u00e4lle<\/span>\n\t\t\t\t\t<\/span>\n\t\t\t\t\t<\/a>\n\t\t\t\t\t\t\t\t<\/div>\n\t\t\t\t<\/div>\n\t\t\t\t<\/div>\n\t\t\t\t\t<\/div>\n\t\t\t\t<\/div>\n\t\t\t\t<\/div>","protected":false},"excerpt":{"rendered":"<p>Cut the noise. Focus only on what matters. Stay ahead onto the global regulations with AI-powered monitoring, summaries, workflows, and enterprise-ready integrations. From monitoring to analysis to execution: one platform that masters global regulatory change. Discover the Features The 8 Core Capabilities of LEX AI Custom Regulatory Newsfeed AI filters that can\u00a0cut through information overload [&hellip;]<\/p>","protected":false},"author":3,"featured_media":0,"parent":0,"menu_order":0,"comment_status":"closed","ping_status":"closed","template":"","meta":{"two_page_speed":[],"footnotes":""},"class_list":["post-551","page","type-page","status-publish","hentry"],"_links":{"self":[{"href":"https:\/\/lexai.co\/de\/wp-json\/wp\/v2\/pages\/551","targetHints":{"allow":["GET"]}}],"collection":[{"href":"https:\/\/lexai.co\/de\/wp-json\/wp\/v2\/pages"}],"about":[{"href":"https:\/\/lexai.co\/de\/wp-json\/wp\/v2\/types\/page"}],"author":[{"embeddable":true,"href":"https:\/\/lexai.co\/de\/wp-json\/wp\/v2\/users\/3"}],"replies":[{"embeddable":true,"href":"https:\/\/lexai.co\/de\/wp-json\/wp\/v2\/comments?post=551"}],"version-history":[{"count":0,"href":"https:\/\/lexai.co\/de\/wp-json\/wp\/v2\/pages\/551\/revisions"}],"wp:attachment":[{"href":"https:\/\/lexai.co\/de\/wp-json\/wp\/v2\/media?parent=551"}],"curies":[{"name":"wp","href":"https:\/\/api.w.org\/{rel}","templated":true}]}}