{"id":551,"date":"2025-10-30T10:23:23","date_gmt":"2025-10-30T10:23:23","guid":{"rendered":"https:\/\/lexai.co\/?page_id=551"},"modified":"2026-02-04T14:30:43","modified_gmt":"2026-02-04T14:30:43","slug":"platform","status":"publish","type":"page","link":"https:\/\/lexai.co\/da\/platform\/","title":{"rendered":"Platform"},"content":{"rendered":"<div data-elementor-type=\"wp-page\" data-elementor-id=\"551\" class=\"elementor elementor-551\">\n\t\t\t\t<div class=\"elementor-element elementor-element-d341a5b e-flex e-con-boxed e-con e-parent\" data-id=\"d341a5b\" data-element_type=\"container\">\n\t\t\t\t\t<div class=\"e-con-inner\">\n\t\t<div class=\"elementor-element elementor-element-4b8ad4a e-con-full e-flex elementor-invisible e-con e-child\" data-id=\"4b8ad4a\" data-element_type=\"container\" data-settings=\"{&quot;animation&quot;:&quot;fadeInUp&quot;}\">\n\t\t\t\t<div class=\"elementor-element elementor-element-e60b38f elementor-invisible elementor-widget elementor-widget-heading\" data-id=\"e60b38f\" data-element_type=\"widget\" data-settings=\"{&quot;_animation&quot;:&quot;fadeInDown&quot;}\" data-widget_type=\"heading.default\">\n\t\t\t\t\t<h2 class=\"elementor-heading-title elementor-size-default\">Sk\u00e6r ned p\u00e5 st\u00f8jen. <\/h2>\t\t\t\t<\/div>\n\t\t\t\t<div class=\"elementor-element elementor-element-a3f0703 elementor-invisible elementor-widget elementor-widget-heading\" data-id=\"a3f0703\" data-element_type=\"widget\" data-settings=\"{&quot;_animation&quot;:&quot;fadeInUp&quot;,&quot;_animation_delay&quot;:500}\" data-widget_type=\"heading.default\">\n\t\t\t\t\t<h2 class=\"elementor-heading-title elementor-size-default\">Fokuser kun p\u00e5 det, der betyder noget.<\/h2>\t\t\t\t<\/div>\n\t\t\t\t<\/div>\n\t\t<div class=\"elementor-element elementor-element-2621f64 e-con-full e-flex elementor-invisible e-con e-child\" data-id=\"2621f64\" data-element_type=\"container\" data-settings=\"{&quot;animation&quot;:&quot;fadeInUp&quot;,&quot;animation_delay&quot;:1000}\">\n\t\t\t\t<div class=\"elementor-element elementor-element-c237732 elementor-widget elementor-widget-text-editor\" data-id=\"c237732\" data-element_type=\"widget\" data-widget_type=\"text-editor.default\">\n\t\t\t\t\t\t\t\t\t<p>Forts\u00e6t ind p\u00e5 vejen <strong>globale regler<\/strong> med AI-drevet overv\u00e5gning, opsummeringer, arbejdsgange og <strong>Virksomhedsklare integrationer<\/strong>.<\/p><p>Fra overv\u00e5gning til analyse til udf\u00f8relse: en platform, der mestrer <strong>globale \u00e6ndringer i lovgivningen<\/strong>.<\/p>\t\t\t\t\t\t\t\t<\/div>\n\t\t<div class=\"elementor-element elementor-element-075dd85 e-con-full e-flex e-con e-child\" data-id=\"075dd85\" data-element_type=\"container\">\n\t\t\t\t<div class=\"elementor-element elementor-element-f1b9fa6 uiverse-btn elementor-widget elementor-widget-button\" data-id=\"f1b9fa6\" data-element_type=\"widget\" data-widget_type=\"button.default\">\n\t\t\t\t\t\t\t\t\t\t<a class=\"elementor-button elementor-button-link elementor-size-sm\" href=\"#section-next\">\n\t\t\t\t\t\t<span class=\"elementor-button-content-wrapper\">\n\t\t\t\t\t\t\t\t\t<span class=\"elementor-button-text\">Opdag funktionerne<\/span>\n\t\t\t\t\t<\/span>\n\t\t\t\t\t<\/a>\n\t\t\t\t\t\t\t\t<\/div>\n\t\t\t\t<\/div>\n\t\t\t\t<\/div>\n\t\t\t\t\t<\/div>\n\t\t\t\t<\/div>\n\t\t<div class=\"elementor-element elementor-element-54c101c e-flex e-con-boxed e-con e-parent\" data-id=\"54c101c\" data-element_type=\"container\">\n\t\t\t\t\t<div class=\"e-con-inner\">\n\t\t\t\t<div class=\"elementor-element elementor-element-66dc677 elementor-widget elementor-widget-html\" data-id=\"66dc677\" data-element_type=\"widget\" data-widget_type=\"html.default\">\n\t\t\t\t\t<div id=\"section-next\" class=\"section-next-wrapper\">\r\n    <!-- Content goes here -->\r\n<\/div>\r\n\t\t\t\t<\/div>\n\t\t\t\t\t<\/div>\n\t\t\t\t<\/div>\n\t\t<div class=\"elementor-element elementor-element-08f2dba e-flex e-con-boxed e-con e-parent\" data-id=\"08f2dba\" data-element_type=\"container\">\n\t\t\t\t\t<div class=\"e-con-inner\">\n\t\t<div class=\"elementor-element elementor-element-ec0af8c e-con-full e-flex elementor-invisible e-con e-child\" data-id=\"ec0af8c\" data-element_type=\"container\" data-settings=\"{&quot;animation&quot;:&quot;fadeInDown&quot;}\">\n\t\t\t\t<div class=\"elementor-element elementor-element-06db501 elementor-widget elementor-widget-heading\" data-id=\"06db501\" data-element_type=\"widget\" data-widget_type=\"heading.default\">\n\t\t\t\t\t<h2 class=\"elementor-heading-title elementor-size-default\">De 8 kernekompetencer<\/h2>\t\t\t\t<\/div>\n\t\t\t\t<div class=\"elementor-element elementor-element-5fdf256 elementor-widget elementor-widget-heading\" data-id=\"5fdf256\" data-element_type=\"widget\" data-widget_type=\"heading.default\">\n\t\t\t\t\t<h2 class=\"elementor-heading-title elementor-size-default\">af LEX AI<\/h2>\t\t\t\t<\/div>\n\t\t\t\t<\/div>\n\t\t<div class=\"elementor-element elementor-element-d7ab2c3 e-grid e-con-full elementor-invisible e-con e-child\" data-id=\"d7ab2c3\" data-element_type=\"container\" data-settings=\"{&quot;animation&quot;:&quot;slideInUp&quot;,&quot;animation_delay&quot;:200}\">\n\t\t<div class=\"elementor-element elementor-element-b8b176e e-con-full e-flex e-con e-child\" data-id=\"b8b176e\" data-element_type=\"container\" data-settings=\"{&quot;motion_fx_motion_fx_mouse&quot;:&quot;yes&quot;,&quot;motion_fx_tilt_effect&quot;:&quot;yes&quot;,&quot;motion_fx_tilt_speed&quot;:{&quot;unit&quot;:&quot;px&quot;,&quot;size&quot;:0.20000000000000001,&quot;sizes&quot;:[]}}\">\n\t\t\t\t<div class=\"elementor-element elementor-element-fcc5292 elementor-widget elementor-widget-heading\" data-id=\"fcc5292\" data-element_type=\"widget\" data-widget_type=\"heading.default\">\n\t\t\t\t\t<h2 class=\"elementor-heading-title elementor-size-default\">Brugerdefineret regulatorisk nyhedsfeed<\/h2>\t\t\t\t<\/div>\n\t\t\t\t<div class=\"elementor-element elementor-element-be5477f elementor-widget elementor-widget-text-editor\" data-id=\"be5477f\" data-element_type=\"widget\" data-widget_type=\"text-editor.default\">\n\t\t\t\t\t\t\t\t\t<p>AI-filtre, der kan\u00a0<strong>Sk\u00e6r igennem informationsoverbelastning<\/strong> og som kun viser det, der betyder mest.<\/p>\t\t\t\t\t\t\t\t<\/div>\n\t\t\t\t<\/div>\n\t\t<div class=\"elementor-element elementor-element-4a52521 e-con-full e-flex e-con e-child\" data-id=\"4a52521\" data-element_type=\"container\" data-settings=\"{&quot;motion_fx_motion_fx_mouse&quot;:&quot;yes&quot;,&quot;motion_fx_tilt_effect&quot;:&quot;yes&quot;,&quot;motion_fx_tilt_speed&quot;:{&quot;unit&quot;:&quot;px&quot;,&quot;size&quot;:0.20000000000000001,&quot;sizes&quot;:[]}}\">\n\t\t\t\t<div class=\"elementor-element elementor-element-6f0c8f3 elementor-widget elementor-widget-heading\" data-id=\"6f0c8f3\" data-element_type=\"widget\" data-widget_type=\"heading.default\">\n\t\t\t\t\t<h2 class=\"elementor-heading-title elementor-size-default\">LEX AI morgenbriefing<\/h2>\t\t\t\t<\/div>\n\t\t\t\t<div class=\"elementor-element elementor-element-cadb47d elementor-widget elementor-widget-text-editor\" data-id=\"cadb47d\" data-element_type=\"widget\" data-widget_type=\"text-editor.default\">\n\t\t\t\t\t\t\t\t\t<p>Automatiserede daglige briefinger, der kan<strong> Hold ledere informeret<\/strong> med kortfattede, relevante opdateringer.<\/p>\t\t\t\t\t\t\t\t<\/div>\n\t\t\t\t<\/div>\n\t\t<div class=\"elementor-element elementor-element-8b90e65 e-con-full e-flex e-con e-child\" data-id=\"8b90e65\" data-element_type=\"container\" data-settings=\"{&quot;motion_fx_motion_fx_mouse&quot;:&quot;yes&quot;,&quot;motion_fx_tilt_effect&quot;:&quot;yes&quot;,&quot;motion_fx_tilt_speed&quot;:{&quot;unit&quot;:&quot;px&quot;,&quot;size&quot;:0.20000000000000001,&quot;sizes&quot;:[]}}\">\n\t\t\t\t<div class=\"elementor-element elementor-element-229268c elementor-widget elementor-widget-heading\" data-id=\"229268c\" data-element_type=\"widget\" data-widget_type=\"heading.default\">\n\t\t\t\t\t<h2 class=\"elementor-heading-title elementor-size-default\">Videnscenter<\/h2>\t\t\t\t<\/div>\n\t\t\t\t<div class=\"elementor-element elementor-element-a568061 elementor-widget elementor-widget-text-editor\" data-id=\"a568061\" data-element_type=\"widget\" data-widget_type=\"text-editor.default\">\n\t\t\t\t\t\t\t\t\t<p>Det centraliserer og <strong>deler oplysninger om lovgivningen<\/strong> p\u00e5 tv\u00e6rs af hele din organisation.<\/p>\t\t\t\t\t\t\t\t<\/div>\n\t\t\t\t<\/div>\n\t\t<div class=\"elementor-element elementor-element-e2261ac e-con-full e-flex e-con e-child\" data-id=\"e2261ac\" data-element_type=\"container\" data-settings=\"{&quot;motion_fx_motion_fx_mouse&quot;:&quot;yes&quot;,&quot;motion_fx_tilt_effect&quot;:&quot;yes&quot;,&quot;motion_fx_tilt_speed&quot;:{&quot;unit&quot;:&quot;px&quot;,&quot;size&quot;:0.20000000000000001,&quot;sizes&quot;:[]}}\">\n\t\t\t\t<div class=\"elementor-element elementor-element-37af44e elementor-widget elementor-widget-heading\" data-id=\"37af44e\" data-element_type=\"widget\" data-widget_type=\"heading.default\">\n\t\t\t\t\t<h2 class=\"elementor-heading-title elementor-size-default\">Juridisk radar<\/h2>\t\t\t\t<\/div>\n\t\t\t\t<div class=\"elementor-element elementor-element-bda268d elementor-widget elementor-widget-text-editor\" data-id=\"bda268d\" data-element_type=\"widget\" data-widget_type=\"text-editor.default\">\n\t\t\t\t\t\t\t\t\t<p>Overv\u00e5ger regler i forslagsfasen for at <strong>give tidlige advarsler om kommende risici<\/strong>.<\/p>\t\t\t\t\t\t\t\t<\/div>\n\t\t\t\t<\/div>\n\t\t<div class=\"elementor-element elementor-element-4d15458 e-con-full e-flex e-con e-child\" data-id=\"4d15458\" data-element_type=\"container\" data-settings=\"{&quot;motion_fx_motion_fx_mouse&quot;:&quot;yes&quot;,&quot;motion_fx_tilt_effect&quot;:&quot;yes&quot;,&quot;motion_fx_tilt_speed&quot;:{&quot;unit&quot;:&quot;px&quot;,&quot;size&quot;:0.20000000000000001,&quot;sizes&quot;:[]}}\">\n\t\t\t\t<div class=\"elementor-element elementor-element-a0a548a elementor-widget elementor-widget-heading\" data-id=\"a0a548a\" data-element_type=\"widget\" data-widget_type=\"heading.default\">\n\t\t\t\t\t<h2 class=\"elementor-heading-title elementor-size-default\">AI-drevne sammenfatninger<\/h2>\t\t\t\t<\/div>\n\t\t\t\t<div class=\"elementor-element elementor-element-d8c3146 elementor-widget elementor-widget-text-editor\" data-id=\"d8c3146\" data-element_type=\"widget\" data-widget_type=\"text-editor.default\">\n\t\t\t\t\t\t\t\t\t<p>Omdanne komplekse juridiske tekster til <strong>klar og pr\u00e6cis<\/strong> beskrivelser.<\/p>\t\t\t\t\t\t\t\t<\/div>\n\t\t\t\t<\/div>\n\t\t<div class=\"elementor-element elementor-element-a04443b e-con-full e-flex e-con e-child\" data-id=\"a04443b\" data-element_type=\"container\" data-settings=\"{&quot;motion_fx_motion_fx_mouse&quot;:&quot;yes&quot;,&quot;motion_fx_tilt_effect&quot;:&quot;yes&quot;,&quot;motion_fx_tilt_speed&quot;:{&quot;unit&quot;:&quot;px&quot;,&quot;size&quot;:0.20000000000000001,&quot;sizes&quot;:[]}}\">\n\t\t\t\t<div class=\"elementor-element elementor-element-de7a034 elementor-widget elementor-widget-heading\" data-id=\"de7a034\" data-element_type=\"widget\" data-widget_type=\"heading.default\">\n\t\t\t\t\t<h2 class=\"elementor-heading-title elementor-size-default\">LEXIA Chatbot\n<\/h2>\t\t\t\t<\/div>\n\t\t\t\t<div class=\"elementor-element elementor-element-c22cc17 elementor-widget elementor-widget-text-editor\" data-id=\"c22cc17\" data-element_type=\"widget\" data-widget_type=\"text-editor.default\">\n\t\t\t\t\t\t\t\t\t<p data-start=\"749\" data-end=\"847\">Det giver \u00f8jeblikkelige svar p\u00e5 lovgivningen og <strong>Flersprogede forklaringer<\/strong> p\u00e5 foresp\u00f8rgsel.<\/p><p data-start=\"849\" data-end=\"952\">\u00a0<\/p>\t\t\t\t\t\t\t\t<\/div>\n\t\t\t\t<\/div>\n\t\t<div class=\"elementor-element elementor-element-f27f89d e-con-full e-flex e-con e-child\" data-id=\"f27f89d\" data-element_type=\"container\" data-settings=\"{&quot;motion_fx_motion_fx_mouse&quot;:&quot;yes&quot;,&quot;motion_fx_tilt_effect&quot;:&quot;yes&quot;,&quot;motion_fx_tilt_speed&quot;:{&quot;unit&quot;:&quot;px&quot;,&quot;size&quot;:0.20000000000000001,&quot;sizes&quot;:[]}}\">\n\t\t\t\t<div class=\"elementor-element elementor-element-7292b68 elementor-widget elementor-widget-heading\" data-id=\"7292b68\" data-element_type=\"widget\" data-widget_type=\"heading.default\">\n\t\t\t\t\t<h2 class=\"elementor-heading-title elementor-size-default\">AI juridisk register\n<\/h2>\t\t\t\t<\/div>\n\t\t\t\t<div class=\"elementor-element elementor-element-eb4fc6d elementor-widget elementor-widget-text-editor\" data-id=\"eb4fc6d\" data-element_type=\"widget\" data-widget_type=\"text-editor.default\">\n\t\t\t\t\t\t\t\t\t<p data-start=\"849\" data-end=\"952\">Opretholder en <strong>live compliance-register<\/strong> med klart ejerskab og ansvar.<\/p><p data-start=\"954\" data-end=\"1049\">\u00a0<\/p>\t\t\t\t\t\t\t\t<\/div>\n\t\t\t\t<\/div>\n\t\t<div class=\"elementor-element elementor-element-8eab3a2 e-con-full e-flex e-con e-child\" data-id=\"8eab3a2\" data-element_type=\"container\" data-settings=\"{&quot;motion_fx_motion_fx_mouse&quot;:&quot;yes&quot;,&quot;motion_fx_tilt_effect&quot;:&quot;yes&quot;,&quot;motion_fx_tilt_speed&quot;:{&quot;unit&quot;:&quot;px&quot;,&quot;size&quot;:0.20000000000000001,&quot;sizes&quot;:[]}}\">\n\t\t\t\t<div class=\"elementor-element elementor-element-776c976 elementor-widget elementor-widget-heading\" data-id=\"776c976\" data-element_type=\"widget\" data-widget_type=\"heading.default\">\n\t\t\t\t\t<h2 class=\"elementor-heading-title elementor-size-default\">API-integration<\/h2>\t\t\t\t<\/div>\n\t\t\t\t<div class=\"elementor-element elementor-element-ffe3e84 elementor-widget elementor-widget-text-editor\" data-id=\"ffe3e84\" data-element_type=\"widget\" data-widget_type=\"text-editor.default\">\n\t\t\t\t\t\t\t\t\t<p data-start=\"954\" data-end=\"1049\">Tag med <strong>Regulatorisk intelligens<\/strong> direkte ind i hjertet af dine interne systemer<\/p><p data-start=\"954\" data-end=\"1049\">\u00a0<\/p>\t\t\t\t\t\t\t\t<\/div>\n\t\t\t\t<\/div>\n\t\t\t\t<\/div>\n\t\t\t\t\t<\/div>\n\t\t\t\t<\/div>\n\t\t<div class=\"elementor-element elementor-element-009e4e2 e-flex e-con-boxed e-con e-parent\" data-id=\"009e4e2\" data-element_type=\"container\">\n\t\t\t\t\t<div class=\"e-con-inner\">\n\t\t<div class=\"elementor-element elementor-element-a88286d e-con-full e-flex elementor-invisible e-con e-child\" data-id=\"a88286d\" data-element_type=\"container\" data-settings=\"{&quot;animation&quot;:&quot;fadeInUp&quot;}\">\n\t\t\t\t<div class=\"elementor-element elementor-element-2086bf1 elementor-widget elementor-widget-heading\" data-id=\"2086bf1\" data-element_type=\"widget\" data-widget_type=\"heading.default\">\n\t\t\t\t\t<h2 class=\"elementor-heading-title elementor-size-default\">Er du klar til at l\u00f8fte din regulatoriske intelligens?<\/h2>\t\t\t\t<\/div>\n\t\t\t\t<div class=\"elementor-element elementor-element-7787b9f elementor-widget elementor-widget-text-editor\" data-id=\"7787b9f\" data-element_type=\"widget\" data-widget_type=\"text-editor.default\">\n\t\t\t\t\t\t\t\t\t<p>Vores team vil guide dig igennem, hvordan LEX AI kan \u00e6ndre din overv\u00e5gning, dine arbejdsgange og dine compliance-aktiviteter.<\/p>\t\t\t\t\t\t\t\t<\/div>\n\t\t<div class=\"elementor-element elementor-element-e437a16 e-con-full e-flex e-con e-child\" data-id=\"e437a16\" data-element_type=\"container\">\n\t\t\t\t<div class=\"elementor-element elementor-element-2138b36 uiverse-btn elementor-widget elementor-widget-button\" data-id=\"2138b36\" data-element_type=\"widget\" data-widget_type=\"button.default\">\n\t\t\t\t\t\t\t\t\t\t<a class=\"elementor-button elementor-button-link elementor-size-sm\" href=\"https:\/\/lexai.co\/da\/use-cases\/\">\n\t\t\t\t\t\t<span class=\"elementor-button-content-wrapper\">\n\t\t\t\t\t\t\t\t\t<span class=\"elementor-button-text\">Udforsk vores use cases<\/span>\n\t\t\t\t\t<\/span>\n\t\t\t\t\t<\/a>\n\t\t\t\t\t\t\t\t<\/div>\n\t\t\t\t<\/div>\n\t\t\t\t<\/div>\n\t\t\t\t\t<\/div>\n\t\t\t\t<\/div>\n\t\t\t\t<\/div>","protected":false},"excerpt":{"rendered":"<p>Cut the noise. Focus only on what matters. Stay ahead onto the global regulations with AI-powered monitoring, summaries, workflows, and enterprise-ready integrations. From monitoring to analysis to execution: one platform that masters global regulatory change. Discover the Features The 8 Core Capabilities of LEX AI Custom Regulatory Newsfeed AI filters that can\u00a0cut through information overload [&hellip;]<\/p>","protected":false},"author":3,"featured_media":0,"parent":0,"menu_order":0,"comment_status":"closed","ping_status":"closed","template":"","meta":{"two_page_speed":[],"footnotes":""},"class_list":["post-551","page","type-page","status-publish","hentry"],"_links":{"self":[{"href":"https:\/\/lexai.co\/da\/wp-json\/wp\/v2\/pages\/551","targetHints":{"allow":["GET"]}}],"collection":[{"href":"https:\/\/lexai.co\/da\/wp-json\/wp\/v2\/pages"}],"about":[{"href":"https:\/\/lexai.co\/da\/wp-json\/wp\/v2\/types\/page"}],"author":[{"embeddable":true,"href":"https:\/\/lexai.co\/da\/wp-json\/wp\/v2\/users\/3"}],"replies":[{"embeddable":true,"href":"https:\/\/lexai.co\/da\/wp-json\/wp\/v2\/comments?post=551"}],"version-history":[{"count":0,"href":"https:\/\/lexai.co\/da\/wp-json\/wp\/v2\/pages\/551\/revisions"}],"wp:attachment":[{"href":"https:\/\/lexai.co\/da\/wp-json\/wp\/v2\/media?parent=551"}],"curies":[{"name":"wp","href":"https:\/\/api.w.org\/{rel}","templated":true}]}}