{"id":1429,"date":"2025-11-06T13:37:31","date_gmt":"2025-11-06T13:37:31","guid":{"rendered":"https:\/\/lexai.co\/?page_id=1429"},"modified":"2026-01-22T09:33:16","modified_gmt":"2026-01-22T09:33:16","slug":"about","status":"publish","type":"page","link":"https:\/\/lexai.co\/da\/about\/","title":{"rendered":"Omkring"},"content":{"rendered":"<div data-elementor-type=\"wp-page\" data-elementor-id=\"1429\" class=\"elementor elementor-1429\">\n\t\t\t\t<div class=\"elementor-element elementor-element-8d19fd7 e-flex e-con-boxed e-con e-parent\" data-id=\"8d19fd7\" data-element_type=\"container\">\n\t\t\t\t\t<div class=\"e-con-inner\">\n\t\t<div class=\"elementor-element elementor-element-eb32c16 e-con-full animated-slow e-flex elementor-invisible e-con e-child\" data-id=\"eb32c16\" data-element_type=\"container\" data-settings=\"{&quot;animation&quot;:&quot;fadeIn&quot;,&quot;animation_mobile&quot;:&quot;fadeIn&quot;}\">\n\t\t\t\t<div class=\"elementor-element elementor-element-cfc825d elementor-widget elementor-widget-heading\" data-id=\"cfc825d\" data-element_type=\"widget\" data-widget_type=\"heading.default\">\n\t\t\t\t\t<h2 class=\"elementor-heading-title elementor-size-default\">Se morgendagens forordninger <\/h2>\t\t\t\t<\/div>\n\t\t\t\t<div class=\"elementor-element elementor-element-e6599f0 elementor-widget elementor-widget-heading\" data-id=\"e6599f0\" data-element_type=\"widget\" data-widget_type=\"heading.default\">\n\t\t\t\t\t<h1 class=\"elementor-heading-title elementor-size-default\">I dag<\/h1>\t\t\t\t<\/div>\n\t\t\t\t<div class=\"elementor-element elementor-element-7ddb699 elementor-widget elementor-widget-text-editor\" data-id=\"7ddb699\" data-element_type=\"widget\" data-widget_type=\"text-editor.default\">\n\t\t\t\t\t\t\t\t\t<p class=\"v1MsoNormal\"><span lang=\"EN-US\">Regulatoriske landskaber udvikler sig hurtigere, end traditionelle compliance-metoder kan f\u00f8lge med. For organisationer, der opererer p\u00e5 tv\u00e6rs af flere jurisdiktioner, er det ikke l\u00e6ngere valgfrit at v\u00e6re p\u00e5 forkant med lov\u00e6ndringer - det er en strategisk n\u00f8dvendighed.<\/span><\/p>\n<p class=\"v1MsoNormal\"><span lang=\"EN-US\">LEXAI-Consulting fungerer som et verdensomsp\u00e6ndende kommercielt knudepunkt for LEX AI, den strategiske intelligensplatform, der leverer&nbsp;<b>12-18 m\u00e5neder<\/b>&nbsp;Forh\u00e5ndsbesked om \u00e6ndringer i lovgivningen. <\/span><\/p>\n<p class=\"v1MsoNormal\"><span lang=\"EN-US\">Gennem l\u00f8bende overv\u00e5gning af <b>700+ prim\u00e6re kilder<\/b>&nbsp;p\u00e5 tv\u00e6rs af&nbsp;<b>27 jurisdiktioner<\/b>, Vi forvandler kompleksiteten i lovgivningen til strategisk klarhed - og giver dig mulighed for at forudse forandringer i stedet for at reagere p\u00e5 dem.<\/span><\/p>\t\t\t\t\t\t\t\t<\/div>\n\t\t\t\t<div class=\"elementor-element elementor-element-f184742 elementor-view-default elementor-widget elementor-widget-icon\" data-id=\"f184742\" data-element_type=\"widget\" data-widget_type=\"icon.default\">\n\t\t\t\t\t\t\t<div class=\"elementor-icon-wrapper\">\n\t\t\t<a class=\"elementor-icon\" href=\"#section-3\">\n\t\t\t<svg aria-hidden=\"true\" class=\"e-font-icon-svg e-fas-chevron-circle-down\" viewbox=\"0 0 512 512\" xmlns=\"http:\/\/www.w3.org\/2000\/svg\"><path d=\"M504 256c0 137-111 248-248 248S8 393 8 256 119 8 256 8s248 111 248 248zM273 369.9l135.5-135.5c9.4-9.4 9.4-24.6 0-33.9l-17-17c-9.4-9.4-24.6-9.4-33.9 0L256 285.1 154.4 183.5c-9.4-9.4-24.6-9.4-33.9 0l-17 17c-9.4 9.4-9.4 24.6 0 33.9L239 369.9c9.4 9.4 24.6 9.4 34 0z\"><\/path><\/svg>\t\t\t<\/a>\n\t\t<\/div>\n\t\t\t\t\t\t<\/div>\n\t\t\t\t<\/div>\n\t\t<div class=\"elementor-element elementor-element-5edd10e e-con-full animated-slow e-flex elementor-invisible e-con e-child\" data-id=\"5edd10e\" data-element_type=\"container\" data-settings=\"{&quot;animation&quot;:&quot;fadeIn&quot;,&quot;animation_delay&quot;:500}\">\n\t\t\t\t<div class=\"elementor-element elementor-element-888b832 elementor-widget elementor-widget-image\" data-id=\"888b832\" data-element_type=\"widget\" data-widget_type=\"image.default\">\n\t\t\t\t\t\t\t\t\t\t\t\t\t\t\t<img fetchpriority=\"high\" decoding=\"async\" width=\"512\" height=\"512\" src=\"https:\/\/lexai.co\/wp-content\/uploads\/2025\/11\/Progetto-senza-titolo-44.png\" class=\"attachment-large size-large wp-image-1211\" alt=\"\" srcset=\"https:\/\/lexai.co\/wp-content\/uploads\/2025\/11\/Progetto-senza-titolo-44.png 512w, https:\/\/lexai.co\/wp-content\/uploads\/2025\/11\/Progetto-senza-titolo-44-300x300.png 300w, https:\/\/lexai.co\/wp-content\/uploads\/2025\/11\/Progetto-senza-titolo-44-150x150.png 150w\" sizes=\"(max-width: 512px) 100vw, 512px\" \/>\t\t\t\t\t\t\t\t\t\t\t\t\t\t\t<\/div>\n\t\t\t\t<\/div>\n\t\t\t\t\t<\/div>\n\t\t\t\t<\/div>\n\t\t<div class=\"elementor-element elementor-element-65fad95 e-flex e-con-boxed e-con e-parent\" data-id=\"65fad95\" data-element_type=\"container\" id=\"section-3\">\n\t\t\t\t\t<div class=\"e-con-inner\">\n\t\t<div class=\"elementor-element elementor-element-b10eb77 e-con-full animated-slow e-flex elementor-invisible e-con e-child\" data-id=\"b10eb77\" data-element_type=\"container\" data-settings=\"{&quot;animation&quot;:&quot;fadeIn&quot;,&quot;animation_mobile&quot;:&quot;fadeIn&quot;}\">\n\t\t<div class=\"elementor-element elementor-element-b19d3f5 e-con-full animated-slow e-flex elementor-invisible e-con e-child\" data-id=\"b19d3f5\" data-element_type=\"container\" id=\"#section-4\" data-settings=\"{&quot;animation&quot;:&quot;fadeIn&quot;,&quot;animation_mobile&quot;:&quot;fadeIn&quot;}\">\n\t\t\t\t<div class=\"elementor-element elementor-element-e932696 elementor-widget elementor-widget-heading\" data-id=\"e932696\" data-element_type=\"widget\" data-widget_type=\"heading.default\">\n\t\t\t\t\t<h1 class=\"elementor-heading-title elementor-size-default\">12-18 m\u00e5neder<\/h1>\t\t\t\t<\/div>\n\t\t\t\t<div class=\"elementor-element elementor-element-5813940 elementor-widget elementor-widget-heading\" data-id=\"5813940\" data-element_type=\"widget\" data-widget_type=\"heading.default\">\n\t\t\t\t\t<h2 class=\"elementor-heading-title elementor-size-default\">Forh\u00e5ndsbesked om \u00e6ndringer i lovgivningen<\/h2>\t\t\t\t<\/div>\n\t\t\t\t<div class=\"elementor-element elementor-element-b367280 elementor-widget elementor-widget-text-editor\" data-id=\"b367280\" data-element_type=\"widget\" data-widget_type=\"text-editor.default\">\n\t\t\t\t\t\t\t\t\t<p class=\"v1MsoNormal\"><span lang=\"EN-US\">Vi leverer 12-18 m\u00e5neders varsel om lov\u00e6ndringer p\u00e5 tv\u00e6rs af 27 jurisdiktioner - og forvandler juridiske og compliance-teams fra reaktive brandm\u00e6nd til strategiske r\u00e5dgivere.<\/span><\/p><p>\u00a0<\/p><p class=\"v1MsoNormal\"><span lang=\"EN-US\">Denne forudseenhed muligg\u00f8r proaktiv beslutningstagning, optimal markedstiming og evnen til at vende regulatoriske \u00e6ndringer til konkurrencem\u00e6ssige fordele. <\/span><\/p><p>\u00a0<\/p><p class=\"v1MsoNormal\"><span lang=\"EN-US\">Vores strategiske partnerskab med\u00a0<a href=\"https:\/\/www.deloitte.com\/de\" target=\"_blank\" rel=\"noopener noreferrer\">Deloitte<\/a>\u00a0kombinerer AI-drevet intelligens med dyb ekspertise inden for regulering og giver globale virksomheder og offentlige institutioner b\u00e5de innovation og institutionel tillid.<\/span><\/p>\t\t\t\t\t\t\t\t<\/div>\n\t\t<div class=\"elementor-element elementor-element-93dd3dc e-con-full e-flex e-con e-child\" data-id=\"93dd3dc\" data-element_type=\"container\">\n\t\t\t\t<div class=\"elementor-element elementor-element-4382fef uiverse-btn elementor-invisible elementor-widget elementor-widget-button\" data-id=\"4382fef\" data-element_type=\"widget\" data-settings=\"{&quot;_animation&quot;:&quot;fadeInUp&quot;,&quot;_animation_delay&quot;:500}\" data-widget_type=\"button.default\">\n\t\t\t\t\t\t\t\t\t\t<a class=\"elementor-button elementor-button-link elementor-size-sm\" href=\"https:\/\/lexai.co\/da\/roi-calculator\/\">\n\t\t\t\t\t\t<span class=\"elementor-button-content-wrapper\">\n\t\t\t\t\t\t\t\t\t<span class=\"elementor-button-text\">Beregn din ROI<\/span>\n\t\t\t\t\t<\/span>\n\t\t\t\t\t<\/a>\n\t\t\t\t\t\t\t\t<\/div>\n\t\t\t\t<\/div>\n\t\t\t\t<\/div>\n\t\t\t\t<\/div>\n\t\t<div class=\"elementor-element elementor-element-7eb0fad e-con-full animated-slow e-flex elementor-invisible e-con e-child\" data-id=\"7eb0fad\" data-element_type=\"container\" data-settings=\"{&quot;animation&quot;:&quot;fadeIn&quot;,&quot;animation_delay&quot;:500}\">\n\t\t\t\t<div class=\"elementor-element elementor-element-b3ea636 elementor-widget elementor-widget-image\" data-id=\"b3ea636\" data-element_type=\"widget\" data-widget_type=\"image.default\">\n\t\t\t\t\t\t\t\t\t\t\t\t\t\t\t<img decoding=\"async\" width=\"800\" height=\"555\" src=\"https:\/\/lexai.co\/wp-content\/uploads\/2026\/01\/LEXAI-Desktop-ABOUT.png\" class=\"attachment-large size-large wp-image-4149\" alt=\"\" srcset=\"https:\/\/lexai.co\/wp-content\/uploads\/2026\/01\/LEXAI-Desktop-ABOUT.png 865w, https:\/\/lexai.co\/wp-content\/uploads\/2026\/01\/LEXAI-Desktop-ABOUT-300x208.png 300w, https:\/\/lexai.co\/wp-content\/uploads\/2026\/01\/LEXAI-Desktop-ABOUT-768x533.png 768w, https:\/\/lexai.co\/wp-content\/uploads\/2026\/01\/LEXAI-Desktop-ABOUT-18x12.png 18w, https:\/\/lexai.co\/wp-content\/uploads\/2026\/01\/LEXAI-Desktop-ABOUT-600x416.png 600w\" sizes=\"(max-width: 800px) 100vw, 800px\" \/>\t\t\t\t\t\t\t\t\t\t\t\t\t\t\t<\/div>\n\t\t\t\t<\/div>\n\t\t\t\t\t<\/div>\n\t\t\t\t<\/div>\n\t\t<div class=\"elementor-element elementor-element-808631b e-flex e-con-boxed e-con e-parent\" data-id=\"808631b\" data-element_type=\"container\" id=\"section-4\" data-settings=\"{&quot;animation&quot;:&quot;none&quot;}\">\n\t\t\t\t\t<div class=\"e-con-inner\">\n\t\t<div class=\"elementor-element elementor-element-450e424 e-con-full e-flex e-con e-child\" data-id=\"450e424\" data-element_type=\"container\">\n\t\t\t\t<div class=\"elementor-element elementor-element-925156e animated-slow elementor-invisible elementor-widget elementor-widget-heading\" data-id=\"925156e\" data-element_type=\"widget\" data-settings=\"{&quot;_animation&quot;:&quot;fadeIn&quot;,&quot;_animation_delay&quot;:1000}\" data-widget_type=\"heading.default\">\n\t\t\t\t\t<h2 class=\"elementor-heading-title elementor-size-default\">Se i morgen.<\/h2>\t\t\t\t<\/div>\n\t\t\t\t<div class=\"elementor-element elementor-element-659e68b animated-slow elementor-invisible elementor-widget elementor-widget-heading\" data-id=\"659e68b\" data-element_type=\"widget\" data-settings=\"{&quot;_animation&quot;:&quot;fadeIn&quot;,&quot;_animation_delay&quot;:1500}\" data-widget_type=\"heading.default\">\n\t\t\t\t\t<h2 class=\"elementor-heading-title elementor-size-default\">Led det i dag.<\/h2>\t\t\t\t<\/div>\n\t\t\t\t<\/div>\n\t\t\t\t\t<\/div>\n\t\t\t\t<\/div>\n\t\t<div class=\"elementor-element elementor-element-2082974 e-flex e-con-boxed e-con e-parent\" data-id=\"2082974\" data-element_type=\"container\">\n\t\t\t\t\t<div class=\"e-con-inner\">\n\t\t<div class=\"elementor-element elementor-element-a66f716 e-con-full animated-slow e-flex elementor-invisible e-con e-child\" data-id=\"a66f716\" data-element_type=\"container\" data-settings=\"{&quot;animation&quot;:&quot;fadeIn&quot;,&quot;animation_mobile&quot;:&quot;fadeIn&quot;}\">\n\t\t\t\t<div class=\"elementor-element elementor-element-623937c elementor-widget elementor-widget-heading\" data-id=\"623937c\" data-element_type=\"widget\" data-widget_type=\"heading.default\">\n\t\t\t\t\t<h1 class=\"elementor-heading-title elementor-size-default\">Omdefinering af compliance<\/h1>\t\t\t\t<\/div>\n\t\t\t\t<div class=\"elementor-element elementor-element-38269bf elementor-widget elementor-widget-heading\" data-id=\"38269bf\" data-element_type=\"widget\" data-widget_type=\"heading.default\">\n\t\t\t\t\t<h2 class=\"elementor-heading-title elementor-size-default\">Gennem AI og global ekspertise\n<\/h2>\t\t\t\t<\/div>\n\t\t\t\t<div class=\"elementor-element elementor-element-87c7b3b elementor-widget elementor-widget-text-editor\" data-id=\"87c7b3b\" data-element_type=\"widget\" data-widget_type=\"text-editor.default\">\n\t\t\t\t\t\t\t\t\t<p><b>Vores partnerskab med Deloitte<\/b><span style=\"font-weight: 400;\"> er et modigt skridt i retning af at omdefinere compliance til den digitale tidsalder. Sammen forener vi Deloittes globale lederskab inden for revision og risikostyring med LEX AI's banebrydende kunstige intelligens for at levere l\u00f8sninger, der g\u00e5r ud over compliance - de skaber konkurrencem\u00e6ssige fordele.<\/span><\/p><p><span style=\"font-weight: 400;\">Hver dag scanner vores AI-platform over 700 internationale kilder for at forudse lov\u00e6ndringer, f\u00f8r de p\u00e5virker din virksomhed. Denne proaktive tilgang giver virksomheder mulighed for at v\u00e6re p\u00e5 forkant, reducere risici og frig\u00f8re effektivitet i stor skala.<\/span><\/p><p><span style=\"font-weight: 400;\">Ved at udvikle automatiserede, reviderbare arbejdsgange sammen med Deloitte s\u00e6tter vi en ny standard for gennemsigtighed og tillid. Hvad er resultatet? Compliance-processer, der ikke kun er sikre og b\u00e6redygtige, men som ogs\u00e5 fremskynder v\u00e6kst og innovation for verdens mest ambiti\u00f8se virksomheder.<\/span><\/p>\t\t\t\t\t\t\t\t<\/div>\n\t\t\t\t<\/div>\n\t\t<div class=\"elementor-element elementor-element-c207237 e-con-full animated-slow e-flex elementor-invisible e-con e-child\" data-id=\"c207237\" data-element_type=\"container\" data-settings=\"{&quot;animation&quot;:&quot;fadeIn&quot;,&quot;animation_delay&quot;:500}\">\n\t\t\t\t<div class=\"elementor-element elementor-element-54eb26d elementor-widget elementor-widget-image\" data-id=\"54eb26d\" data-element_type=\"widget\" data-widget_type=\"image.default\">\n\t\t\t\t\t\t\t\t\t\t\t\t\t\t\t<img decoding=\"async\" width=\"800\" height=\"260\" src=\"https:\/\/lexai.co\/wp-content\/uploads\/2025\/10\/deloitte-logo-png-transparent-e1762356681668-1024x333.webp\" class=\"attachment-large size-large wp-image-431\" alt=\"\" srcset=\"https:\/\/lexai.co\/wp-content\/uploads\/2025\/10\/deloitte-logo-png-transparent-e1762356681668-1024x333.webp 1024w, https:\/\/lexai.co\/wp-content\/uploads\/2025\/10\/deloitte-logo-png-transparent-e1762356681668-300x98.webp 300w, https:\/\/lexai.co\/wp-content\/uploads\/2025\/10\/deloitte-logo-png-transparent-e1762356681668-768x250.webp 768w, https:\/\/lexai.co\/wp-content\/uploads\/2025\/10\/deloitte-logo-png-transparent-e1762356681668-1536x499.webp 1536w, https:\/\/lexai.co\/wp-content\/uploads\/2025\/10\/deloitte-logo-png-transparent-e1762356681668-600x195.webp 600w, https:\/\/lexai.co\/wp-content\/uploads\/2025\/10\/deloitte-logo-png-transparent-e1762356681668.webp 1920w\" sizes=\"(max-width: 800px) 100vw, 800px\" \/>\t\t\t\t\t\t\t\t\t\t\t\t\t\t\t<\/div>\n\t\t\t\t<\/div>\n\t\t\t\t\t<\/div>\n\t\t\t\t<\/div>\n\t\t<div class=\"elementor-element elementor-element-f7a2113 e-flex e-con-boxed e-con e-parent\" data-id=\"f7a2113\" data-element_type=\"container\">\n\t\t\t\t\t<div class=\"e-con-inner\">\n\t\t<div class=\"elementor-element elementor-element-7003700 e-con-full animated-slow e-flex elementor-invisible e-con e-child\" data-id=\"7003700\" data-element_type=\"container\" data-settings=\"{&quot;animation&quot;:&quot;fadeInUp&quot;,&quot;animation_delay&quot;:1500}\">\n\t\t\t\t<div class=\"elementor-element elementor-element-aaf60e5 elementor-widget elementor-widget-heading\" data-id=\"aaf60e5\" data-element_type=\"widget\" data-widget_type=\"heading.default\">\n\t\t\t\t\t<h2 class=\"elementor-heading-title elementor-size-default\">Er du klar til at transformere dine juridiske aktiviteter?<\/h2>\t\t\t\t<\/div>\n\t\t\t\t<div class=\"elementor-element elementor-element-813c2eb elementor-widget elementor-widget-text-editor\" data-id=\"813c2eb\" data-element_type=\"widget\" data-widget_type=\"text-editor.default\">\n\t\t\t\t\t\t\t\t\t<p>Slut dig til Fortune 500-virksomheder og offentlige myndigheder, der bruger LEX AI til at v\u00e6re p\u00e5 forkant med lov\u00e6ndringer<\/p>\t\t\t\t\t\t\t\t<\/div>\n\t\t<div class=\"elementor-element elementor-element-d1ff2bf e-con-full e-flex e-con e-child\" data-id=\"d1ff2bf\" data-element_type=\"container\">\n\t\t\t\t<div class=\"elementor-element elementor-element-1197ee8 uiverse-btn elementor-invisible elementor-widget elementor-widget-button\" data-id=\"1197ee8\" data-element_type=\"widget\" data-settings=\"{&quot;_animation&quot;:&quot;fadeInUp&quot;,&quot;_animation_delay&quot;:500}\" data-widget_type=\"button.default\">\n\t\t\t\t\t\t\t\t\t\t<a class=\"elementor-button elementor-button-link elementor-size-sm\" href=\"https:\/\/lexai.co\/da\/contact\/\">\n\t\t\t\t\t\t<span class=\"elementor-button-content-wrapper\">\n\t\t\t\t\t\t\t\t\t<span class=\"elementor-button-text\">Kom i kontakt med os<\/span>\n\t\t\t\t\t<\/span>\n\t\t\t\t\t<\/a>\n\t\t\t\t\t\t\t\t<\/div>\n\t\t\t\t<\/div>\n\t\t\t\t<\/div>\n\t\t\t\t\t<\/div>\n\t\t\t\t<\/div>\n\t\t\t\t<\/div>","protected":false},"excerpt":{"rendered":"<p>See Tomorrow&#8217;s Regulations Today Regulatory landscapes evolve faster than traditional compliance methods can track. For organizations operating across multiple jurisdictions, staying ahead of regulatory change is no longer optional &#8211; it&#8217;s a strategic imperative. LEXAI-Consulting serves as a worldwide commercial hub for LEX AI, the strategic intelligence platform that delivers&nbsp;12-18 months&nbsp;advance notice of regulatory changes. [&hellip;]<\/p>","protected":false},"author":3,"featured_media":0,"parent":0,"menu_order":0,"comment_status":"closed","ping_status":"closed","template":"","meta":{"two_page_speed":[],"footnotes":""},"class_list":["post-1429","page","type-page","status-publish","hentry"],"_links":{"self":[{"href":"https:\/\/lexai.co\/da\/wp-json\/wp\/v2\/pages\/1429","targetHints":{"allow":["GET"]}}],"collection":[{"href":"https:\/\/lexai.co\/da\/wp-json\/wp\/v2\/pages"}],"about":[{"href":"https:\/\/lexai.co\/da\/wp-json\/wp\/v2\/types\/page"}],"author":[{"embeddable":true,"href":"https:\/\/lexai.co\/da\/wp-json\/wp\/v2\/users\/3"}],"replies":[{"embeddable":true,"href":"https:\/\/lexai.co\/da\/wp-json\/wp\/v2\/comments?post=1429"}],"version-history":[{"count":0,"href":"https:\/\/lexai.co\/da\/wp-json\/wp\/v2\/pages\/1429\/revisions"}],"wp:attachment":[{"href":"https:\/\/lexai.co\/da\/wp-json\/wp\/v2\/media?parent=1429"}],"curies":[{"name":"wp","href":"https:\/\/api.w.org\/{rel}","templated":true}]}}